{"id":2569,"date":"2017-01-22T17:37:06","date_gmt":"2017-01-22T16:37:06","guid":{"rendered":"https:\/\/www.suncamping.com\/markets-ardeche\/"},"modified":"2023-03-24T15:02:28","modified_gmt":"2023-03-24T14:02:28","slug":"markets-ardeche","status":"publish","type":"page","link":"https:\/\/www.suncamping.com\/nl\/markets-ardeche\/","title":{"rendered":"Markten in de Ard\u00e8che"},"content":{"rendered":"<h1>Markten in de Ard\u00e8che<\/h1>\n<p><img fetchpriority=\"high\" decoding=\"async\" class=\"alignleft size-medium wp-image-297\" src=\"https:\/\/www.suncamping.com\/wp-content\/uploads\/2017\/01\/marches-d-ardeche-279x300.jpg\" alt=\"\" width=\"279\" height=\"300\" srcset=\"https:\/\/www.suncamping.com\/wp-content\/uploads\/2017\/01\/marches-d-ardeche-279x300.jpg 279w, https:\/\/www.suncamping.com\/wp-content\/uploads\/2017\/01\/marches-d-ardeche.jpg 382w\" sizes=\"(max-width: 279px) 100vw, 279px\" \/><\/p>\n<p>Ontdek tijdens uw verblijf in de Ard\u00e8che de lokale producten tijdens een wandeling tussen de marktkraampjes rond&nbsp; &nbsp;<a href=\"\/\">camping Le Sun in Sampzon<\/a>.<br \/>\n<a href=\"https:\/\/www.suncamping.com\/wp-content\/uploads\/2017\/01\/joursdemarcheen-ardeche.pdf\">wandelhagen in de Ard\u00e8che<\/a><\/p>\n<table style=\"width: 100%; height: 1670px;\" width=\"574\">\n<tbody>\n<tr style=\"height: 142px;\">\n<td style=\"height: 142px; width: 31.6666%;\" width=\"113\">DAGEN<\/td>\n<td style=\"height: 142px; width: 30.5953%;\" width=\"248\">PLAATSEN<\/td>\n<td style=\"height: 142px; width: 36.5476%;\" width=\"213\">AVOND<\/p>\n<p>(Juli en augustus)<\/td>\n<\/tr>\n<tr style=\"height: 192px;\">\n<td style=\"height: 192px; width: 31.6666%;\" width=\"113\">MAANDAG<\/td>\n<td style=\"height: 192px; width: 30.5953%;\" width=\"248\"><strong>. Rozi\u00e8res<\/strong><\/p>\n<p><strong>. Saint Alban Auriolles <\/strong><strong>(juli \u2013augustus)<\/strong><\/p>\n<p><strong>. Vog\u00fce &nbsp;<\/strong><strong>(juli-augustus)<\/strong><\/td>\n<td style=\"height: 192px; width: 36.5476%;\" width=\"213\"><strong>. Barjac<\/strong><\/p>\n<p><strong>. Banne<\/strong><\/td>\n<\/tr>\n<tr style=\"height: 275px;\">\n<td style=\"height: 275px; width: 31.6666%;\" width=\"113\">DINSDAG<\/td>\n<td style=\"height: 275px; width: 30.5953%;\" width=\"248\"><strong>. Largenti\u00e8re<\/strong><\/p>\n<p><strong>. Lagorce (producenten)<\/strong><\/p>\n<p><strong>. Sampzon (producenten)<\/strong><\/p>\n<p><strong>&nbsp;(juli-augustus,gratis pendeldienst bij de ingang van de camping)<\/strong><\/td>\n<td style=\"height: 275px; width: 36.5476%;\" width=\"213\"><strong>.Salavas <\/strong><strong><strong>(16.30-19.00 juni\/september)<\/strong><\/strong><\/p>\n<p><strong>. Vallon pont d\u2019arc<\/strong><\/p>\n<p><strong>. Balazuc <\/strong><strong>(18.00-20.00 uur)<\/strong><\/p>\n<p><strong>. Les Vans <\/strong><strong>(18.00-22.00 uur eind juni\/eind augustus)<\/strong><\/td>\n<\/tr>\n<tr style=\"height: 192px;\">\n<td style=\"height: 192px; width: 31.6666%;\" width=\"113\">WOENSDAG<\/td>\n<td style=\"height: 192px; width: 30.5953%;\" width=\"248\"><strong>. Joyeuse<\/strong><strong>. Bourg saint And\u00e9ol <\/strong><\/p>\n<p><strong>&nbsp;&nbsp; (eind april\/ eind oktober)<\/strong><\/td>\n<td style=\"height: 192px; width: 36.5476%;\" width=\"213\"><strong>. Ruoms<\/strong><\/td>\n<\/tr>\n<tr style=\"height: 142px;\">\n<td style=\"height: 142px; width: 31.6666%;\" width=\"113\">DONDERDAG<\/td>\n<td style=\"height: 142px; width: 30.5953%;\" width=\"248\"><strong>. Vallon pont d\u2019Arc<\/strong><\/p>\n<p><strong>&nbsp;<\/strong><\/td>\n<td style=\"height: 142px; width: 36.5476%;\" width=\"213\"><strong>. Joyeuse <\/strong><\/td>\n<\/tr>\n<tr style=\"height: 242px;\">\n<td style=\"height: 242px; width: 31.6666%;\" width=\"113\">VRIJDAD<\/td>\n<td style=\"height: 242px; width: 30.5953%;\" width=\"248\"><strong>. Ruoms<\/strong><\/p>\n<p><strong>. Barjac<\/strong><\/td>\n<td style=\"height: 242px; width: 36.5476%;\" width=\"213\"><strong>. Lagorce : producenten<\/strong><\/p>\n<p><strong>&nbsp;&nbsp;&nbsp; (16.30-18.00)<\/strong><\/p>\n<p><strong>. Largenti\u00e8re<\/strong><\/p>\n<p><strong>. Saint Martin d\u2019Ard\u00e8che<\/strong><\/td>\n<\/tr>\n<tr style=\"height: 142px;\">\n<td style=\"height: 142px; width: 31.6666%;\" width=\"113\">ZATERDAG<\/td>\n<td style=\"height: 142px; width: 30.5953%;\" width=\"248\"><strong>. Les Vans<\/strong><\/p>\n<p><strong>. Aubenas<\/strong><\/td>\n<td style=\"height: 142px; width: 36.5476%;\" width=\"213\"><strong>&nbsp;<\/strong><\/td>\n<\/tr>\n<tr style=\"height: 343px;\">\n<td style=\"height: 343px; width: 31.6666%;\" width=\"113\">ZONDAG<\/td>\n<td style=\"height: 343px; width: 30.5953%;\" width=\"248\"><strong>. Lablach\u00e8re<\/strong><\/p>\n<p><strong>. Saint martin&nbsp;<\/strong><b>d&#8217;Ard\u00e8che<\/b><\/p>\n<p><strong>&nbsp;&nbsp;&nbsp; (half juni- begin september)<\/strong><\/p>\n<p><strong>. Ruoms : Biologisch + producenten<\/strong><\/p>\n<p><strong>. Salavas : producenten<\/strong><\/p>\n<p><strong>&nbsp;&nbsp; (half juni &#8211; begin september)<\/strong><\/td>\n<td style=\"height: 343px; width: 36.5476%;\" width=\"213\"><strong>. Joyeuse<\/strong><\/p>\n<p><strong>. Alba la romaine<\/strong><\/td>\n<\/tr>\n<\/tbody>\n<\/table>\n<p><em>Markten in de Ard\u00e8che<\/em><\/p>\n","protected":false},"excerpt":{"rendered":"<p>Markten in de Ard\u00e8che Ontdek tijdens uw verblijf in de Ard\u00e8che de lokale producten tijdens een wandeling tussen de marktkraampjes rond&nbsp; &nbsp;camping Le Sun in Sampzon. wandelhagen in de Ard\u00e8che DAGEN PLAATSEN AVOND (Juli en augustus) MAANDAG . Rozi\u00e8res . Saint Alban Auriolles (juli \u2013augustus) . Vog\u00fce &nbsp;(juli-augustus) . Barjac . Banne DINSDAG . Largenti\u00e8re . Lagorce (producenten) . Sampzon (producenten) &nbsp;(juli-augustus,gratis pendeldienst bij de ingang van de camping) .Salavas (16.30-19.00 juni\/september) . Vallon pont d\u2019arc . Balazuc (18.00-20.00 uur) . Les Vans (18.00-22.00 uur eind juni\/eind augustus) WOENSDAG . Joyeuse. Bourg saint And\u00e9ol &nbsp;&nbsp; (eind april\/ eind oktober) . Ruoms DONDERDAG . Vallon pont d\u2019Arc &nbsp; . Joyeuse VRIJDAD . Ruoms . Barjac . Lagorce : producenten &nbsp;&nbsp;&nbsp; (16.30-18.00) . Largenti\u00e8re . Saint Martin d\u2019Ard\u00e8che ZATERDAG . Les Vans . Aubenas &nbsp; ZONDAG . Lablach\u00e8re . Saint martin&nbsp;d&#8217;Ard\u00e8che &nbsp;&nbsp;&nbsp; (half juni- begin september) . Ruoms : Biologisch + producenten . Salavas : producenten &nbsp;&nbsp; (half juni &#8211; begin september) . Joyeuse . Alba la romaine Markten in de Ard\u00e8che<\/p>\n","protected":false},"author":2,"featured_media":0,"parent":0,"menu_order":0,"comment_status":"closed","ping_status":"closed","template":"","meta":{"footnotes":""},"class_list":["post-2569","page","type-page","status-publish","hentry"],"yoast_head":"<!-- This site is optimized with the Yoast SEO plugin v27.4 - https:\/\/yoast.com\/product\/yoast-seo-wordpress\/ -->\n<title>Markten in de Ard\u00e8che lokale biologische producten | De Zon camping<\/title>\n<meta name=\"description\" content=\"Bezoek de schatten van de lokale markten van de Ard\u00e8che vanaf camping le Sun in Sampzon. kwaliteitsproducten uit de Ard\u00e8che\" \/>\n<meta name=\"robots\" content=\"index, follow, max-snippet:-1, max-image-preview:large, max-video-preview:-1\" \/>\n<link rel=\"canonical\" href=\"https:\/\/www.suncamping.com\/nl\/markets-ardeche\/\" \/>\n<meta property=\"og:locale\" content=\"nl_NL\" \/>\n<meta property=\"og:type\" content=\"article\" \/>\n<meta property=\"og:title\" content=\"Markten in de Ard\u00e8che lokale biologische producten | De Zon camping\" \/>\n<meta property=\"og:description\" content=\"Bezoek de schatten van de lokale markten van de Ard\u00e8che vanaf camping le Sun in Sampzon. kwaliteitsproducten uit de Ard\u00e8che\" \/>\n<meta property=\"og:url\" content=\"https:\/\/www.suncamping.com\/nl\/markets-ardeche\/\" \/>\n<meta property=\"og:site_name\" content=\"Sun Camping\" \/>\n<meta property=\"article:modified_time\" content=\"2023-03-24T14:02:28+00:00\" \/>\n<meta property=\"og:image\" content=\"https:\/\/www.suncamping.com\/wp-content\/uploads\/2017\/01\/marches-d-ardeche-279x300.jpg\" \/>\n<meta name=\"twitter:card\" content=\"summary_large_image\" \/>\n<meta name=\"twitter:label1\" content=\"Geschatte leestijd\" \/>\n\t<meta name=\"twitter:data1\" content=\"1 minuut\" \/>\n<script type=\"application\/ld+json\" class=\"yoast-schema-graph\">{\"@context\":\"https:\\\/\\\/schema.org\",\"@graph\":[{\"@type\":\"WebPage\",\"@id\":\"https:\\\/\\\/www.suncamping.com\\\/nl\\\/markets-ardeche\\\/\",\"url\":\"https:\\\/\\\/www.suncamping.com\\\/nl\\\/markets-ardeche\\\/\",\"name\":\"Markten in de Ard\u00e8che lokale biologische producten | De Zon camping\",\"isPartOf\":{\"@id\":\"https:\\\/\\\/www.suncamping.com\\\/#website\"},\"primaryImageOfPage\":{\"@id\":\"https:\\\/\\\/www.suncamping.com\\\/nl\\\/markets-ardeche\\\/#primaryimage\"},\"image\":{\"@id\":\"https:\\\/\\\/www.suncamping.com\\\/nl\\\/markets-ardeche\\\/#primaryimage\"},\"thumbnailUrl\":\"https:\\\/\\\/www.suncamping.com\\\/wp-content\\\/uploads\\\/2017\\\/01\\\/marches-d-ardeche-279x300.jpg\",\"datePublished\":\"2017-01-22T16:37:06+00:00\",\"dateModified\":\"2023-03-24T14:02:28+00:00\",\"description\":\"Bezoek de schatten van de lokale markten van de Ard\u00e8che vanaf camping le Sun in Sampzon. kwaliteitsproducten uit de Ard\u00e8che\",\"breadcrumb\":{\"@id\":\"https:\\\/\\\/www.suncamping.com\\\/nl\\\/markets-ardeche\\\/#breadcrumb\"},\"inLanguage\":\"nl-NL\",\"potentialAction\":[{\"@type\":\"ReadAction\",\"target\":[\"https:\\\/\\\/www.suncamping.com\\\/nl\\\/markets-ardeche\\\/\"]}]},{\"@type\":\"ImageObject\",\"inLanguage\":\"nl-NL\",\"@id\":\"https:\\\/\\\/www.suncamping.com\\\/nl\\\/markets-ardeche\\\/#primaryimage\",\"url\":\"https:\\\/\\\/www.suncamping.com\\\/wp-content\\\/uploads\\\/2017\\\/01\\\/marches-d-ardeche-279x300.jpg\",\"contentUrl\":\"https:\\\/\\\/www.suncamping.com\\\/wp-content\\\/uploads\\\/2017\\\/01\\\/marches-d-ardeche-279x300.jpg\"},{\"@type\":\"BreadcrumbList\",\"@id\":\"https:\\\/\\\/www.suncamping.com\\\/nl\\\/markets-ardeche\\\/#breadcrumb\",\"itemListElement\":[{\"@type\":\"ListItem\",\"position\":1,\"name\":\"Accueil\",\"item\":\"https:\\\/\\\/www.suncamping.com\\\/nl\\\/\"},{\"@type\":\"ListItem\",\"position\":2,\"name\":\"Markten in de Ard\u00e8che\"}]},{\"@type\":\"WebSite\",\"@id\":\"https:\\\/\\\/www.suncamping.com\\\/#website\",\"url\":\"https:\\\/\\\/www.suncamping.com\\\/\",\"name\":\"Sun Camping\",\"description\":\"\",\"potentialAction\":[{\"@type\":\"SearchAction\",\"target\":{\"@type\":\"EntryPoint\",\"urlTemplate\":\"https:\\\/\\\/www.suncamping.com\\\/?s={search_term_string}\"},\"query-input\":{\"@type\":\"PropertyValueSpecification\",\"valueRequired\":true,\"valueName\":\"search_term_string\"}}],\"inLanguage\":\"nl-NL\"}]}<\/script>\n<!-- \/ Yoast SEO plugin. -->","yoast_head_json":{"title":"Markten in de Ard\u00e8che lokale biologische producten | De Zon camping","description":"Bezoek de schatten van de lokale markten van de Ard\u00e8che vanaf camping le Sun in Sampzon. kwaliteitsproducten uit de Ard\u00e8che","robots":{"index":"index","follow":"follow","max-snippet":"max-snippet:-1","max-image-preview":"max-image-preview:large","max-video-preview":"max-video-preview:-1"},"canonical":"https:\/\/www.suncamping.com\/nl\/markets-ardeche\/","og_locale":"nl_NL","og_type":"article","og_title":"Markten in de Ard\u00e8che lokale biologische producten | De Zon camping","og_description":"Bezoek de schatten van de lokale markten van de Ard\u00e8che vanaf camping le Sun in Sampzon. kwaliteitsproducten uit de Ard\u00e8che","og_url":"https:\/\/www.suncamping.com\/nl\/markets-ardeche\/","og_site_name":"Sun Camping","article_modified_time":"2023-03-24T14:02:28+00:00","og_image":[{"url":"https:\/\/www.suncamping.com\/wp-content\/uploads\/2017\/01\/marches-d-ardeche-279x300.jpg","type":"","width":"","height":""}],"twitter_card":"summary_large_image","twitter_misc":{"Geschatte leestijd":"1 minuut"},"schema":{"@context":"https:\/\/schema.org","@graph":[{"@type":"WebPage","@id":"https:\/\/www.suncamping.com\/nl\/markets-ardeche\/","url":"https:\/\/www.suncamping.com\/nl\/markets-ardeche\/","name":"Markten in de Ard\u00e8che lokale biologische producten | De Zon camping","isPartOf":{"@id":"https:\/\/www.suncamping.com\/#website"},"primaryImageOfPage":{"@id":"https:\/\/www.suncamping.com\/nl\/markets-ardeche\/#primaryimage"},"image":{"@id":"https:\/\/www.suncamping.com\/nl\/markets-ardeche\/#primaryimage"},"thumbnailUrl":"https:\/\/www.suncamping.com\/wp-content\/uploads\/2017\/01\/marches-d-ardeche-279x300.jpg","datePublished":"2017-01-22T16:37:06+00:00","dateModified":"2023-03-24T14:02:28+00:00","description":"Bezoek de schatten van de lokale markten van de Ard\u00e8che vanaf camping le Sun in Sampzon. kwaliteitsproducten uit de Ard\u00e8che","breadcrumb":{"@id":"https:\/\/www.suncamping.com\/nl\/markets-ardeche\/#breadcrumb"},"inLanguage":"nl-NL","potentialAction":[{"@type":"ReadAction","target":["https:\/\/www.suncamping.com\/nl\/markets-ardeche\/"]}]},{"@type":"ImageObject","inLanguage":"nl-NL","@id":"https:\/\/www.suncamping.com\/nl\/markets-ardeche\/#primaryimage","url":"https:\/\/www.suncamping.com\/wp-content\/uploads\/2017\/01\/marches-d-ardeche-279x300.jpg","contentUrl":"https:\/\/www.suncamping.com\/wp-content\/uploads\/2017\/01\/marches-d-ardeche-279x300.jpg"},{"@type":"BreadcrumbList","@id":"https:\/\/www.suncamping.com\/nl\/markets-ardeche\/#breadcrumb","itemListElement":[{"@type":"ListItem","position":1,"name":"Accueil","item":"https:\/\/www.suncamping.com\/nl\/"},{"@type":"ListItem","position":2,"name":"Markten in de Ard\u00e8che"}]},{"@type":"WebSite","@id":"https:\/\/www.suncamping.com\/#website","url":"https:\/\/www.suncamping.com\/","name":"Sun Camping","description":"","potentialAction":[{"@type":"SearchAction","target":{"@type":"EntryPoint","urlTemplate":"https:\/\/www.suncamping.com\/?s={search_term_string}"},"query-input":{"@type":"PropertyValueSpecification","valueRequired":true,"valueName":"search_term_string"}}],"inLanguage":"nl-NL"}]}},"_links":{"self":[{"href":"https:\/\/www.suncamping.com\/nl\/wp-json\/wp\/v2\/pages\/2569","targetHints":{"allow":["GET"]}}],"collection":[{"href":"https:\/\/www.suncamping.com\/nl\/wp-json\/wp\/v2\/pages"}],"about":[{"href":"https:\/\/www.suncamping.com\/nl\/wp-json\/wp\/v2\/types\/page"}],"author":[{"embeddable":true,"href":"https:\/\/www.suncamping.com\/nl\/wp-json\/wp\/v2\/users\/2"}],"replies":[{"embeddable":true,"href":"https:\/\/www.suncamping.com\/nl\/wp-json\/wp\/v2\/comments?post=2569"}],"version-history":[{"count":0,"href":"https:\/\/www.suncamping.com\/nl\/wp-json\/wp\/v2\/pages\/2569\/revisions"}],"wp:attachment":[{"href":"https:\/\/www.suncamping.com\/nl\/wp-json\/wp\/v2\/media?parent=2569"}],"curies":[{"name":"wp","href":"https:\/\/api.w.org\/{rel}","templated":true}]}}