{"id":2502,"date":"2017-10-30T07:15:16","date_gmt":"2017-10-30T06:15:16","guid":{"rendered":"https:\/\/www.suncamping.com\/assurance-annulation\/"},"modified":"2023-04-05T14:39:45","modified_gmt":"2023-04-05T12:39:45","slug":"assurance-annulation","status":"publish","type":"page","link":"https:\/\/www.suncamping.com\/nl\/assurance-annulation\/","title":{"rendered":"Annuleringsverzekering"},"content":{"rendered":"<h1>Annuleringsverzekering camping : hoe het werkt?<\/h1>\n<p>Als u enkele maanden van tevoren een kampeerverblijf boekt, is het verstandig om een annuleringsverzekering af te sluiten. Er kunnen namelijk tientallen onvoorziene factoren zijn die uw verblijf op Sun Camping in gevaar kunnen brengen. Om te voorkomen dat u tussen de 100 en 800 euro verliest, kunt u met een verzekering die slechts een klein percentage van uw verblijfskosten vertegenwoordigt, zonder risico uw verblijf ruim van tevoren boeken.<\/p>\n<h2>Boek uw verblijf op de camping in alle rust.<\/h2>\n<p>Om voorbereid te zijn op de tegenslagen van het leven, bieden wij samen met onze partner Gritchen Affinity de formule &#8220;Campez Couvert&#8221; aan, een optionele verzekering voor annulering en onderbreking van uw verblijf. U kunt deze garantie voor slechts een paar euro extra afsluiten bij het online boeken van uw verblijf. Onze verzekeringspartner verbindt zich ertoe om het volledige of gedeeltelijke bedrag van het verblijf terug te betalen aan alleen de klanten die de &#8220;Campez Couvert&#8221; verzekering hebben afgesloten in geval van een gedekt schadegeval (25 garanties). Bekijk de garantievoorwaarden door de brochure hieronder te downloaden.<\/p>\n<p>Download de Campez Couvert brochure.<\/p>\n<p><a href=\"http:\/\/www.campez-couvert.com\">De algemene voorwaarden zijn te raadplegen op de website . www.campez-couvert.com<\/a><\/p>\n<h3>Wat te doen bij annulering of vertraging van het verblijf?<\/h3>\n<p>1\/ Breng ons op de hoogte per post of e-mail.<\/p>\n<p>2\/ Meld de schade op de website van Campez Couvert door hier te klikken:<span style=\"font-size: revert; color: initial;\">\u00a0<\/span><a style=\"font-size: revert;\" href=\"https:\/\/www.declare.fr\/\">D\u00e9claration sinistre<\/a><\/p>\n<p><a style=\"font-size: revert;\" href=\"http:\/\/www.campez-couvert.com\">Wij raden u ten zeerste aan om een annuleringsverzekering af te sluiten. De verzekeringspremie moet volledig worden betaald bij het reserveren van het verblijf en is niet terugbetaalbaar. In geval van een gedekt schadegeval dient u de verzekeraar binnen 48 uur na het schadegeval op de hoogte te stellen en alle benodigde informatie en documenten te verstrekken.<\/a><\/p>\n<p><a style=\"font-size: revert;\" href=\"http:\/\/www.campez-couvert.com\"> De volledige annuleringsvoorwaarden en procedure zijn beschikbaar op de website.https:\/\/www.campez-couvert.com<\/a><\/p>\n<p>De annuleringsverzekering vergoedt het volledige bedrag dat voor aankomst is betaald en het ongebruikte bedrag van het verblijf naar evenredigheid in geval van vertraagde aankomst of vroegtijdig vertrek.<\/p>\n<p>U kunt de schade aangeven op twee manieren:<\/p>\n<p>\u2013 Via internet <a href=\"https:\/\/www.declare.fr\/\">https:\/\/www.campez-couvert.com<\/a><\/p>\n<p>\u2013 Via e-mail <a href=\"mailto:sinistres@campez-couvert.com\">sinistres@campez-couvert.com<\/a><\/p>\n<p>\u2013 Per fax : 09 72 28 76 92<\/p>\n<p>\u2013 Per post : Gritchen Affinity<\/p>\n<p>Service sinistre<\/p>\n<p>Gritchen Affinity<br \/>\n27, rue Charles Durand<br \/>\nCS70139 &#8211; 18021 Bourges Cedex<\/p>\n<p><a href=\"\/wp-content\/uploads\/2017\/10\/CampezCouvertFlyer.pdf\"><img decoding=\"async\" class=\"aligncenter wp-image-538 size-full\" src=\"https:\/\/www.suncamping.com\/wp-content\/uploads\/2017\/10\/assurance-annulation-camping.jpg\" alt=\"annulation camping\" width=\"200\" height=\"40\" \/><\/a><\/p>\n<p>Reserveer uw kampeerplaats of stacaravan met gemoedsrust op Camping Le Sun in de Ard\u00e8che.<\/p>\n","protected":false},"excerpt":{"rendered":"<p>Annuleringsverzekering camping : hoe het werkt? Als u enkele maanden van tevoren een kampeerverblijf boekt, is het verstandig om een annuleringsverzekering af te sluiten. Er kunnen namelijk tientallen onvoorziene factoren zijn die uw verblijf op Sun Camping in gevaar kunnen brengen. Om te voorkomen dat u tussen de 100 en 800 euro verliest, kunt u met een verzekering die slechts een klein percentage van uw verblijfskosten vertegenwoordigt, zonder risico uw verblijf ruim van tevoren boeken. Boek uw verblijf op de camping in alle rust. Om voorbereid te zijn op de tegenslagen van het leven, bieden wij samen met onze partner Gritchen Affinity de formule &#8220;Campez Couvert&#8221; aan, een optionele verzekering voor annulering en onderbreking van uw verblijf. U kunt deze garantie voor slechts een paar euro extra afsluiten bij het online boeken van uw verblijf. Onze verzekeringspartner verbindt zich ertoe om het volledige of gedeeltelijke bedrag van het verblijf terug te betalen aan alleen de klanten die de &#8220;Campez Couvert&#8221; verzekering hebben afgesloten in geval van een gedekt schadegeval (25 garanties). Bekijk de garantievoorwaarden door de brochure hieronder te downloaden. Download de Campez Couvert brochure. De algemene voorwaarden zijn te raadplegen op de website . www.campez-couvert.com Wat te doen bij annulering of vertraging van het verblijf? 1\/ Breng ons op de hoogte per post of e-mail. 2\/ Meld de schade op de website van Campez Couvert door hier te klikken:\u00a0D\u00e9claration sinistre Wij raden u ten zeerste aan om een annuleringsverzekering af te sluiten. De verzekeringspremie moet volledig worden betaald bij het reserveren van het verblijf en is niet terugbetaalbaar. In geval van een gedekt schadegeval dient u de verzekeraar binnen 48 uur na het schadegeval op de hoogte te stellen en alle benodigde informatie en documenten te verstrekken. De volledige annuleringsvoorwaarden en procedure zijn beschikbaar op de website.https:\/\/www.campez-couvert.com De annuleringsverzekering vergoedt het volledige bedrag dat voor aankomst is betaald en het ongebruikte bedrag van het verblijf naar evenredigheid in geval van vertraagde aankomst of vroegtijdig vertrek. U kunt de schade aangeven op twee manieren: \u2013 Via internet https:\/\/www.campez-couvert.com \u2013 Via e-mail sinistres@campez-couvert.com \u2013 Per fax : 09 72 28 76 92 \u2013 Per post : Gritchen Affinity Service sinistre Gritchen Affinity 27, rue Charles Durand CS70139 &#8211; 18021 Bourges Cedex Reserveer uw kampeerplaats of stacaravan met gemoedsrust op Camping Le Sun in de Ard\u00e8che.<\/p>\n","protected":false},"author":2,"featured_media":0,"parent":0,"menu_order":0,"comment_status":"closed","ping_status":"closed","template":"","meta":{"footnotes":""},"class_list":["post-2502","page","type-page","status-publish","hentry"],"yoast_head":"<!-- This site is optimized with the Yoast SEO plugin v27.3 - https:\/\/yoast.com\/product\/yoast-seo-wordpress\/ -->\n<title>Assurance annulation camping comment ca marche ?<\/title>\n<meta name=\"description\" content=\"Si vous r\u00e9servez un s\u00e9jour en camping plusieurs mois \u00e0 l&#039;avance, il est prudent de souscrire \u00e0 une assurance annulation. l&#039;assurance en d\u00e9tail\" \/>\n<meta name=\"robots\" content=\"index, follow, max-snippet:-1, max-image-preview:large, max-video-preview:-1\" \/>\n<link rel=\"canonical\" href=\"https:\/\/www.suncamping.com\/nl\/assurance-annulation\/\" \/>\n<meta property=\"og:locale\" content=\"nl_NL\" \/>\n<meta property=\"og:type\" content=\"article\" \/>\n<meta property=\"og:title\" content=\"Assurance annulation camping comment ca marche ?\" \/>\n<meta property=\"og:description\" content=\"Si vous r\u00e9servez un s\u00e9jour en camping plusieurs mois \u00e0 l&#039;avance, il est prudent de souscrire \u00e0 une assurance annulation. l&#039;assurance en d\u00e9tail\" \/>\n<meta property=\"og:url\" content=\"https:\/\/www.suncamping.com\/nl\/assurance-annulation\/\" \/>\n<meta property=\"og:site_name\" content=\"Sun Camping\" \/>\n<meta property=\"article:modified_time\" content=\"2023-04-05T12:39:45+00:00\" \/>\n<meta property=\"og:image\" content=\"https:\/\/www.suncamping.com\/wp-content\/uploads\/2017\/10\/assurance-annulation-camping.jpg\" \/>\n<meta name=\"twitter:card\" content=\"summary_large_image\" \/>\n<meta name=\"twitter:label1\" content=\"Geschatte leestijd\" \/>\n\t<meta name=\"twitter:data1\" content=\"3 minuten\" \/>\n<script type=\"application\/ld+json\" class=\"yoast-schema-graph\">{\"@context\":\"https:\\\/\\\/schema.org\",\"@graph\":[{\"@type\":\"WebPage\",\"@id\":\"https:\\\/\\\/www.suncamping.com\\\/nl\\\/assurance-annulation\\\/\",\"url\":\"https:\\\/\\\/www.suncamping.com\\\/nl\\\/assurance-annulation\\\/\",\"name\":\"Assurance annulation camping comment ca marche ?\",\"isPartOf\":{\"@id\":\"https:\\\/\\\/www.suncamping.com\\\/#website\"},\"primaryImageOfPage\":{\"@id\":\"https:\\\/\\\/www.suncamping.com\\\/nl\\\/assurance-annulation\\\/#primaryimage\"},\"image\":{\"@id\":\"https:\\\/\\\/www.suncamping.com\\\/nl\\\/assurance-annulation\\\/#primaryimage\"},\"thumbnailUrl\":\"https:\\\/\\\/www.suncamping.com\\\/wp-content\\\/uploads\\\/2017\\\/10\\\/assurance-annulation-camping.jpg\",\"datePublished\":\"2017-10-30T06:15:16+00:00\",\"dateModified\":\"2023-04-05T12:39:45+00:00\",\"description\":\"Si vous r\u00e9servez un s\u00e9jour en camping plusieurs mois \u00e0 l'avance, il est prudent de souscrire \u00e0 une assurance annulation. l'assurance en d\u00e9tail\",\"breadcrumb\":{\"@id\":\"https:\\\/\\\/www.suncamping.com\\\/nl\\\/assurance-annulation\\\/#breadcrumb\"},\"inLanguage\":\"nl-NL\",\"potentialAction\":[{\"@type\":\"ReadAction\",\"target\":[\"https:\\\/\\\/www.suncamping.com\\\/nl\\\/assurance-annulation\\\/\"]}]},{\"@type\":\"ImageObject\",\"inLanguage\":\"nl-NL\",\"@id\":\"https:\\\/\\\/www.suncamping.com\\\/nl\\\/assurance-annulation\\\/#primaryimage\",\"url\":\"https:\\\/\\\/www.suncamping.com\\\/wp-content\\\/uploads\\\/2017\\\/10\\\/assurance-annulation-camping.jpg\",\"contentUrl\":\"https:\\\/\\\/www.suncamping.com\\\/wp-content\\\/uploads\\\/2017\\\/10\\\/assurance-annulation-camping.jpg\"},{\"@type\":\"BreadcrumbList\",\"@id\":\"https:\\\/\\\/www.suncamping.com\\\/nl\\\/assurance-annulation\\\/#breadcrumb\",\"itemListElement\":[{\"@type\":\"ListItem\",\"position\":1,\"name\":\"Accueil\",\"item\":\"https:\\\/\\\/www.suncamping.com\\\/nl\\\/\"},{\"@type\":\"ListItem\",\"position\":2,\"name\":\"Annuleringsverzekering\"}]},{\"@type\":\"WebSite\",\"@id\":\"https:\\\/\\\/www.suncamping.com\\\/#website\",\"url\":\"https:\\\/\\\/www.suncamping.com\\\/\",\"name\":\"Sun Camping\",\"description\":\"\",\"potentialAction\":[{\"@type\":\"SearchAction\",\"target\":{\"@type\":\"EntryPoint\",\"urlTemplate\":\"https:\\\/\\\/www.suncamping.com\\\/?s={search_term_string}\"},\"query-input\":{\"@type\":\"PropertyValueSpecification\",\"valueRequired\":true,\"valueName\":\"search_term_string\"}}],\"inLanguage\":\"nl-NL\"}]}<\/script>\n<!-- \/ Yoast SEO plugin. -->","yoast_head_json":{"title":"Assurance annulation camping comment ca marche ?","description":"Si vous r\u00e9servez un s\u00e9jour en camping plusieurs mois \u00e0 l'avance, il est prudent de souscrire \u00e0 une assurance annulation. l'assurance en d\u00e9tail","robots":{"index":"index","follow":"follow","max-snippet":"max-snippet:-1","max-image-preview":"max-image-preview:large","max-video-preview":"max-video-preview:-1"},"canonical":"https:\/\/www.suncamping.com\/nl\/assurance-annulation\/","og_locale":"nl_NL","og_type":"article","og_title":"Assurance annulation camping comment ca marche ?","og_description":"Si vous r\u00e9servez un s\u00e9jour en camping plusieurs mois \u00e0 l'avance, il est prudent de souscrire \u00e0 une assurance annulation. l'assurance en d\u00e9tail","og_url":"https:\/\/www.suncamping.com\/nl\/assurance-annulation\/","og_site_name":"Sun Camping","article_modified_time":"2023-04-05T12:39:45+00:00","og_image":[{"url":"https:\/\/www.suncamping.com\/wp-content\/uploads\/2017\/10\/assurance-annulation-camping.jpg","type":"","width":"","height":""}],"twitter_card":"summary_large_image","twitter_misc":{"Geschatte leestijd":"3 minuten"},"schema":{"@context":"https:\/\/schema.org","@graph":[{"@type":"WebPage","@id":"https:\/\/www.suncamping.com\/nl\/assurance-annulation\/","url":"https:\/\/www.suncamping.com\/nl\/assurance-annulation\/","name":"Assurance annulation camping comment ca marche ?","isPartOf":{"@id":"https:\/\/www.suncamping.com\/#website"},"primaryImageOfPage":{"@id":"https:\/\/www.suncamping.com\/nl\/assurance-annulation\/#primaryimage"},"image":{"@id":"https:\/\/www.suncamping.com\/nl\/assurance-annulation\/#primaryimage"},"thumbnailUrl":"https:\/\/www.suncamping.com\/wp-content\/uploads\/2017\/10\/assurance-annulation-camping.jpg","datePublished":"2017-10-30T06:15:16+00:00","dateModified":"2023-04-05T12:39:45+00:00","description":"Si vous r\u00e9servez un s\u00e9jour en camping plusieurs mois \u00e0 l'avance, il est prudent de souscrire \u00e0 une assurance annulation. l'assurance en d\u00e9tail","breadcrumb":{"@id":"https:\/\/www.suncamping.com\/nl\/assurance-annulation\/#breadcrumb"},"inLanguage":"nl-NL","potentialAction":[{"@type":"ReadAction","target":["https:\/\/www.suncamping.com\/nl\/assurance-annulation\/"]}]},{"@type":"ImageObject","inLanguage":"nl-NL","@id":"https:\/\/www.suncamping.com\/nl\/assurance-annulation\/#primaryimage","url":"https:\/\/www.suncamping.com\/wp-content\/uploads\/2017\/10\/assurance-annulation-camping.jpg","contentUrl":"https:\/\/www.suncamping.com\/wp-content\/uploads\/2017\/10\/assurance-annulation-camping.jpg"},{"@type":"BreadcrumbList","@id":"https:\/\/www.suncamping.com\/nl\/assurance-annulation\/#breadcrumb","itemListElement":[{"@type":"ListItem","position":1,"name":"Accueil","item":"https:\/\/www.suncamping.com\/nl\/"},{"@type":"ListItem","position":2,"name":"Annuleringsverzekering"}]},{"@type":"WebSite","@id":"https:\/\/www.suncamping.com\/#website","url":"https:\/\/www.suncamping.com\/","name":"Sun Camping","description":"","potentialAction":[{"@type":"SearchAction","target":{"@type":"EntryPoint","urlTemplate":"https:\/\/www.suncamping.com\/?s={search_term_string}"},"query-input":{"@type":"PropertyValueSpecification","valueRequired":true,"valueName":"search_term_string"}}],"inLanguage":"nl-NL"}]}},"_links":{"self":[{"href":"https:\/\/www.suncamping.com\/nl\/wp-json\/wp\/v2\/pages\/2502","targetHints":{"allow":["GET"]}}],"collection":[{"href":"https:\/\/www.suncamping.com\/nl\/wp-json\/wp\/v2\/pages"}],"about":[{"href":"https:\/\/www.suncamping.com\/nl\/wp-json\/wp\/v2\/types\/page"}],"author":[{"embeddable":true,"href":"https:\/\/www.suncamping.com\/nl\/wp-json\/wp\/v2\/users\/2"}],"replies":[{"embeddable":true,"href":"https:\/\/www.suncamping.com\/nl\/wp-json\/wp\/v2\/comments?post=2502"}],"version-history":[{"count":0,"href":"https:\/\/www.suncamping.com\/nl\/wp-json\/wp\/v2\/pages\/2502\/revisions"}],"wp:attachment":[{"href":"https:\/\/www.suncamping.com\/nl\/wp-json\/wp\/v2\/media?parent=2502"}],"curies":[{"name":"wp","href":"https:\/\/api.w.org\/{rel}","templated":true}]}}