{"id":2498,"date":"2016-12-22T17:52:06","date_gmt":"2016-12-22T16:52:06","guid":{"rendered":"https:\/\/www.suncamping.com\/activites-nature-ardeche\/"},"modified":"2023-04-05T16:33:45","modified_gmt":"2023-04-05T14:33:45","slug":"activites-nature-ardeche","status":"publish","type":"page","link":"https:\/\/www.suncamping.com\/nl\/activites-nature-ardeche\/","title":{"rendered":"Natuur activiteiten"},"content":{"rendered":"<h1>Ard\u00e8che zuid: natuuractiviteiten.<\/h1>\n<p><a href=\"\/\">Tijdens uw vakantie in de Ard\u00e8che, op camping le SUN<\/a>, heeft u het geluk om bij de poorten van de Gorges de l&#8217;Ard\u00e8che te zijn, een geweldige kans om verschillende activiteiten in de natuur te beoefenen.<\/p>\n<p><a href=\"https:\/\/www.suncamping.com\/wp-content\/uploads\/2016\/12\/canoe-ardeche.jpg\"><img fetchpriority=\"high\" decoding=\"async\" class=\"aligncenter wp-image-216 size-full\" src=\"https:\/\/www.suncamping.com\/wp-content\/uploads\/2016\/12\/canoe-ardeche.jpg\" alt=\"canoe en ard\u00e8che\" width=\"800\" height=\"327\" srcset=\"https:\/\/www.suncamping.com\/wp-content\/uploads\/2016\/12\/canoe-ardeche.jpg 800w, https:\/\/www.suncamping.com\/wp-content\/uploads\/2016\/12\/canoe-ardeche-300x123.jpg 300w, https:\/\/www.suncamping.com\/wp-content\/uploads\/2016\/12\/canoe-ardeche-768x314.jpg 768w\" sizes=\"(max-width: 800px) 100vw, 800px\" \/><\/a><\/p>\n<p>Er zijn veel activiteiten in de buurt:<\/p>\n<p>Het afdalen van de Gorges de l&#8217;Ard\u00e8che per kano-kajak of met een boot met een schipper.<\/p>\n<p>Wandelen op de wandelpaden.<\/p>\n<p>Mountainbiken.<\/p>\n<p>Klimmen.<\/p>\n<p>Paardrijden.<\/p>\n<p>Boek uw accommodatie of campingplaats in Sampzon, Ard\u00e8che.<br \/>\n<div class=\"pt-cv-wrapper\"><div class=\"pt-cv-view pt-cv-grid pt-cv-colsys\" id=\"pt-cv-view-d95a3e9ila\"><div data-id=\"pt-cv-page-1\" class=\"pt-cv-page cv-npf\" data-cvc=\"3\"><div class=\"col-md-4 col-sm-6 col-xs-12 pt-cv-content-item pt-cv-1-col\" ><div class='pt-cv-ifield'><div class=\"pt-cv-no-post\">Geen berichten gevonden.<\/div><\/div><\/div><\/div><\/div><\/div><\/p>\n","protected":false},"excerpt":{"rendered":"<p>Ard\u00e8che zuid: natuuractiviteiten. Tijdens uw vakantie in de Ard\u00e8che, op camping le SUN, heeft u het geluk om bij de poorten van de Gorges de l&#8217;Ard\u00e8che te zijn, een geweldige kans om verschillende activiteiten in de natuur te beoefenen. Er zijn veel activiteiten in de buurt: Het afdalen van de Gorges de l&#8217;Ard\u00e8che per kano-kajak of met een boot met een schipper. Wandelen op de wandelpaden. Mountainbiken. Klimmen. Paardrijden. Boek uw accommodatie of campingplaats in Sampzon, Ard\u00e8che.<\/p>\n","protected":false},"author":2,"featured_media":0,"parent":0,"menu_order":0,"comment_status":"closed","ping_status":"closed","template":"","meta":{"footnotes":""},"class_list":["post-2498","page","type-page","status-publish","hentry"],"yoast_head":"<!-- This site is optimized with the Yoast SEO plugin v27.4 - https:\/\/yoast.com\/product\/yoast-seo-wordpress\/ -->\n<title>natuuractiviteiten in de Ard\u00e8che<\/title>\n<meta name=\"robots\" content=\"index, follow, max-snippet:-1, max-image-preview:large, max-video-preview:-1\" \/>\n<link rel=\"canonical\" href=\"https:\/\/www.suncamping.com\/nl\/activites-nature-ardeche\/\" \/>\n<meta property=\"og:locale\" content=\"nl_NL\" \/>\n<meta property=\"og:type\" content=\"article\" \/>\n<meta property=\"og:title\" content=\"natuuractiviteiten in de Ard\u00e8che\" \/>\n<meta property=\"og:description\" content=\"Ard\u00e8che zuid: natuuractiviteiten. Tijdens uw vakantie in de Ard\u00e8che, op camping le SUN, heeft u het geluk om bij de poorten van de Gorges de l&#8217;Ard\u00e8che te zijn, een geweldige kans om verschillende activiteiten in de natuur te beoefenen. Er zijn veel activiteiten in de buurt: Het afdalen van de Gorges de l&#8217;Ard\u00e8che per kano-kajak of met een boot met een schipper. Wandelen op de wandelpaden. Mountainbiken. Klimmen. Paardrijden. Boek uw accommodatie of campingplaats in Sampzon, Ard\u00e8che.\" \/>\n<meta property=\"og:url\" content=\"https:\/\/www.suncamping.com\/nl\/activites-nature-ardeche\/\" \/>\n<meta property=\"og:site_name\" content=\"Sun Camping\" \/>\n<meta property=\"article:modified_time\" content=\"2023-04-05T14:33:45+00:00\" \/>\n<meta property=\"og:image\" content=\"https:\/\/www.suncamping.com\/wp-content\/uploads\/2016\/12\/canoe-ardeche.jpg\" \/>\n<meta name=\"twitter:card\" content=\"summary_large_image\" \/>\n<meta name=\"twitter:label1\" content=\"Geschatte leestijd\" \/>\n\t<meta name=\"twitter:data1\" content=\"1 minuut\" \/>\n<script type=\"application\/ld+json\" class=\"yoast-schema-graph\">{\"@context\":\"https:\\\/\\\/schema.org\",\"@graph\":[{\"@type\":\"WebPage\",\"@id\":\"https:\\\/\\\/www.suncamping.com\\\/nl\\\/activites-nature-ardeche\\\/\",\"url\":\"https:\\\/\\\/www.suncamping.com\\\/nl\\\/activites-nature-ardeche\\\/\",\"name\":\"natuuractiviteiten in de Ard\u00e8che\",\"isPartOf\":{\"@id\":\"https:\\\/\\\/www.suncamping.com\\\/#website\"},\"primaryImageOfPage\":{\"@id\":\"https:\\\/\\\/www.suncamping.com\\\/nl\\\/activites-nature-ardeche\\\/#primaryimage\"},\"image\":{\"@id\":\"https:\\\/\\\/www.suncamping.com\\\/nl\\\/activites-nature-ardeche\\\/#primaryimage\"},\"thumbnailUrl\":\"https:\\\/\\\/www.suncamping.com\\\/wp-content\\\/uploads\\\/2016\\\/12\\\/canoe-ardeche.jpg\",\"datePublished\":\"2016-12-22T16:52:06+00:00\",\"dateModified\":\"2023-04-05T14:33:45+00:00\",\"breadcrumb\":{\"@id\":\"https:\\\/\\\/www.suncamping.com\\\/nl\\\/activites-nature-ardeche\\\/#breadcrumb\"},\"inLanguage\":\"nl-NL\",\"potentialAction\":[{\"@type\":\"ReadAction\",\"target\":[\"https:\\\/\\\/www.suncamping.com\\\/nl\\\/activites-nature-ardeche\\\/\"]}]},{\"@type\":\"ImageObject\",\"inLanguage\":\"nl-NL\",\"@id\":\"https:\\\/\\\/www.suncamping.com\\\/nl\\\/activites-nature-ardeche\\\/#primaryimage\",\"url\":\"https:\\\/\\\/www.suncamping.com\\\/wp-content\\\/uploads\\\/2016\\\/12\\\/canoe-ardeche.jpg\",\"contentUrl\":\"https:\\\/\\\/www.suncamping.com\\\/wp-content\\\/uploads\\\/2016\\\/12\\\/canoe-ardeche.jpg\"},{\"@type\":\"BreadcrumbList\",\"@id\":\"https:\\\/\\\/www.suncamping.com\\\/nl\\\/activites-nature-ardeche\\\/#breadcrumb\",\"itemListElement\":[{\"@type\":\"ListItem\",\"position\":1,\"name\":\"Accueil\",\"item\":\"https:\\\/\\\/www.suncamping.com\\\/nl\\\/\"},{\"@type\":\"ListItem\",\"position\":2,\"name\":\"Natuur activiteiten\"}]},{\"@type\":\"WebSite\",\"@id\":\"https:\\\/\\\/www.suncamping.com\\\/#website\",\"url\":\"https:\\\/\\\/www.suncamping.com\\\/\",\"name\":\"Sun Camping\",\"description\":\"\",\"potentialAction\":[{\"@type\":\"SearchAction\",\"target\":{\"@type\":\"EntryPoint\",\"urlTemplate\":\"https:\\\/\\\/www.suncamping.com\\\/?s={search_term_string}\"},\"query-input\":{\"@type\":\"PropertyValueSpecification\",\"valueRequired\":true,\"valueName\":\"search_term_string\"}}],\"inLanguage\":\"nl-NL\"}]}<\/script>\n<!-- \/ Yoast SEO plugin. -->","yoast_head_json":{"title":"natuuractiviteiten in de Ard\u00e8che","robots":{"index":"index","follow":"follow","max-snippet":"max-snippet:-1","max-image-preview":"max-image-preview:large","max-video-preview":"max-video-preview:-1"},"canonical":"https:\/\/www.suncamping.com\/nl\/activites-nature-ardeche\/","og_locale":"nl_NL","og_type":"article","og_title":"natuuractiviteiten in de Ard\u00e8che","og_description":"Ard\u00e8che zuid: natuuractiviteiten. Tijdens uw vakantie in de Ard\u00e8che, op camping le SUN, heeft u het geluk om bij de poorten van de Gorges de l&#8217;Ard\u00e8che te zijn, een geweldige kans om verschillende activiteiten in de natuur te beoefenen. Er zijn veel activiteiten in de buurt: Het afdalen van de Gorges de l&#8217;Ard\u00e8che per kano-kajak of met een boot met een schipper. Wandelen op de wandelpaden. Mountainbiken. Klimmen. Paardrijden. Boek uw accommodatie of campingplaats in Sampzon, Ard\u00e8che.","og_url":"https:\/\/www.suncamping.com\/nl\/activites-nature-ardeche\/","og_site_name":"Sun Camping","article_modified_time":"2023-04-05T14:33:45+00:00","og_image":[{"url":"https:\/\/www.suncamping.com\/wp-content\/uploads\/2016\/12\/canoe-ardeche.jpg","type":"","width":"","height":""}],"twitter_card":"summary_large_image","twitter_misc":{"Geschatte leestijd":"1 minuut"},"schema":{"@context":"https:\/\/schema.org","@graph":[{"@type":"WebPage","@id":"https:\/\/www.suncamping.com\/nl\/activites-nature-ardeche\/","url":"https:\/\/www.suncamping.com\/nl\/activites-nature-ardeche\/","name":"natuuractiviteiten in de Ard\u00e8che","isPartOf":{"@id":"https:\/\/www.suncamping.com\/#website"},"primaryImageOfPage":{"@id":"https:\/\/www.suncamping.com\/nl\/activites-nature-ardeche\/#primaryimage"},"image":{"@id":"https:\/\/www.suncamping.com\/nl\/activites-nature-ardeche\/#primaryimage"},"thumbnailUrl":"https:\/\/www.suncamping.com\/wp-content\/uploads\/2016\/12\/canoe-ardeche.jpg","datePublished":"2016-12-22T16:52:06+00:00","dateModified":"2023-04-05T14:33:45+00:00","breadcrumb":{"@id":"https:\/\/www.suncamping.com\/nl\/activites-nature-ardeche\/#breadcrumb"},"inLanguage":"nl-NL","potentialAction":[{"@type":"ReadAction","target":["https:\/\/www.suncamping.com\/nl\/activites-nature-ardeche\/"]}]},{"@type":"ImageObject","inLanguage":"nl-NL","@id":"https:\/\/www.suncamping.com\/nl\/activites-nature-ardeche\/#primaryimage","url":"https:\/\/www.suncamping.com\/wp-content\/uploads\/2016\/12\/canoe-ardeche.jpg","contentUrl":"https:\/\/www.suncamping.com\/wp-content\/uploads\/2016\/12\/canoe-ardeche.jpg"},{"@type":"BreadcrumbList","@id":"https:\/\/www.suncamping.com\/nl\/activites-nature-ardeche\/#breadcrumb","itemListElement":[{"@type":"ListItem","position":1,"name":"Accueil","item":"https:\/\/www.suncamping.com\/nl\/"},{"@type":"ListItem","position":2,"name":"Natuur activiteiten"}]},{"@type":"WebSite","@id":"https:\/\/www.suncamping.com\/#website","url":"https:\/\/www.suncamping.com\/","name":"Sun Camping","description":"","potentialAction":[{"@type":"SearchAction","target":{"@type":"EntryPoint","urlTemplate":"https:\/\/www.suncamping.com\/?s={search_term_string}"},"query-input":{"@type":"PropertyValueSpecification","valueRequired":true,"valueName":"search_term_string"}}],"inLanguage":"nl-NL"}]}},"_links":{"self":[{"href":"https:\/\/www.suncamping.com\/nl\/wp-json\/wp\/v2\/pages\/2498","targetHints":{"allow":["GET"]}}],"collection":[{"href":"https:\/\/www.suncamping.com\/nl\/wp-json\/wp\/v2\/pages"}],"about":[{"href":"https:\/\/www.suncamping.com\/nl\/wp-json\/wp\/v2\/types\/page"}],"author":[{"embeddable":true,"href":"https:\/\/www.suncamping.com\/nl\/wp-json\/wp\/v2\/users\/2"}],"replies":[{"embeddable":true,"href":"https:\/\/www.suncamping.com\/nl\/wp-json\/wp\/v2\/comments?post=2498"}],"version-history":[{"count":0,"href":"https:\/\/www.suncamping.com\/nl\/wp-json\/wp\/v2\/pages\/2498\/revisions"}],"wp:attachment":[{"href":"https:\/\/www.suncamping.com\/nl\/wp-json\/wp\/v2\/media?parent=2498"}],"curies":[{"name":"wp","href":"https:\/\/api.w.org\/{rel}","templated":true}]}}