{"id":2461,"date":"2016-12-10T10:33:24","date_gmt":"2016-12-10T09:33:24","guid":{"rendered":"https:\/\/www.suncamping.com\/acces-contact\/"},"modified":"2023-03-24T15:07:55","modified_gmt":"2023-03-24T14:07:55","slug":"acces-contact","status":"publish","type":"page","link":"https:\/\/www.suncamping.com\/nl\/acces-contact\/","title":{"rendered":"Toegang \/ Contact"},"content":{"rendered":"<h1>Boek uw verblijf in de Ard\u00e8che<\/h1>\n<p><div class='content-column one_half'>\n<div class=\"wpcf7 no-js\" id=\"wpcf7-f68-o1\" lang=\"fr-FR\" dir=\"ltr\" data-wpcf7-id=\"68\">\n<div class=\"screen-reader-response\"><p role=\"status\" aria-live=\"polite\" aria-atomic=\"true\"><\/p> <ul><\/ul><\/div>\n<form action=\"\/nl\/wp-json\/wp\/v2\/pages\/2461#wpcf7-f68-o1\" method=\"post\" class=\"wpcf7-form init\" aria-label=\"Formulaire de contact\" novalidate=\"novalidate\" data-status=\"init\">\n<fieldset class=\"hidden-fields-container\"><input type=\"hidden\" name=\"_wpcf7\" value=\"68\" \/><input type=\"hidden\" name=\"_wpcf7_version\" value=\"6.1.5\" \/><input type=\"hidden\" name=\"_wpcf7_locale\" value=\"fr_FR\" \/><input type=\"hidden\" name=\"_wpcf7_unit_tag\" value=\"wpcf7-f68-o1\" \/><input type=\"hidden\" name=\"_wpcf7_container_post\" value=\"0\" \/><input type=\"hidden\" name=\"_wpcf7_posted_data_hash\" value=\"\" \/><input type=\"hidden\" name=\"_wpcf7_recaptcha_response\" value=\"\" \/>\n<\/fieldset>\n<div class=\"form-group\">\n\t<p><label for=\"contact_name\">Nom, pr\u00e9nom<\/label><br \/>\n<span class=\"wpcf7-form-control-wrap\" data-name=\"contact_name\"><input size=\"40\" maxlength=\"400\" class=\"wpcf7-form-control wpcf7-text wpcf7-validates-as-required form-control\" id=\"contact_name\" aria-required=\"true\" aria-invalid=\"false\" value=\"\" type=\"text\" name=\"contact_name\" \/><\/span>\n\t<\/p>\n<\/div>\n<div class=\"form-group\">\n\t<p><label for=\"contact_email\">E-mail<\/label><br \/>\n<span class=\"wpcf7-form-control-wrap\" data-name=\"email\"><input size=\"40\" maxlength=\"400\" class=\"wpcf7-form-control wpcf7-email wpcf7-validates-as-required wpcf7-text wpcf7-validates-as-email form-control\" id=\"contact_email\" aria-required=\"true\" aria-invalid=\"false\" value=\"\" type=\"email\" name=\"email\" \/><\/span>\n\t<\/p>\n<\/div>\n<div class=\"form-group\">\n\t<p><label for=\"contact_name\">Adresse, CP, Ville<\/label><br \/>\n<span class=\"wpcf7-form-control-wrap\" data-name=\"adresse\"><input size=\"40\" maxlength=\"400\" class=\"wpcf7-form-control wpcf7-text form-control\" id=\"contact_adresse\" aria-invalid=\"false\" value=\"\" type=\"text\" name=\"adresse\" \/><\/span>\n\t<\/p>\n<\/div>\n<div class=\"form-group\">\n\t<p><label for=\"contact_telephone\">Telephone<\/label><br \/>\n<span class=\"wpcf7-form-control-wrap\" data-name=\"telephone\"><input size=\"40\" maxlength=\"400\" class=\"wpcf7-form-control wpcf7-text form-control\" id=\"contact_telephone\" aria-invalid=\"false\" value=\"\" type=\"text\" name=\"telephone\" \/><\/span>\n\t<\/p>\n<\/div>\n<div class=\"form-group\">\n\t<p><label for=\"contact_location\">R\u00e9servation de :<\/label><br \/>\n<span class=\"wpcf7-form-control-wrap\" data-name=\"location\"><select class=\"wpcf7-form-control wpcf7-select form-control\" id=\"contact_location\" aria-invalid=\"false\" name=\"location\"><option value=\"mobil-home\" selected=\"selected\">mobil-home<\/option><option value=\"bungalow toil\u00e9\">bungalow toil\u00e9<\/option><option value=\"empl. tente\">empl. tente<\/option><option value=\"empl. caravane\">empl. caravane<\/option><option value=\"empl. camping-car\">empl. camping-car<\/option><\/select><\/span>\n\t<\/p>\n<\/div>\n<div class=\"form-group\">\n\t<p><label for=\"contact_adultes\">Nombre d'adultes<\/label><br \/>\n<span class=\"wpcf7-form-control-wrap\" data-name=\"adultes\"><input size=\"40\" maxlength=\"400\" class=\"wpcf7-form-control wpcf7-text form-control\" id=\"contact_adultes\" aria-invalid=\"false\" value=\"\" type=\"text\" name=\"adultes\" \/><\/span>\n\t<\/p>\n<\/div>\n<div class=\"form-group\">\n\t<p><label for=\"contact_adultes\">Nombre d'enfants<\/label><br \/>\n<span class=\"wpcf7-form-control-wrap\" data-name=\"enfants\"><input size=\"40\" maxlength=\"400\" class=\"wpcf7-form-control wpcf7-text form-control\" id=\"contact_enfants\" aria-invalid=\"false\" value=\"\" type=\"text\" name=\"enfants\" \/><\/span>\n\t<\/p>\n<\/div>\n<div class=\"form-group\">\n\t<p><label for=\"contact_message\">Message<\/label><br \/>\n<span class=\"wpcf7-form-control-wrap\" data-name=\"message\"><textarea cols=\"40\" rows=\"10\" maxlength=\"2000\" class=\"wpcf7-form-control wpcf7-textarea form-control\" id=\"contact_message\" aria-invalid=\"false\" name=\"message\"><\/textarea><\/span>\n\t<\/p>\n<\/div>\n<div class=\"form-group\">\n\t<p><span class=\"wpcf7-form-control-wrap\" data-name=\"checkbox-5685\"><span class=\"wpcf7-form-control wpcf7-checkbox wpcf7-validates-as-required\"><span class=\"wpcf7-list-item first last\"><input type=\"checkbox\" name=\"checkbox-5685[]\" value=\"En soumettant ce formulaire, j&#039;accepte que les informations saisies soient exploit\u00e9es dans le cadre de la demande d&#039;informations, de disponibilit\u00e9s, de r\u00e9servation et de la relation commerciale qui peut en d\u00e9couler.\" \/><span class=\"wpcf7-list-item-label\">En soumettant ce formulaire, j&#039;accepte que les informations saisies soient exploit\u00e9es dans le cadre de la demande d&#039;informations, de disponibilit\u00e9s, de r\u00e9servation et de la relation commerciale qui peut en d\u00e9couler.<\/span><\/span><\/span><\/span>\n\t<\/p>\n\t<p><input class=\"wpcf7-form-control wpcf7-submit has-spinner btn btn-primary\" type=\"submit\" value=\"Envoyer\" \/>\n\t<\/p>\n<\/div><p style=\"display: none !important;\" class=\"akismet-fields-container\" data-prefix=\"_wpcf7_ak_\"><label>&#916;<textarea name=\"_wpcf7_ak_hp_textarea\" cols=\"45\" rows=\"8\" maxlength=\"100\"><\/textarea><\/label><input type=\"hidden\" id=\"ak_js_1\" name=\"_wpcf7_ak_js\" value=\"107\"\/><script type=\"text\/javascript\">\n\/* <![CDATA[ *\/\ndocument.getElementById( \"ak_js_1\" ).setAttribute( \"value\", ( new Date() ).getTime() );\n\/* ]]> *\/\n<\/script>\n<\/p><div class=\"wpcf7-response-output\" aria-hidden=\"true\"><\/div>\n<\/form>\n<\/div>\n<br \/><\/div><br \/>\n<div class='content-column one_half last_column'><iframe class=\"access-map\" style=\"width: 100%; border: 0;\" src=\"https:\/\/www.google.com\/maps\/embed?pb=!1m14!1m8!1m3!1d11396.803611156902!2d4.353513!3d44.429041!3m2!1i1024!2i768!4f13.1!3m3!1m2!1s0x0%3A0xb000364bde4fb80c!2sSun+Camping!5e0!3m2!1sfr!2sfr!4v1486384860816\" width=\"800\" height=\"500\" frameborder=\"0\" allowfullscreen=\"allowfullscreen\"><\/iframe><\/p>\n<p style=\"text-align: center;\">Campingadres in het zuiden van de&nbsp; Ard\u00e8che<\/p>\n<p style=\"text-align: center;\"><span style=\"font-size: 18pt;\">Sun Camping&nbsp;<\/span><br \/>\n<span style=\"font-size: 18pt;\">10 chemin de Pibous<\/span><br \/>\n<span style=\"font-size: 18pt;\">07120 Sampzon<\/span><\/p>\n<p style=\"text-align: center;\"><span style=\"font-size: 14pt;\">Telefoon<\/span><\/p>\n<p style=\"text-align: center;\"><span style=\"font-size: 14pt;\"><strong> 00 33 (0)4 75 39 76 12<\/strong><\/span><\/p>\n<p style=\"text-align: center;\">E-mailen<\/p>\n<p style=\"text-align: center;\"><a href=\"mailto:sun-camping@orange.fr\"><span style=\"font-size: 14pt;\"><strong>sun-camping@orange.fr<\/strong><\/span><\/a><\/p><\/div><div class='clear_column'><\/div><\/p>\n<p>Om uw rechten te kennen en uit te oefenen, met name om uw toestemming voor het gebruil van de door dit formulier verzamelde gegevens in te trekken, kunt u onze <a href=\"https:\/\/www.suncamping.com\/mentions-legales\/\">politique de confidentialit\u00e9s<\/a>.<\/p>\n<pre id=\"tw-target-text\" class=\"tw-data-text tw-text-large tw-ta\" dir=\"ltr\" data-placeholder=\"Traduction\"><\/pre>\n","protected":false},"excerpt":{"rendered":"<p>Boek uw verblijf in de Ard\u00e8che Om uw rechten te kennen en uit te oefenen, met name om uw toestemming voor het gebruil van de door dit formulier verzamelde gegevens in te trekken, kunt u onze politique de confidentialit\u00e9s.<\/p>\n","protected":false},"author":2,"featured_media":0,"parent":0,"menu_order":0,"comment_status":"closed","ping_status":"closed","template":"","meta":{"footnotes":""},"class_list":["post-2461","page","type-page","status-publish","hentry"],"yoast_head":"<!-- This site is optimized with the Yoast SEO plugin v27.5 - https:\/\/yoast.com\/product\/yoast-seo-wordpress\/ -->\n<title>Boek een camping in de Ard\u00e8che<\/title>\n<meta name=\"description\" content=\"Reserveer uw kampeerplaats of stacaravan op een mooie camping aan de rivier in de Ard\u00e8che. Wit water en prachtige wandelingen in het vooruitzicht!\" \/>\n<meta name=\"robots\" content=\"index, follow, max-snippet:-1, max-image-preview:large, max-video-preview:-1\" \/>\n<link rel=\"canonical\" href=\"https:\/\/www.suncamping.com\/nl\/acces-contact\/\" \/>\n<meta property=\"og:locale\" content=\"nl_NL\" \/>\n<meta property=\"og:type\" content=\"article\" \/>\n<meta property=\"og:title\" content=\"Boek een camping in de Ard\u00e8che\" \/>\n<meta property=\"og:description\" content=\"Reserveer uw kampeerplaats of stacaravan op een mooie camping aan de rivier in de Ard\u00e8che. Wit water en prachtige wandelingen in het vooruitzicht!\" \/>\n<meta property=\"og:url\" content=\"https:\/\/www.suncamping.com\/nl\/acces-contact\/\" \/>\n<meta property=\"og:site_name\" content=\"Sun Camping\" \/>\n<meta property=\"article:modified_time\" content=\"2023-03-24T14:07:55+00:00\" \/>\n<meta name=\"twitter:card\" content=\"summary_large_image\" \/>\n<meta name=\"twitter:label1\" content=\"Geschatte leestijd\" \/>\n\t<meta name=\"twitter:data1\" content=\"1 minuut\" \/>\n<script type=\"application\/ld+json\" class=\"yoast-schema-graph\">{\"@context\":\"https:\\\/\\\/schema.org\",\"@graph\":[{\"@type\":\"WebPage\",\"@id\":\"https:\\\/\\\/www.suncamping.com\\\/nl\\\/acces-contact\\\/\",\"url\":\"https:\\\/\\\/www.suncamping.com\\\/nl\\\/acces-contact\\\/\",\"name\":\"Boek een camping in de Ard\u00e8che\",\"isPartOf\":{\"@id\":\"https:\\\/\\\/www.suncamping.com\\\/#website\"},\"datePublished\":\"2016-12-10T09:33:24+00:00\",\"dateModified\":\"2023-03-24T14:07:55+00:00\",\"description\":\"Reserveer uw kampeerplaats of stacaravan op een mooie camping aan de rivier in de Ard\u00e8che. Wit water en prachtige wandelingen in het vooruitzicht!\",\"breadcrumb\":{\"@id\":\"https:\\\/\\\/www.suncamping.com\\\/nl\\\/acces-contact\\\/#breadcrumb\"},\"inLanguage\":\"nl-NL\",\"potentialAction\":[{\"@type\":\"ReadAction\",\"target\":[\"https:\\\/\\\/www.suncamping.com\\\/nl\\\/acces-contact\\\/\"]}]},{\"@type\":\"BreadcrumbList\",\"@id\":\"https:\\\/\\\/www.suncamping.com\\\/nl\\\/acces-contact\\\/#breadcrumb\",\"itemListElement\":[{\"@type\":\"ListItem\",\"position\":1,\"name\":\"Accueil\",\"item\":\"https:\\\/\\\/www.suncamping.com\\\/nl\\\/\"},{\"@type\":\"ListItem\",\"position\":2,\"name\":\"Toegang \\\/ Contact\"}]},{\"@type\":\"WebSite\",\"@id\":\"https:\\\/\\\/www.suncamping.com\\\/#website\",\"url\":\"https:\\\/\\\/www.suncamping.com\\\/\",\"name\":\"Sun Camping\",\"description\":\"\",\"potentialAction\":[{\"@type\":\"SearchAction\",\"target\":{\"@type\":\"EntryPoint\",\"urlTemplate\":\"https:\\\/\\\/www.suncamping.com\\\/?s={search_term_string}\"},\"query-input\":{\"@type\":\"PropertyValueSpecification\",\"valueRequired\":true,\"valueName\":\"search_term_string\"}}],\"inLanguage\":\"nl-NL\"}]}<\/script>\n<!-- \/ Yoast SEO plugin. -->","yoast_head_json":{"title":"Boek een camping in de Ard\u00e8che","description":"Reserveer uw kampeerplaats of stacaravan op een mooie camping aan de rivier in de Ard\u00e8che. Wit water en prachtige wandelingen in het vooruitzicht!","robots":{"index":"index","follow":"follow","max-snippet":"max-snippet:-1","max-image-preview":"max-image-preview:large","max-video-preview":"max-video-preview:-1"},"canonical":"https:\/\/www.suncamping.com\/nl\/acces-contact\/","og_locale":"nl_NL","og_type":"article","og_title":"Boek een camping in de Ard\u00e8che","og_description":"Reserveer uw kampeerplaats of stacaravan op een mooie camping aan de rivier in de Ard\u00e8che. Wit water en prachtige wandelingen in het vooruitzicht!","og_url":"https:\/\/www.suncamping.com\/nl\/acces-contact\/","og_site_name":"Sun Camping","article_modified_time":"2023-03-24T14:07:55+00:00","twitter_card":"summary_large_image","twitter_misc":{"Geschatte leestijd":"1 minuut"},"schema":{"@context":"https:\/\/schema.org","@graph":[{"@type":"WebPage","@id":"https:\/\/www.suncamping.com\/nl\/acces-contact\/","url":"https:\/\/www.suncamping.com\/nl\/acces-contact\/","name":"Boek een camping in de Ard\u00e8che","isPartOf":{"@id":"https:\/\/www.suncamping.com\/#website"},"datePublished":"2016-12-10T09:33:24+00:00","dateModified":"2023-03-24T14:07:55+00:00","description":"Reserveer uw kampeerplaats of stacaravan op een mooie camping aan de rivier in de Ard\u00e8che. Wit water en prachtige wandelingen in het vooruitzicht!","breadcrumb":{"@id":"https:\/\/www.suncamping.com\/nl\/acces-contact\/#breadcrumb"},"inLanguage":"nl-NL","potentialAction":[{"@type":"ReadAction","target":["https:\/\/www.suncamping.com\/nl\/acces-contact\/"]}]},{"@type":"BreadcrumbList","@id":"https:\/\/www.suncamping.com\/nl\/acces-contact\/#breadcrumb","itemListElement":[{"@type":"ListItem","position":1,"name":"Accueil","item":"https:\/\/www.suncamping.com\/nl\/"},{"@type":"ListItem","position":2,"name":"Toegang \/ Contact"}]},{"@type":"WebSite","@id":"https:\/\/www.suncamping.com\/#website","url":"https:\/\/www.suncamping.com\/","name":"Sun Camping","description":"","potentialAction":[{"@type":"SearchAction","target":{"@type":"EntryPoint","urlTemplate":"https:\/\/www.suncamping.com\/?s={search_term_string}"},"query-input":{"@type":"PropertyValueSpecification","valueRequired":true,"valueName":"search_term_string"}}],"inLanguage":"nl-NL"}]}},"_links":{"self":[{"href":"https:\/\/www.suncamping.com\/nl\/wp-json\/wp\/v2\/pages\/2461","targetHints":{"allow":["GET"]}}],"collection":[{"href":"https:\/\/www.suncamping.com\/nl\/wp-json\/wp\/v2\/pages"}],"about":[{"href":"https:\/\/www.suncamping.com\/nl\/wp-json\/wp\/v2\/types\/page"}],"author":[{"embeddable":true,"href":"https:\/\/www.suncamping.com\/nl\/wp-json\/wp\/v2\/users\/2"}],"replies":[{"embeddable":true,"href":"https:\/\/www.suncamping.com\/nl\/wp-json\/wp\/v2\/comments?post=2461"}],"version-history":[{"count":0,"href":"https:\/\/www.suncamping.com\/nl\/wp-json\/wp\/v2\/pages\/2461\/revisions"}],"wp:attachment":[{"href":"https:\/\/www.suncamping.com\/nl\/wp-json\/wp\/v2\/media?parent=2461"}],"curies":[{"name":"wp","href":"https:\/\/api.w.org\/{rel}","templated":true}]}}