{"id":2353,"date":"2016-12-10T10:33:24","date_gmt":"2016-12-10T09:33:24","guid":{"rendered":"https:\/\/www.suncamping.com\/camping\/"},"modified":"2023-04-01T10:38:38","modified_gmt":"2023-04-01T08:38:38","slug":"camping","status":"publish","type":"page","link":"https:\/\/www.suncamping.com\/nl\/camping\/","title":{"rendered":"Camping"},"content":{"rendered":"\n<h1 class=\"wp-block-heading\">3 sterren camping Ard\u00e8che<\/h1>\n\n\n\n<h2 class=\"wp-block-heading\">Uw kampeerplaats in de Ard\u00e8che op een 3-sterren camping met verwarmd zwembad aan de oever van de rivier op 150 meter. Reserveer een schaduwrijke standplaats voor tent, caravan of camper. Uw camping ligt aan de poort van de Gorges de l&#8217;Ard\u00e8che.<\/h2>\n\n\n\n<figure class=\"wp-block-gallery has-nested-images columns-3 is-cropped wp-block-gallery-1 is-layout-flex wp-block-gallery-is-layout-flex\">\n<figure class=\"wp-block-image\"><a href=\"https:\/\/www.suncamping.com\/wp-content\/uploads\/2017\/12\/emplacement-camping-ardeche.jpg\"><img fetchpriority=\"high\" decoding=\"async\" width=\"800\" height=\"600\" data-id=\"562\" src=\"https:\/\/www.suncamping.com\/wp-content\/uploads\/2017\/12\/emplacement-camping-ardeche.jpg\" alt=\"emplacement camping ardeche pour 6 personnes\" class=\"wp-image-562\" srcset=\"https:\/\/www.suncamping.com\/wp-content\/uploads\/2017\/12\/emplacement-camping-ardeche.jpg 800w, https:\/\/www.suncamping.com\/wp-content\/uploads\/2017\/12\/emplacement-camping-ardeche-300x225.jpg 300w, https:\/\/www.suncamping.com\/wp-content\/uploads\/2017\/12\/emplacement-camping-ardeche-768x576.jpg 768w\" sizes=\"(max-width: 800px) 100vw, 800px\" \/><\/a><\/figure>\n\n\n\n<figure class=\"wp-block-image\"><a href=\"https:\/\/www.suncamping.com\/wp-content\/uploads\/2017\/12\/emplacement-sampzon.jpg\"><img decoding=\"async\" width=\"800\" height=\"600\" data-id=\"563\" src=\"https:\/\/www.suncamping.com\/wp-content\/uploads\/2017\/12\/emplacement-sampzon.jpg\" alt=\"emplacement de camping \u00e0 Sampzon\" class=\"wp-image-563\" srcset=\"https:\/\/www.suncamping.com\/wp-content\/uploads\/2017\/12\/emplacement-sampzon.jpg 800w, https:\/\/www.suncamping.com\/wp-content\/uploads\/2017\/12\/emplacement-sampzon-300x225.jpg 300w, https:\/\/www.suncamping.com\/wp-content\/uploads\/2017\/12\/emplacement-sampzon-768x576.jpg 768w\" sizes=\"(max-width: 800px) 100vw, 800px\" \/><\/a><\/figure>\n\n\n\n<figure class=\"wp-block-image\"><a href=\"https:\/\/www.suncamping.com\/wp-content\/uploads\/2017\/12\/sun-camping-sampzon.jpg\"><img decoding=\"async\" width=\"800\" height=\"600\" data-id=\"564\" src=\"https:\/\/www.suncamping.com\/wp-content\/uploads\/2017\/12\/sun-camping-sampzon.jpg\" alt=\"camping tente sampzon\" class=\"wp-image-564\" srcset=\"https:\/\/www.suncamping.com\/wp-content\/uploads\/2017\/12\/sun-camping-sampzon.jpg 800w, https:\/\/www.suncamping.com\/wp-content\/uploads\/2017\/12\/sun-camping-sampzon-300x225.jpg 300w, https:\/\/www.suncamping.com\/wp-content\/uploads\/2017\/12\/sun-camping-sampzon-768x576.jpg 768w\" sizes=\"(max-width: 800px) 100vw, 800px\" \/><\/a><\/figure>\n\n\n\n<figure class=\"wp-block-image\"><a href=\"https:\/\/www.suncamping.com\/wp-content\/uploads\/2017\/12\/sun-camping-ardeche.jpg\"><img loading=\"lazy\" decoding=\"async\" width=\"800\" height=\"600\" data-id=\"565\" src=\"https:\/\/www.suncamping.com\/wp-content\/uploads\/2017\/12\/sun-camping-ardeche.jpg\" alt=\"camping tente caravane sampzon\" class=\"wp-image-565\" srcset=\"https:\/\/www.suncamping.com\/wp-content\/uploads\/2017\/12\/sun-camping-ardeche.jpg 800w, https:\/\/www.suncamping.com\/wp-content\/uploads\/2017\/12\/sun-camping-ardeche-300x225.jpg 300w, https:\/\/www.suncamping.com\/wp-content\/uploads\/2017\/12\/sun-camping-ardeche-768x576.jpg 768w\" sizes=\"(max-width: 800px) 100vw, 800px\" \/><\/a><\/figure>\n\n\n\n<figure class=\"wp-block-image\"><a href=\"https:\/\/www.suncamping.com\/wp-content\/uploads\/2016\/12\/emplacement-camping-ardeche.jpg\"><img loading=\"lazy\" decoding=\"async\" width=\"711\" height=\"533\" data-id=\"162\" src=\"https:\/\/www.suncamping.com\/wp-content\/uploads\/2016\/12\/emplacement-camping-ardeche.jpg\" alt=\"emplacement camping ard\u00e8che\" class=\"wp-image-162\" srcset=\"https:\/\/www.suncamping.com\/wp-content\/uploads\/2016\/12\/emplacement-camping-ardeche.jpg 711w, https:\/\/www.suncamping.com\/wp-content\/uploads\/2016\/12\/emplacement-camping-ardeche-300x225.jpg 300w\" sizes=\"(max-width: 711px) 100vw, 711px\" \/><\/a><\/figure>\n\n\n\n<figure class=\"wp-block-image\"><a href=\"https:\/\/www.suncamping.com\/wp-content\/uploads\/2016\/12\/camping-ruoms.jpg\"><img loading=\"lazy\" decoding=\"async\" width=\"683\" height=\"533\" data-id=\"161\" src=\"https:\/\/www.suncamping.com\/wp-content\/uploads\/2016\/12\/camping-ruoms.jpg\" alt=\"camping proche ruoms\" class=\"wp-image-161\" srcset=\"https:\/\/www.suncamping.com\/wp-content\/uploads\/2016\/12\/camping-ruoms.jpg 683w, https:\/\/www.suncamping.com\/wp-content\/uploads\/2016\/12\/camping-ruoms-300x234.jpg 300w\" sizes=\"(max-width: 683px) 100vw, 683px\" \/><\/a><\/figure>\n\n\n\n<figure class=\"wp-block-image\"><a href=\"https:\/\/www.suncamping.com\/wp-content\/uploads\/2016\/12\/camping-ardeche-ruoms.jpg\"><img loading=\"lazy\" decoding=\"async\" width=\"711\" height=\"533\" data-id=\"160\" src=\"https:\/\/www.suncamping.com\/wp-content\/uploads\/2016\/12\/camping-ardeche-ruoms.jpg\" alt=\"camping ardeche sud ruoms\" class=\"wp-image-160\" srcset=\"https:\/\/www.suncamping.com\/wp-content\/uploads\/2016\/12\/camping-ardeche-ruoms.jpg 711w, https:\/\/www.suncamping.com\/wp-content\/uploads\/2016\/12\/camping-ardeche-ruoms-300x225.jpg 300w\" sizes=\"(max-width: 711px) 100vw, 711px\" \/><\/a><\/figure>\n\n\n\n<figure class=\"wp-block-image\"><a href=\"https:\/\/www.suncamping.com\/wp-content\/uploads\/2016\/12\/camping-ardeche-bord-riviere.jpg\"><img loading=\"lazy\" decoding=\"async\" width=\"800\" height=\"533\" data-id=\"159\" src=\"https:\/\/www.suncamping.com\/wp-content\/uploads\/2016\/12\/camping-ardeche-bord-riviere.jpg\" alt=\"camping adeche\" class=\"wp-image-159\" srcset=\"https:\/\/www.suncamping.com\/wp-content\/uploads\/2016\/12\/camping-ardeche-bord-riviere.jpg 800w, https:\/\/www.suncamping.com\/wp-content\/uploads\/2016\/12\/camping-ardeche-bord-riviere-300x200.jpg 300w, https:\/\/www.suncamping.com\/wp-content\/uploads\/2016\/12\/camping-ardeche-bord-riviere-768x512.jpg 768w\" sizes=\"(max-width: 800px) 100vw, 800px\" \/><\/a><\/figure>\n\n\n\n<figure class=\"wp-block-image\"><a href=\"https:\/\/www.suncamping.com\/wp-content\/uploads\/2016\/12\/camping-ardeche-3-etoiles.jpg\"><img loading=\"lazy\" decoding=\"async\" width=\"711\" height=\"533\" data-id=\"158\" src=\"https:\/\/www.suncamping.com\/wp-content\/uploads\/2016\/12\/camping-ardeche-3-etoiles.jpg\" alt=\"camping ardeche sud 3 \u00e9toiles\" class=\"wp-image-158\" srcset=\"https:\/\/www.suncamping.com\/wp-content\/uploads\/2016\/12\/camping-ardeche-3-etoiles.jpg 711w, https:\/\/www.suncamping.com\/wp-content\/uploads\/2016\/12\/camping-ardeche-3-etoiles-300x225.jpg 300w\" sizes=\"(max-width: 711px) 100vw, 711px\" \/><\/a><\/figure>\n<\/figure>\n\n\n\n<p><\/p>\n\n\n\n<h2 class=\"wp-block-heading\">Uw camping in de buurt van Vallon Pont d&#8217;Arc<\/h2>\n\n\n\n<p>Reserveer een staanplaats in het hart van de zuidelijke Ard\u00e8che en beleef het avontuur, met z&#8217;n twee\u00ebn, met het gezin of met vrienden, vanaf de camping heeft u toegang tot meerdere wildwateractiviteiten, wandelen of hiken op de gemarkeerde paden van de canyon van de Ard\u00e8che, in de buurt van Vallon Pont d&#8217;Arc en Ruoms.<\/p>\n\n\n\n<p>Uw standplaats geeft u toegang tot alle faciliteiten van de camping. Profiteer van het zwembad met peuterbad, ontspan op een ligstoel onder een parasol, maak gebruik van de verschillende recreatiemogelijkheden van de camping en ontdek de magie van de Ard\u00e8che.<\/p>\n\n\n\n<p>Plaatsen : Aankomst 14.00 uur, vertrek voor 11.00 uur<\/p>\n\n\n\n<p>AANVAARDINGEN: contant, postwissel, bank- of postcheque, blue card, visa, eurocard, vakantiebonnen, e.cheque vacances, bankoverschrijving.AANVAARDINGEN: contant, postwissel, bank- of postcheque, blue card, visa, eurocard, vakantiebonnen, e.cheque vacances, bankoverschrijving.<\/p>\n\n\n\n<p>&nbsp;<\/p>\n\n\n\n<h3 class=\"wp-block-heading\">Sanitair blok<\/h3>\n\n\n\n<figure class=\"wp-block-image\"><img loading=\"lazy\" decoding=\"async\" width=\"1000\" height=\"750\" src=\"https:\/\/www.suncamping.com\/wp-content\/uploads\/2019\/02\/camping-beaux-sanitaires-ardeche.jpg\" alt=\"camping ardeche sanitaires recents\" class=\"wp-image-725\" srcset=\"https:\/\/www.suncamping.com\/wp-content\/uploads\/2019\/02\/camping-beaux-sanitaires-ardeche.jpg 1000w, https:\/\/www.suncamping.com\/wp-content\/uploads\/2019\/02\/camping-beaux-sanitaires-ardeche-300x225.jpg 300w, https:\/\/www.suncamping.com\/wp-content\/uploads\/2019\/02\/camping-beaux-sanitaires-ardeche-768x576.jpg 768w\" sizes=\"(max-width: 1000px) 100vw, 1000px\" \/><\/figure>\n\n\n\n<p>Als u de voorkeur geeft aan het comfort van een stacaravan of bungalow : klik hier<\/p>\n","protected":false},"excerpt":{"rendered":"<p>3 sterren camping Ard\u00e8che Uw kampeerplaats in de Ard\u00e8che op een 3-sterren camping met verwarmd zwembad aan de oever van de rivier op 150 meter. Reserveer een schaduwrijke standplaats voor tent, caravan of camper. Uw camping ligt aan de poort van de Gorges de l&#8217;Ard\u00e8che. Uw camping in de buurt van Vallon Pont d&#8217;Arc Reserveer een staanplaats in het hart van de zuidelijke Ard\u00e8che en beleef het avontuur, met z&#8217;n twee\u00ebn, met het gezin of met vrienden, vanaf de camping heeft u toegang tot meerdere wildwateractiviteiten, wandelen of hiken op de gemarkeerde paden van de canyon van de Ard\u00e8che, in de buurt van Vallon Pont d&#8217;Arc en Ruoms. Uw standplaats geeft u toegang tot alle faciliteiten van de camping. Profiteer van het zwembad met peuterbad, ontspan op een ligstoel onder een parasol, maak gebruik van de verschillende recreatiemogelijkheden van de camping en ontdek de magie van de Ard\u00e8che. Plaatsen : Aankomst 14.00 uur, vertrek voor 11.00 uur AANVAARDINGEN: contant, postwissel, bank- of postcheque, blue card, visa, eurocard, vakantiebonnen, e.cheque vacances, bankoverschrijving.AANVAARDINGEN: contant, postwissel, bank- of postcheque, blue card, visa, eurocard, vakantiebonnen, e.cheque vacances, bankoverschrijving. &nbsp; Sanitair blok Als u de voorkeur geeft aan het comfort van een stacaravan of bungalow : klik hier<\/p>\n","protected":false},"author":3,"featured_media":0,"parent":0,"menu_order":0,"comment_status":"closed","ping_status":"closed","template":"custom-index-sidebar.php","meta":{"footnotes":""},"class_list":["post-2353","page","type-page","status-publish","hentry"],"yoast_head":"<!-- This site is optimized with the Yoast SEO plugin v27.4 - https:\/\/yoast.com\/product\/yoast-seo-wordpress\/ -->\n<title>Kampeerplaats in Zuid-Ard\u00e8che - Vallon Pont d&#039;Arc Ruoms | Le SUN<\/title>\n<meta name=\"description\" content=\"Uw camping in de Ard\u00e8che om de kloven van Ruoms en de vallei van Pont d&#039;Arc te bezoeken. 3 sterren camping met zwembad in de Ard\u00e8che.\" \/>\n<meta name=\"robots\" content=\"index, follow, max-snippet:-1, max-image-preview:large, max-video-preview:-1\" \/>\n<link rel=\"canonical\" href=\"https:\/\/www.suncamping.com\/nl\/camping\/\" \/>\n<meta property=\"og:locale\" content=\"nl_NL\" \/>\n<meta property=\"og:type\" content=\"article\" \/>\n<meta property=\"og:title\" content=\"Kampeerplaats in Zuid-Ard\u00e8che - Vallon Pont d&#039;Arc Ruoms | Le SUN\" \/>\n<meta property=\"og:description\" content=\"Uw camping in de Ard\u00e8che om de kloven van Ruoms en de vallei van Pont d&#039;Arc te bezoeken. 3 sterren camping met zwembad in de Ard\u00e8che.\" \/>\n<meta property=\"og:url\" content=\"https:\/\/www.suncamping.com\/nl\/camping\/\" \/>\n<meta property=\"og:site_name\" content=\"Sun Camping\" \/>\n<meta property=\"article:modified_time\" content=\"2023-04-01T08:38:38+00:00\" \/>\n<meta property=\"og:image\" content=\"https:\/\/www.suncamping.com\/wp-content\/uploads\/2017\/12\/emplacement-camping-ardeche.jpg\" \/>\n<meta name=\"twitter:card\" content=\"summary_large_image\" \/>\n<meta name=\"twitter:label1\" content=\"Geschatte leestijd\" \/>\n\t<meta name=\"twitter:data1\" content=\"4 minuten\" \/>\n<script type=\"application\/ld+json\" class=\"yoast-schema-graph\">{\"@context\":\"https:\\\/\\\/schema.org\",\"@graph\":[{\"@type\":\"WebPage\",\"@id\":\"https:\\\/\\\/www.suncamping.com\\\/nl\\\/camping\\\/\",\"url\":\"https:\\\/\\\/www.suncamping.com\\\/nl\\\/camping\\\/\",\"name\":\"Kampeerplaats in Zuid-Ard\u00e8che - Vallon Pont d'Arc Ruoms | Le SUN\",\"isPartOf\":{\"@id\":\"https:\\\/\\\/www.suncamping.com\\\/#website\"},\"primaryImageOfPage\":{\"@id\":\"https:\\\/\\\/www.suncamping.com\\\/nl\\\/camping\\\/#primaryimage\"},\"image\":{\"@id\":\"https:\\\/\\\/www.suncamping.com\\\/nl\\\/camping\\\/#primaryimage\"},\"thumbnailUrl\":\"https:\\\/\\\/www.suncamping.com\\\/wp-content\\\/uploads\\\/2017\\\/12\\\/emplacement-camping-ardeche.jpg\",\"datePublished\":\"2016-12-10T09:33:24+00:00\",\"dateModified\":\"2023-04-01T08:38:38+00:00\",\"description\":\"Uw camping in de Ard\u00e8che om de kloven van Ruoms en de vallei van Pont d'Arc te bezoeken. 3 sterren camping met zwembad in de Ard\u00e8che.\",\"breadcrumb\":{\"@id\":\"https:\\\/\\\/www.suncamping.com\\\/nl\\\/camping\\\/#breadcrumb\"},\"inLanguage\":\"nl-NL\",\"potentialAction\":[{\"@type\":\"ReadAction\",\"target\":[\"https:\\\/\\\/www.suncamping.com\\\/nl\\\/camping\\\/\"]}]},{\"@type\":\"ImageObject\",\"inLanguage\":\"nl-NL\",\"@id\":\"https:\\\/\\\/www.suncamping.com\\\/nl\\\/camping\\\/#primaryimage\",\"url\":\"https:\\\/\\\/www.suncamping.com\\\/wp-content\\\/uploads\\\/2017\\\/12\\\/emplacement-camping-ardeche.jpg\",\"contentUrl\":\"https:\\\/\\\/www.suncamping.com\\\/wp-content\\\/uploads\\\/2017\\\/12\\\/emplacement-camping-ardeche.jpg\"},{\"@type\":\"BreadcrumbList\",\"@id\":\"https:\\\/\\\/www.suncamping.com\\\/nl\\\/camping\\\/#breadcrumb\",\"itemListElement\":[{\"@type\":\"ListItem\",\"position\":1,\"name\":\"Accueil\",\"item\":\"https:\\\/\\\/www.suncamping.com\\\/nl\\\/\"},{\"@type\":\"ListItem\",\"position\":2,\"name\":\"Camping\"}]},{\"@type\":\"WebSite\",\"@id\":\"https:\\\/\\\/www.suncamping.com\\\/#website\",\"url\":\"https:\\\/\\\/www.suncamping.com\\\/\",\"name\":\"Sun Camping\",\"description\":\"\",\"potentialAction\":[{\"@type\":\"SearchAction\",\"target\":{\"@type\":\"EntryPoint\",\"urlTemplate\":\"https:\\\/\\\/www.suncamping.com\\\/?s={search_term_string}\"},\"query-input\":{\"@type\":\"PropertyValueSpecification\",\"valueRequired\":true,\"valueName\":\"search_term_string\"}}],\"inLanguage\":\"nl-NL\"}]}<\/script>\n<!-- \/ Yoast SEO plugin. -->","yoast_head_json":{"title":"Kampeerplaats in Zuid-Ard\u00e8che - Vallon Pont d'Arc Ruoms | Le SUN","description":"Uw camping in de Ard\u00e8che om de kloven van Ruoms en de vallei van Pont d'Arc te bezoeken. 3 sterren camping met zwembad in de Ard\u00e8che.","robots":{"index":"index","follow":"follow","max-snippet":"max-snippet:-1","max-image-preview":"max-image-preview:large","max-video-preview":"max-video-preview:-1"},"canonical":"https:\/\/www.suncamping.com\/nl\/camping\/","og_locale":"nl_NL","og_type":"article","og_title":"Kampeerplaats in Zuid-Ard\u00e8che - Vallon Pont d'Arc Ruoms | Le SUN","og_description":"Uw camping in de Ard\u00e8che om de kloven van Ruoms en de vallei van Pont d'Arc te bezoeken. 3 sterren camping met zwembad in de Ard\u00e8che.","og_url":"https:\/\/www.suncamping.com\/nl\/camping\/","og_site_name":"Sun Camping","article_modified_time":"2023-04-01T08:38:38+00:00","og_image":[{"url":"https:\/\/www.suncamping.com\/wp-content\/uploads\/2017\/12\/emplacement-camping-ardeche.jpg","type":"","width":"","height":""}],"twitter_card":"summary_large_image","twitter_misc":{"Geschatte leestijd":"4 minuten"},"schema":{"@context":"https:\/\/schema.org","@graph":[{"@type":"WebPage","@id":"https:\/\/www.suncamping.com\/nl\/camping\/","url":"https:\/\/www.suncamping.com\/nl\/camping\/","name":"Kampeerplaats in Zuid-Ard\u00e8che - Vallon Pont d'Arc Ruoms | Le SUN","isPartOf":{"@id":"https:\/\/www.suncamping.com\/#website"},"primaryImageOfPage":{"@id":"https:\/\/www.suncamping.com\/nl\/camping\/#primaryimage"},"image":{"@id":"https:\/\/www.suncamping.com\/nl\/camping\/#primaryimage"},"thumbnailUrl":"https:\/\/www.suncamping.com\/wp-content\/uploads\/2017\/12\/emplacement-camping-ardeche.jpg","datePublished":"2016-12-10T09:33:24+00:00","dateModified":"2023-04-01T08:38:38+00:00","description":"Uw camping in de Ard\u00e8che om de kloven van Ruoms en de vallei van Pont d'Arc te bezoeken. 3 sterren camping met zwembad in de Ard\u00e8che.","breadcrumb":{"@id":"https:\/\/www.suncamping.com\/nl\/camping\/#breadcrumb"},"inLanguage":"nl-NL","potentialAction":[{"@type":"ReadAction","target":["https:\/\/www.suncamping.com\/nl\/camping\/"]}]},{"@type":"ImageObject","inLanguage":"nl-NL","@id":"https:\/\/www.suncamping.com\/nl\/camping\/#primaryimage","url":"https:\/\/www.suncamping.com\/wp-content\/uploads\/2017\/12\/emplacement-camping-ardeche.jpg","contentUrl":"https:\/\/www.suncamping.com\/wp-content\/uploads\/2017\/12\/emplacement-camping-ardeche.jpg"},{"@type":"BreadcrumbList","@id":"https:\/\/www.suncamping.com\/nl\/camping\/#breadcrumb","itemListElement":[{"@type":"ListItem","position":1,"name":"Accueil","item":"https:\/\/www.suncamping.com\/nl\/"},{"@type":"ListItem","position":2,"name":"Camping"}]},{"@type":"WebSite","@id":"https:\/\/www.suncamping.com\/#website","url":"https:\/\/www.suncamping.com\/","name":"Sun Camping","description":"","potentialAction":[{"@type":"SearchAction","target":{"@type":"EntryPoint","urlTemplate":"https:\/\/www.suncamping.com\/?s={search_term_string}"},"query-input":{"@type":"PropertyValueSpecification","valueRequired":true,"valueName":"search_term_string"}}],"inLanguage":"nl-NL"}]}},"_links":{"self":[{"href":"https:\/\/www.suncamping.com\/nl\/wp-json\/wp\/v2\/pages\/2353","targetHints":{"allow":["GET"]}}],"collection":[{"href":"https:\/\/www.suncamping.com\/nl\/wp-json\/wp\/v2\/pages"}],"about":[{"href":"https:\/\/www.suncamping.com\/nl\/wp-json\/wp\/v2\/types\/page"}],"author":[{"embeddable":true,"href":"https:\/\/www.suncamping.com\/nl\/wp-json\/wp\/v2\/users\/3"}],"replies":[{"embeddable":true,"href":"https:\/\/www.suncamping.com\/nl\/wp-json\/wp\/v2\/comments?post=2353"}],"version-history":[{"count":0,"href":"https:\/\/www.suncamping.com\/nl\/wp-json\/wp\/v2\/pages\/2353\/revisions"}],"wp:attachment":[{"href":"https:\/\/www.suncamping.com\/nl\/wp-json\/wp\/v2\/media?parent=2353"}],"curies":[{"name":"wp","href":"https:\/\/api.w.org\/{rel}","templated":true}]}}