{"id":2194,"date":"2017-01-22T17:37:06","date_gmt":"2017-01-22T16:37:06","guid":{"rendered":"https:\/\/www.suncamping.com\/markets-ardeche\/"},"modified":"2023-02-20T15:26:32","modified_gmt":"2023-02-20T14:26:32","slug":"markets-ardeche","status":"publish","type":"page","link":"https:\/\/www.suncamping.com\/de\/markets-ardeche\/","title":{"rendered":"M\u00e4rkte in der Ard\u00e8che"},"content":{"rendered":"<h1>M\u00e4rkte in der Ard\u00e8che<\/h1>\n<p><img fetchpriority=\"high\" decoding=\"async\" class=\"alignleft size-medium wp-image-297\" src=\"https:\/\/www.suncamping.com\/wp-content\/uploads\/2017\/01\/marches-d-ardeche-279x300.jpg\" alt=\"\" width=\"279\" height=\"300\" srcset=\"https:\/\/www.suncamping.com\/wp-content\/uploads\/2017\/01\/marches-d-ardeche-279x300.jpg 279w, https:\/\/www.suncamping.com\/wp-content\/uploads\/2017\/01\/marches-d-ardeche.jpg 382w\" sizes=\"(max-width: 279px) 100vw, 279px\" \/><\/p>\n<p>Entdecken sie w\u00e4hrend ihres aufenthalts in der Ard\u00e8che die lokalen produkte, idem sie zwischen den marktst\u00e4nden rund um den campingplatz le Sun in Sampzon schlendern.<\/p>\n<p>Laden sie das dokument herunter: <a href=\"https:\/\/www.suncamping.com\/wp-content\/uploads\/2017\/01\/joursdemarcheen-ardeche.pdf\">markttag in der Ard\u00e8che<\/a><\/p>\n<table style=\"width: 100.119%;\" width=\"574\">\n<tbody>\n<tr>\n<td style=\"width: 19.7619%;\" width=\"113\">MARKTTAGE<\/td>\n<td style=\"width: 42.5%;\" width=\"248\">SETZT<\/td>\n<td style=\"width: 36.6667%;\" width=\"213\">NATCHTAKTIV<\/p>\n<p>(Juli und August)<\/td>\n<\/tr>\n<tr>\n<td style=\"width: 19.7619%;\" width=\"113\">MONTAG<\/td>\n<td style=\"width: 42.5%;\" width=\"248\"><strong>. Rozi\u00e8res<\/strong><\/p>\n<p><strong>. Saint Alban Auriolles(Juli und August)<\/strong><\/p>\n<p><strong>. Vog\u00fce &nbsp;<\/strong>(Juli und August)<\/td>\n<td style=\"width: 36.6667%;\" width=\"213\"><strong>. Barjac<\/strong><\/p>\n<p><strong>. Banne<\/strong><\/td>\n<\/tr>\n<tr>\n<td style=\"width: 19.7619%;\" width=\"113\">DIENSTAG<\/td>\n<td style=\"width: 42.5%;\" width=\"248\"><strong>. Largenti\u00e8re<\/strong><\/p>\n<p><strong>. Lagorce (produzenten)<\/strong><\/p>\n<p><strong>. Sampzon (produzenten)<\/strong><\/p>\n<p><strong>&nbsp; (<\/strong>Juli und August<strong>, kostenloser schuttle am eingang des campingplatzes)<\/strong><\/td>\n<td style=\"width: 36.6667%;\" width=\"213\"><strong>. Salavas <\/strong><strong>(16h30-19h juni\/september)<\/strong><\/p>\n<p><strong>. Vallon pont d\u2019arc<\/strong><\/p>\n<p><strong>. Balazuc <\/strong><strong>(18h-20h)<\/strong><\/p>\n<p><strong>. Les Vans <\/strong><strong>(18h-22h ende juni\/ende august)<\/strong><\/td>\n<\/tr>\n<tr>\n<td style=\"width: 19.7619%;\" width=\"113\">MITTWOCH<\/td>\n<td style=\"width: 42.5%;\" width=\"248\"><strong>. Joyeuse<\/strong><\/p>\n<p><strong>. Bourg saint And\u00e9ol <\/strong><\/p>\n<p><strong>&nbsp;&nbsp; (ende april\/ ende october)<\/strong><\/td>\n<td style=\"width: 36.6667%;\" width=\"213\"><strong>. Ruoms<\/strong><\/td>\n<\/tr>\n<tr>\n<td style=\"width: 19.7619%;\" width=\"113\">DONNERSTAG<\/td>\n<td style=\"width: 42.5%;\" width=\"248\"><strong>. Vallon pont d\u2019Arc<\/strong><\/p>\n<p><strong>&nbsp;<\/strong><\/td>\n<td style=\"width: 36.6667%;\" width=\"213\"><strong>. Joyeuse <\/strong><\/td>\n<\/tr>\n<tr>\n<td style=\"width: 19.7619%;\" width=\"113\">FREITAG<\/td>\n<td style=\"width: 42.5%;\" width=\"248\"><strong>. Ruoms<\/strong><\/p>\n<p><strong>. Barjac<\/strong><\/td>\n<td style=\"width: 36.6667%;\" width=\"213\"><strong>. Lagorce : produzenten<\/strong><\/p>\n<p><strong>&nbsp;&nbsp;&nbsp; (16h30-18h)<\/strong><\/p>\n<p><strong>. Largenti\u00e8re<\/strong><\/p>\n<p><strong>. Saint Martin d\u2019Ard\u00e8che<\/strong><\/td>\n<\/tr>\n<tr>\n<td style=\"width: 19.7619%;\" width=\"113\">SAMSTAG<\/td>\n<td style=\"width: 42.5%;\" width=\"248\"><strong>. Les Vans<\/strong><\/p>\n<p><strong>. Aubenas<\/strong><\/td>\n<td style=\"width: 36.6667%;\" width=\"213\"><strong>&nbsp;<\/strong><\/td>\n<\/tr>\n<tr>\n<td style=\"width: 19.7619%;\" width=\"113\">SONNTAG<\/td>\n<td style=\"width: 42.5%;\" width=\"248\"><strong>. Lablach\u00e8re<\/strong><\/p>\n<p><strong>. Saint martin&nbsp;<\/strong><b>d&#8217;Ard\u00e8che<\/b><\/p>\n<p><strong>&nbsp;&nbsp;&nbsp; (mitte juni- mitte september)<\/strong><\/p>\n<p><strong>. Ruoms : Bio + produzenten<\/strong><\/p>\n<p><strong>. Salavas : produzenten<\/strong><\/p>\n<p><strong>&nbsp;&nbsp; (mitte-juni- anfang september)<\/strong><\/td>\n<td style=\"width: 36.6667%;\" width=\"213\"><strong>. Joyeuse<\/strong><\/p>\n<p><strong>. Alba la romaine<\/strong><\/td>\n<\/tr>\n<\/tbody>\n<\/table>\n<p><em>M\u00e4rkte in der Ard\u00e8che<\/em><\/p>\n","protected":false},"excerpt":{"rendered":"<p>M\u00e4rkte in der Ard\u00e8che Entdecken sie w\u00e4hrend ihres aufenthalts in der Ard\u00e8che die lokalen produkte, idem sie zwischen den marktst\u00e4nden rund um den campingplatz le Sun in Sampzon schlendern. Laden sie das dokument herunter: markttag in der Ard\u00e8che MARKTTAGE SETZT NATCHTAKTIV (Juli und August) MONTAG . Rozi\u00e8res . Saint Alban Auriolles(Juli und August) . Vog\u00fce &nbsp;(Juli und August) . Barjac . Banne DIENSTAG . Largenti\u00e8re . Lagorce (produzenten) . Sampzon (produzenten) &nbsp; (Juli und August, kostenloser schuttle am eingang des campingplatzes) . Salavas (16h30-19h juni\/september) . Vallon pont d\u2019arc . Balazuc (18h-20h) . Les Vans (18h-22h ende juni\/ende august) MITTWOCH . Joyeuse . Bourg saint And\u00e9ol &nbsp;&nbsp; (ende april\/ ende october) . Ruoms DONNERSTAG . Vallon pont d\u2019Arc &nbsp; . Joyeuse FREITAG . Ruoms . Barjac . Lagorce : produzenten &nbsp;&nbsp;&nbsp; (16h30-18h) . Largenti\u00e8re . Saint Martin d\u2019Ard\u00e8che SAMSTAG . Les Vans . Aubenas &nbsp; SONNTAG . Lablach\u00e8re . Saint martin&nbsp;d&#8217;Ard\u00e8che &nbsp;&nbsp;&nbsp; (mitte juni- mitte september) . Ruoms : Bio + produzenten . Salavas : produzenten &nbsp;&nbsp; (mitte-juni- anfang september) . Joyeuse . Alba la romaine M\u00e4rkte in der Ard\u00e8che<\/p>\n","protected":false},"author":2,"featured_media":0,"parent":0,"menu_order":0,"comment_status":"closed","ping_status":"closed","template":"","meta":{"footnotes":""},"class_list":["post-2194","page","type-page","status-publish","hentry"],"yoast_head":"<!-- This site is optimized with the Yoast SEO plugin v27.5 - https:\/\/yoast.com\/product\/yoast-seo-wordpress\/ -->\n<title>Les march\u00e9s en Ard\u00e8che produits locaux bio | Le Sun camping<\/title>\n<meta name=\"description\" content=\"Visitez les tr\u00e9sors des march\u00e9s locaux de l&#039;Ard\u00e8che \u00e0 partir du camping le Sun \u00e0 Sampzon. des produits de qualit\u00e9 issus du terroir ard\u00e9chois\" \/>\n<meta name=\"robots\" content=\"index, follow, max-snippet:-1, max-image-preview:large, max-video-preview:-1\" \/>\n<link rel=\"canonical\" href=\"https:\/\/www.suncamping.com\/de\/markets-ardeche\/\" \/>\n<meta property=\"og:locale\" content=\"de_DE\" \/>\n<meta property=\"og:type\" content=\"article\" \/>\n<meta property=\"og:title\" content=\"Les march\u00e9s en Ard\u00e8che produits locaux bio | Le Sun camping\" \/>\n<meta property=\"og:description\" content=\"Visitez les tr\u00e9sors des march\u00e9s locaux de l&#039;Ard\u00e8che \u00e0 partir du camping le Sun \u00e0 Sampzon. des produits de qualit\u00e9 issus du terroir ard\u00e9chois\" \/>\n<meta property=\"og:url\" content=\"https:\/\/www.suncamping.com\/de\/markets-ardeche\/\" \/>\n<meta property=\"og:site_name\" content=\"Sun Camping\" \/>\n<meta property=\"article:modified_time\" content=\"2023-02-20T14:26:32+00:00\" \/>\n<meta property=\"og:image\" content=\"https:\/\/www.suncamping.com\/wp-content\/uploads\/2017\/01\/marches-d-ardeche-279x300.jpg\" \/>\n<meta name=\"twitter:card\" content=\"summary_large_image\" \/>\n<meta name=\"twitter:label1\" content=\"Gesch\u00e4tzte Lesezeit\" \/>\n\t<meta name=\"twitter:data1\" content=\"1\u00a0Minute\" \/>\n<script type=\"application\/ld+json\" class=\"yoast-schema-graph\">{\"@context\":\"https:\\\/\\\/schema.org\",\"@graph\":[{\"@type\":\"WebPage\",\"@id\":\"https:\\\/\\\/www.suncamping.com\\\/de\\\/markets-ardeche\\\/\",\"url\":\"https:\\\/\\\/www.suncamping.com\\\/de\\\/markets-ardeche\\\/\",\"name\":\"Les march\u00e9s en Ard\u00e8che produits locaux bio | Le Sun camping\",\"isPartOf\":{\"@id\":\"https:\\\/\\\/www.suncamping.com\\\/#website\"},\"primaryImageOfPage\":{\"@id\":\"https:\\\/\\\/www.suncamping.com\\\/de\\\/markets-ardeche\\\/#primaryimage\"},\"image\":{\"@id\":\"https:\\\/\\\/www.suncamping.com\\\/de\\\/markets-ardeche\\\/#primaryimage\"},\"thumbnailUrl\":\"https:\\\/\\\/www.suncamping.com\\\/wp-content\\\/uploads\\\/2017\\\/01\\\/marches-d-ardeche-279x300.jpg\",\"datePublished\":\"2017-01-22T16:37:06+00:00\",\"dateModified\":\"2023-02-20T14:26:32+00:00\",\"description\":\"Visitez les tr\u00e9sors des march\u00e9s locaux de l'Ard\u00e8che \u00e0 partir du camping le Sun \u00e0 Sampzon. des produits de qualit\u00e9 issus du terroir ard\u00e9chois\",\"breadcrumb\":{\"@id\":\"https:\\\/\\\/www.suncamping.com\\\/de\\\/markets-ardeche\\\/#breadcrumb\"},\"inLanguage\":\"de\",\"potentialAction\":[{\"@type\":\"ReadAction\",\"target\":[\"https:\\\/\\\/www.suncamping.com\\\/de\\\/markets-ardeche\\\/\"]}]},{\"@type\":\"ImageObject\",\"inLanguage\":\"de\",\"@id\":\"https:\\\/\\\/www.suncamping.com\\\/de\\\/markets-ardeche\\\/#primaryimage\",\"url\":\"https:\\\/\\\/www.suncamping.com\\\/wp-content\\\/uploads\\\/2017\\\/01\\\/marches-d-ardeche-279x300.jpg\",\"contentUrl\":\"https:\\\/\\\/www.suncamping.com\\\/wp-content\\\/uploads\\\/2017\\\/01\\\/marches-d-ardeche-279x300.jpg\"},{\"@type\":\"BreadcrumbList\",\"@id\":\"https:\\\/\\\/www.suncamping.com\\\/de\\\/markets-ardeche\\\/#breadcrumb\",\"itemListElement\":[{\"@type\":\"ListItem\",\"position\":1,\"name\":\"Accueil\",\"item\":\"https:\\\/\\\/www.suncamping.com\\\/de\\\/\"},{\"@type\":\"ListItem\",\"position\":2,\"name\":\"M\u00e4rkte in der Ard\u00e8che\"}]},{\"@type\":\"WebSite\",\"@id\":\"https:\\\/\\\/www.suncamping.com\\\/#website\",\"url\":\"https:\\\/\\\/www.suncamping.com\\\/\",\"name\":\"Sun Camping\",\"description\":\"\",\"potentialAction\":[{\"@type\":\"SearchAction\",\"target\":{\"@type\":\"EntryPoint\",\"urlTemplate\":\"https:\\\/\\\/www.suncamping.com\\\/?s={search_term_string}\"},\"query-input\":{\"@type\":\"PropertyValueSpecification\",\"valueRequired\":true,\"valueName\":\"search_term_string\"}}],\"inLanguage\":\"de\"}]}<\/script>\n<!-- \/ Yoast SEO plugin. -->","yoast_head_json":{"title":"Les march\u00e9s en Ard\u00e8che produits locaux bio | Le Sun camping","description":"Visitez les tr\u00e9sors des march\u00e9s locaux de l'Ard\u00e8che \u00e0 partir du camping le Sun \u00e0 Sampzon. des produits de qualit\u00e9 issus du terroir ard\u00e9chois","robots":{"index":"index","follow":"follow","max-snippet":"max-snippet:-1","max-image-preview":"max-image-preview:large","max-video-preview":"max-video-preview:-1"},"canonical":"https:\/\/www.suncamping.com\/de\/markets-ardeche\/","og_locale":"de_DE","og_type":"article","og_title":"Les march\u00e9s en Ard\u00e8che produits locaux bio | Le Sun camping","og_description":"Visitez les tr\u00e9sors des march\u00e9s locaux de l'Ard\u00e8che \u00e0 partir du camping le Sun \u00e0 Sampzon. des produits de qualit\u00e9 issus du terroir ard\u00e9chois","og_url":"https:\/\/www.suncamping.com\/de\/markets-ardeche\/","og_site_name":"Sun Camping","article_modified_time":"2023-02-20T14:26:32+00:00","og_image":[{"url":"https:\/\/www.suncamping.com\/wp-content\/uploads\/2017\/01\/marches-d-ardeche-279x300.jpg","type":"","width":"","height":""}],"twitter_card":"summary_large_image","twitter_misc":{"Gesch\u00e4tzte Lesezeit":"1\u00a0Minute"},"schema":{"@context":"https:\/\/schema.org","@graph":[{"@type":"WebPage","@id":"https:\/\/www.suncamping.com\/de\/markets-ardeche\/","url":"https:\/\/www.suncamping.com\/de\/markets-ardeche\/","name":"Les march\u00e9s en Ard\u00e8che produits locaux bio | Le Sun camping","isPartOf":{"@id":"https:\/\/www.suncamping.com\/#website"},"primaryImageOfPage":{"@id":"https:\/\/www.suncamping.com\/de\/markets-ardeche\/#primaryimage"},"image":{"@id":"https:\/\/www.suncamping.com\/de\/markets-ardeche\/#primaryimage"},"thumbnailUrl":"https:\/\/www.suncamping.com\/wp-content\/uploads\/2017\/01\/marches-d-ardeche-279x300.jpg","datePublished":"2017-01-22T16:37:06+00:00","dateModified":"2023-02-20T14:26:32+00:00","description":"Visitez les tr\u00e9sors des march\u00e9s locaux de l'Ard\u00e8che \u00e0 partir du camping le Sun \u00e0 Sampzon. des produits de qualit\u00e9 issus du terroir ard\u00e9chois","breadcrumb":{"@id":"https:\/\/www.suncamping.com\/de\/markets-ardeche\/#breadcrumb"},"inLanguage":"de","potentialAction":[{"@type":"ReadAction","target":["https:\/\/www.suncamping.com\/de\/markets-ardeche\/"]}]},{"@type":"ImageObject","inLanguage":"de","@id":"https:\/\/www.suncamping.com\/de\/markets-ardeche\/#primaryimage","url":"https:\/\/www.suncamping.com\/wp-content\/uploads\/2017\/01\/marches-d-ardeche-279x300.jpg","contentUrl":"https:\/\/www.suncamping.com\/wp-content\/uploads\/2017\/01\/marches-d-ardeche-279x300.jpg"},{"@type":"BreadcrumbList","@id":"https:\/\/www.suncamping.com\/de\/markets-ardeche\/#breadcrumb","itemListElement":[{"@type":"ListItem","position":1,"name":"Accueil","item":"https:\/\/www.suncamping.com\/de\/"},{"@type":"ListItem","position":2,"name":"M\u00e4rkte in der Ard\u00e8che"}]},{"@type":"WebSite","@id":"https:\/\/www.suncamping.com\/#website","url":"https:\/\/www.suncamping.com\/","name":"Sun Camping","description":"","potentialAction":[{"@type":"SearchAction","target":{"@type":"EntryPoint","urlTemplate":"https:\/\/www.suncamping.com\/?s={search_term_string}"},"query-input":{"@type":"PropertyValueSpecification","valueRequired":true,"valueName":"search_term_string"}}],"inLanguage":"de"}]}},"_links":{"self":[{"href":"https:\/\/www.suncamping.com\/de\/wp-json\/wp\/v2\/pages\/2194","targetHints":{"allow":["GET"]}}],"collection":[{"href":"https:\/\/www.suncamping.com\/de\/wp-json\/wp\/v2\/pages"}],"about":[{"href":"https:\/\/www.suncamping.com\/de\/wp-json\/wp\/v2\/types\/page"}],"author":[{"embeddable":true,"href":"https:\/\/www.suncamping.com\/de\/wp-json\/wp\/v2\/users\/2"}],"replies":[{"embeddable":true,"href":"https:\/\/www.suncamping.com\/de\/wp-json\/wp\/v2\/comments?post=2194"}],"version-history":[{"count":0,"href":"https:\/\/www.suncamping.com\/de\/wp-json\/wp\/v2\/pages\/2194\/revisions"}],"wp:attachment":[{"href":"https:\/\/www.suncamping.com\/de\/wp-json\/wp\/v2\/media?parent=2194"}],"curies":[{"name":"wp","href":"https:\/\/api.w.org\/{rel}","templated":true}]}}