{"id":2192,"date":"2016-12-10T10:33:24","date_gmt":"2016-12-10T09:33:24","guid":{"rendered":"https:\/\/www.suncamping.com\/activites-aux-alentours\/"},"modified":"2023-02-20T15:54:59","modified_gmt":"2023-02-20T14:54:59","slug":"activites-aux-alentours","status":"publish","type":"page","link":"https:\/\/www.suncamping.com\/de\/activites-aux-alentours\/","title":{"rendered":"Um"},"content":{"rendered":"<h1 class=\"start\" style=\"text-align: center;\">Tourismus in der Ard\u00e8che, die gelegenheit eines\u00a0 campingplatzes von den toren des Gorges<\/h1>\n<p>\u00a0<\/p>\n<p><img fetchpriority=\"high\" decoding=\"async\" class=\"wp-image-533 size-full aligncenter\" src=\"https:\/\/www.suncamping.com\/wp-content\/uploads\/2016\/12\/pont-d-arc-ardeche.jpg\" alt=\"pont d'arc en ard\u00e8che\" width=\"1920\" height=\"600\" srcset=\"https:\/\/www.suncamping.com\/wp-content\/uploads\/2016\/12\/pont-d-arc-ardeche.jpg 1920w, https:\/\/www.suncamping.com\/wp-content\/uploads\/2016\/12\/pont-d-arc-ardeche-300x94.jpg 300w, https:\/\/www.suncamping.com\/wp-content\/uploads\/2016\/12\/pont-d-arc-ardeche-768x240.jpg 768w, https:\/\/www.suncamping.com\/wp-content\/uploads\/2016\/12\/pont-d-arc-ardeche-1024x320.jpg 1024w\" sizes=\"(max-width: 1920px) 100vw, 1920px\" \/><\/p>\n<p style=\"text-align: center;\"><iframe src=\"https:\/\/www.youtube.com\/embed\/AQEKKQP3YXI\" width=\"854\" height=\"480\" frameborder=\"0\" allowfullscreen=\"allowfullscreen\"><\/iframe><\/p>\n<p>\u00a0<\/p>\n<h2>Besuch der sch\u00f6nsten sehensw\u00fcrdigkeiten der s\u00fcdlichen Ard\u00e8che<\/h2>\n<p>Besuchen sie in der n\u00e4he ihres campingplatzes in der n\u00e4he des Flusses die schluchten, d\u00f6rfer und kuriosit\u00e4ten, die dieses s\u00fcdliche departement zu einer witchigen toutristnattraktion f\u00fcr einen kurzurlaub mit familie oder freuden machen.<\/p>\n<ul>\n<li>Die Ard\u00e8che-Schlucht mit dem Pont d&#8217;Arc<img decoding=\"async\" class=\"alignright  wp-image-1247\" src=\"https:\/\/www.suncamping.com\/wp-content\/uploads\/2022\/03\/pont-darc.jpg\" alt=\"pont d'arc ardeche\" width=\"571\" height=\"429\" srcset=\"https:\/\/www.suncamping.com\/wp-content\/uploads\/2022\/03\/pont-darc.jpg 1024w, https:\/\/www.suncamping.com\/wp-content\/uploads\/2022\/03\/pont-darc-300x225.jpg 300w, https:\/\/www.suncamping.com\/wp-content\/uploads\/2022\/03\/pont-darc-768x576.jpg 768w\" sizes=\"(max-width: 571px) 100vw, 571px\" \/><\/li>\n<li>Die vielen h\u00f6hlen u Aven.<\/li>\n<li>D\u00f6rfer mit charakter mit <a href=\"https:\/\/www.suncamping.com\/markets-ardeche\/\"> r\u00e9gionalen markt\u00ebn<\/a>:\n<ul>\n<li>Balazuc<\/li>\n<li>Labeaume<\/li>\n<li>Vinezac<\/li>\n<li>Vogu\u00eb<\/li>\n<li>Banne<\/li>\n<li>Largenti\u00e8re<\/li>\n<li>Les Vans&#8230;<\/li>\n<li>Berrias et Casteljau<\/li>\n<\/ul>\n<\/li>\n<li>Le Rocher de Sampzon und sein enzigartiges panaorama<\/li>\n<li>Le Bois de Pa\u00efolive&#8230;<\/li>\n<li>La Caverne du Pont d&#8217;Arc<\/li>\n<\/ul>\n<p>\u00a0<\/p>\n\n\n<figure class=\"wp-block-gallery has-nested-images columns-default is-cropped wp-block-gallery-1 is-layout-flex wp-block-gallery-is-layout-flex\"><\/figure>\n\n\n\n<h2 class=\"wp-block-heading\"> Ard\u00e8che spezialit\u00e4ten<\/h2>\n\n\n\n<p>Die Ard\u00e8che spezialit\u00e4ten, wohin wir unsere kunden schiken, weil sie gut und autentisch sind. Wir haben getestet und f\u00fcr gut befunden, weir teilen unsere gastronomischen favoritem !<br><\/p>\n\n\n<div class=\"wp-block-image\">\n<figure class=\"aligncenter\"><a href=\"\/wp-content\/uploads\/gastronomie-ardeche.pdf\" target=\"_blank\" rel=\"noreferrer noopener\"><img decoding=\"async\" width=\"789\" height=\"1124\" src=\"https:\/\/www.suncamping.com\/wp-content\/uploads\/2019\/02\/specialites-ardechoises.jpg\" alt=\"gastronomie ardeche specialit\u00e9s culinaires\" class=\"wp-image-711\" srcset=\"https:\/\/www.suncamping.com\/wp-content\/uploads\/2019\/02\/specialites-ardechoises.jpg 789w, https:\/\/www.suncamping.com\/wp-content\/uploads\/2019\/02\/specialites-ardechoises-211x300.jpg 211w, https:\/\/www.suncamping.com\/wp-content\/uploads\/2019\/02\/specialites-ardechoises-768x1094.jpg 768w, https:\/\/www.suncamping.com\/wp-content\/uploads\/2019\/02\/specialites-ardechoises-719x1024.jpg 719w\" sizes=\"(max-width: 789px) 100vw, 789px\" \/><\/a><\/figure>\n<\/div>\n\n\n<p class=\"has-text-align-center\"><a href=\"\/wp-content\/uploads\/gastronomie-ardeche.pdf\"><strong>T\u00e9l\u00e9chargez ici les sp\u00e9cialit\u00e9s ard\u00e9choises<\/strong><\/a><\/p>\n\n\n\n<p><br><strong>Vallon Pont d\u2019Arc&nbsp;<\/strong>: Le nougat&nbsp;\u00e0 la Nougaterie du Pont d&#8217;Arc<\/p>\n\n\n\n<p><strong>Lagorce<\/strong>&nbsp;: huile d\u2019olive chez Pontet Fronzele<\/p>\n\n\n\n<p><strong>Vallon pont d\u2019Arc<\/strong>&nbsp;: La bi\u00e8re<br><br><a href=\"https:\/\/www.facebook.com\/BieresDuPontdArc\/\">https:\/\/www.facebook.com\/BieresDuPontdArc\/<\/a><br><br><\/p>\n\n\n\n<p><strong> Vallon pont d\u2019Arc<\/strong>&nbsp;: La ch\u00e2taigne, Biscuiterie les Ch\u00e2taignettes<br><br><a href=\"https:\/\/www.facebook.com\/BiscuiterieLesChataignettes\/\">https:\/\/www.facebook.com\/BiscuiterieLesChataignettes\/<\/a><br><br><\/p>\n\n\n\n<p><strong>Ruoms<\/strong> :&nbsp; Metzgerei CHEZ YVES m\u00f6gliche lieferung zum campingplatz ab einem einkauf von 40 \u20ac. Sie machen caillette ausgezeichnet (Ard\u00e8che spezialit\u00e4t) <br><br><a href=\"https:\/\/www.facebook.com\/ChezYves\/\">https:\/\/www.facebook.com\/ChezYves\/<\/a><br><br><\/p>\n\n\n\n<p><strong>Lagorce<\/strong>&nbsp;: Wein Domaine Vigne<br><br><a href=\"https:\/\/www.facebook.com\/domaine.vigne\/\">https:\/\/www.facebook.com\/domaine.vigne\/<\/a><br><br><\/p>\n\n\n\n<p><strong>Baulieu<\/strong>&nbsp;: Wein Domaine de Chazalis<\/p>\n\n\n\n<p><strong>Ruoms et Vallon Pont d\u2019arc<\/strong>&nbsp;: Eis zum essen&nbsp;&nbsp; <a href=\"https:\/\/www.facebook.com\/ChezLeonGlacier\/\">https:\/\/www.facebook.com\/ChezLeonGlacier\/<\/a>&nbsp;&nbsp;&nbsp;<\/p>\n\n\n\n<p><strong>Ruoms et vallon Pont d\u2019Arc&nbsp;<\/strong>: Eis zum essen&nbsp;&nbsp;&nbsp; <a href=\"https:\/\/www.facebook.com\/Maitreartisanglacierthierryaigon\/\">https:\/\/www.facebook.com\/Maitreartisanglacierthierryaigon\/<\/a><\/p>\n\n\n\n\n\n<p>Choisissez <a href=\"https:\/\/www.suncamping.com\/locations\/\">votre h\u00e9bergement<\/a>&nbsp;ou r\u00e9servez un <a href=\"https:\/\/www.suncamping.com\/camping\/\">emplacement \u00e0 Sampzon dans le sud de l&#8217;Ard\u00e8che<\/a><\/p>\n\n\n\n<p><\/p>\n\n\n\n<p>Credit photo principale : D.Donzel\/ cyclope<\/p>\n","protected":false},"excerpt":{"rendered":"<p>Tourismus in der Ard\u00e8che, die gelegenheit eines\u00a0 campingplatzes von den toren des Gorges \u00a0 \u00a0 Besuch der sch\u00f6nsten sehensw\u00fcrdigkeiten der s\u00fcdlichen Ard\u00e8che Besuchen sie in der n\u00e4he ihres campingplatzes in der n\u00e4he des Flusses die schluchten, d\u00f6rfer und kuriosit\u00e4ten, die dieses s\u00fcdliche departement zu einer witchigen toutristnattraktion f\u00fcr einen kurzurlaub mit familie oder freuden machen. Die Ard\u00e8che-Schlucht mit dem Pont d&#8217;Arc Die vielen h\u00f6hlen u Aven. D\u00f6rfer mit charakter mit r\u00e9gionalen markt\u00ebn: Balazuc Labeaume Vinezac Vogu\u00eb Banne Largenti\u00e8re Les Vans&#8230; Berrias et Casteljau Le Rocher de Sampzon und sein enzigartiges panaorama Le Bois de Pa\u00efolive&#8230; La Caverne du Pont d&#8217;Arc \u00a0 Ard\u00e8che spezialit\u00e4ten Die Ard\u00e8che spezialit\u00e4ten, wohin wir unsere kunden schiken, weil sie gut und autentisch sind. Wir haben getestet und f\u00fcr gut befunden, weir teilen unsere gastronomischen favoritem ! T\u00e9l\u00e9chargez ici les sp\u00e9cialit\u00e9s ard\u00e9choises Vallon Pont d\u2019Arc&nbsp;: Le nougat&nbsp;\u00e0 la Nougaterie du Pont d&#8217;Arc Lagorce&nbsp;: huile d\u2019olive chez Pontet Fronzele Vallon pont d\u2019Arc&nbsp;: La bi\u00e8re https:\/\/www.facebook.com\/BieresDuPontdArc\/ Vallon pont d\u2019Arc&nbsp;: La ch\u00e2taigne, Biscuiterie les Ch\u00e2taignettes https:\/\/www.facebook.com\/BiscuiterieLesChataignettes\/ Ruoms :&nbsp; Metzgerei CHEZ YVES m\u00f6gliche lieferung zum campingplatz ab einem einkauf von 40 \u20ac. Sie machen caillette ausgezeichnet (Ard\u00e8che spezialit\u00e4t) https:\/\/www.facebook.com\/ChezYves\/ Lagorce&nbsp;: Wein Domaine Vigne https:\/\/www.facebook.com\/domaine.vigne\/ Baulieu&nbsp;: Wein Domaine de Chazalis Ruoms et Vallon Pont d\u2019arc&nbsp;: Eis zum essen&nbsp;&nbsp; https:\/\/www.facebook.com\/ChezLeonGlacier\/&nbsp;&nbsp;&nbsp; Ruoms et vallon Pont d\u2019Arc&nbsp;: Eis zum essen&nbsp;&nbsp;&nbsp; https:\/\/www.facebook.com\/Maitreartisanglacierthierryaigon\/ Choisissez votre h\u00e9bergement&nbsp;ou r\u00e9servez un emplacement \u00e0 Sampzon dans le sud de l&#8217;Ard\u00e8che Credit photo principale : D.Donzel\/ cyclope<\/p>\n","protected":false},"author":3,"featured_media":0,"parent":0,"menu_order":0,"comment_status":"closed","ping_status":"closed","template":"","meta":{"footnotes":""},"class_list":["post-2192","page","type-page","status-publish","hentry"],"yoast_head":"<!-- This site is optimized with the Yoast SEO plugin v27.4 - https:\/\/yoast.com\/product\/yoast-seo-wordpress\/ -->\n<title>Tourisme Ard\u00e8che sud - vallon Pont d&#039;Arc - Ruoms - gorges de l&#039;Ard\u00e8che<\/title>\n<meta name=\"description\" content=\"Profitez de la situation exceptionnelle du camping au coeurs des Gorges de l&#039;Ard\u00e8che \u00e0 Sampzon entre Ruoms et le Vallon Pont d&#039;Arc en bord de rivi\u00e8re.\" \/>\n<meta name=\"robots\" content=\"index, follow, max-snippet:-1, max-image-preview:large, max-video-preview:-1\" \/>\n<link rel=\"canonical\" href=\"https:\/\/www.suncamping.com\/de\/activites-aux-alentours\/\" \/>\n<meta property=\"og:locale\" content=\"de_DE\" \/>\n<meta property=\"og:type\" content=\"article\" \/>\n<meta property=\"og:title\" content=\"Tourisme Ard\u00e8che sud - vallon Pont d&#039;Arc - Ruoms - gorges de l&#039;Ard\u00e8che\" \/>\n<meta property=\"og:description\" content=\"Profitez de la situation exceptionnelle du camping au coeurs des Gorges de l&#039;Ard\u00e8che \u00e0 Sampzon entre Ruoms et le Vallon Pont d&#039;Arc en bord de rivi\u00e8re.\" \/>\n<meta property=\"og:url\" content=\"https:\/\/www.suncamping.com\/de\/activites-aux-alentours\/\" \/>\n<meta property=\"og:site_name\" content=\"Sun Camping\" \/>\n<meta property=\"article:modified_time\" content=\"2023-02-20T14:54:59+00:00\" \/>\n<meta property=\"og:image\" content=\"https:\/\/www.suncamping.com\/wp-content\/uploads\/2016\/12\/pont-d-arc-ardeche.jpg\" \/>\n<meta name=\"twitter:card\" content=\"summary_large_image\" \/>\n<meta name=\"twitter:label1\" content=\"Gesch\u00e4tzte Lesezeit\" \/>\n\t<meta name=\"twitter:data1\" content=\"2\u00a0Minuten\" \/>\n<script type=\"application\/ld+json\" class=\"yoast-schema-graph\">{\"@context\":\"https:\\\/\\\/schema.org\",\"@graph\":[{\"@type\":\"WebPage\",\"@id\":\"https:\\\/\\\/www.suncamping.com\\\/de\\\/activites-aux-alentours\\\/\",\"url\":\"https:\\\/\\\/www.suncamping.com\\\/de\\\/activites-aux-alentours\\\/\",\"name\":\"Tourisme Ard\u00e8che sud - vallon Pont d'Arc - Ruoms - gorges de l'Ard\u00e8che\",\"isPartOf\":{\"@id\":\"https:\\\/\\\/www.suncamping.com\\\/#website\"},\"primaryImageOfPage\":{\"@id\":\"https:\\\/\\\/www.suncamping.com\\\/de\\\/activites-aux-alentours\\\/#primaryimage\"},\"image\":{\"@id\":\"https:\\\/\\\/www.suncamping.com\\\/de\\\/activites-aux-alentours\\\/#primaryimage\"},\"thumbnailUrl\":\"https:\\\/\\\/www.suncamping.com\\\/wp-content\\\/uploads\\\/2016\\\/12\\\/pont-d-arc-ardeche.jpg\",\"datePublished\":\"2016-12-10T09:33:24+00:00\",\"dateModified\":\"2023-02-20T14:54:59+00:00\",\"description\":\"Profitez de la situation exceptionnelle du camping au coeurs des Gorges de l'Ard\u00e8che \u00e0 Sampzon entre Ruoms et le Vallon Pont d'Arc en bord de rivi\u00e8re.\",\"breadcrumb\":{\"@id\":\"https:\\\/\\\/www.suncamping.com\\\/de\\\/activites-aux-alentours\\\/#breadcrumb\"},\"inLanguage\":\"de\",\"potentialAction\":[{\"@type\":\"ReadAction\",\"target\":[\"https:\\\/\\\/www.suncamping.com\\\/de\\\/activites-aux-alentours\\\/\"]}]},{\"@type\":\"ImageObject\",\"inLanguage\":\"de\",\"@id\":\"https:\\\/\\\/www.suncamping.com\\\/de\\\/activites-aux-alentours\\\/#primaryimage\",\"url\":\"https:\\\/\\\/www.suncamping.com\\\/wp-content\\\/uploads\\\/2016\\\/12\\\/pont-d-arc-ardeche.jpg\",\"contentUrl\":\"https:\\\/\\\/www.suncamping.com\\\/wp-content\\\/uploads\\\/2016\\\/12\\\/pont-d-arc-ardeche.jpg\"},{\"@type\":\"BreadcrumbList\",\"@id\":\"https:\\\/\\\/www.suncamping.com\\\/de\\\/activites-aux-alentours\\\/#breadcrumb\",\"itemListElement\":[{\"@type\":\"ListItem\",\"position\":1,\"name\":\"Accueil\",\"item\":\"https:\\\/\\\/www.suncamping.com\\\/de\\\/\"},{\"@type\":\"ListItem\",\"position\":2,\"name\":\"Um\"}]},{\"@type\":\"WebSite\",\"@id\":\"https:\\\/\\\/www.suncamping.com\\\/#website\",\"url\":\"https:\\\/\\\/www.suncamping.com\\\/\",\"name\":\"Sun Camping\",\"description\":\"\",\"potentialAction\":[{\"@type\":\"SearchAction\",\"target\":{\"@type\":\"EntryPoint\",\"urlTemplate\":\"https:\\\/\\\/www.suncamping.com\\\/?s={search_term_string}\"},\"query-input\":{\"@type\":\"PropertyValueSpecification\",\"valueRequired\":true,\"valueName\":\"search_term_string\"}}],\"inLanguage\":\"de\"}]}<\/script>\n<!-- \/ Yoast SEO plugin. -->","yoast_head_json":{"title":"Tourisme Ard\u00e8che sud - vallon Pont d'Arc - Ruoms - gorges de l'Ard\u00e8che","description":"Profitez de la situation exceptionnelle du camping au coeurs des Gorges de l'Ard\u00e8che \u00e0 Sampzon entre Ruoms et le Vallon Pont d'Arc en bord de rivi\u00e8re.","robots":{"index":"index","follow":"follow","max-snippet":"max-snippet:-1","max-image-preview":"max-image-preview:large","max-video-preview":"max-video-preview:-1"},"canonical":"https:\/\/www.suncamping.com\/de\/activites-aux-alentours\/","og_locale":"de_DE","og_type":"article","og_title":"Tourisme Ard\u00e8che sud - vallon Pont d'Arc - Ruoms - gorges de l'Ard\u00e8che","og_description":"Profitez de la situation exceptionnelle du camping au coeurs des Gorges de l'Ard\u00e8che \u00e0 Sampzon entre Ruoms et le Vallon Pont d'Arc en bord de rivi\u00e8re.","og_url":"https:\/\/www.suncamping.com\/de\/activites-aux-alentours\/","og_site_name":"Sun Camping","article_modified_time":"2023-02-20T14:54:59+00:00","og_image":[{"url":"https:\/\/www.suncamping.com\/wp-content\/uploads\/2016\/12\/pont-d-arc-ardeche.jpg","type":"","width":"","height":""}],"twitter_card":"summary_large_image","twitter_misc":{"Gesch\u00e4tzte Lesezeit":"2\u00a0Minuten"},"schema":{"@context":"https:\/\/schema.org","@graph":[{"@type":"WebPage","@id":"https:\/\/www.suncamping.com\/de\/activites-aux-alentours\/","url":"https:\/\/www.suncamping.com\/de\/activites-aux-alentours\/","name":"Tourisme Ard\u00e8che sud - vallon Pont d'Arc - Ruoms - gorges de l'Ard\u00e8che","isPartOf":{"@id":"https:\/\/www.suncamping.com\/#website"},"primaryImageOfPage":{"@id":"https:\/\/www.suncamping.com\/de\/activites-aux-alentours\/#primaryimage"},"image":{"@id":"https:\/\/www.suncamping.com\/de\/activites-aux-alentours\/#primaryimage"},"thumbnailUrl":"https:\/\/www.suncamping.com\/wp-content\/uploads\/2016\/12\/pont-d-arc-ardeche.jpg","datePublished":"2016-12-10T09:33:24+00:00","dateModified":"2023-02-20T14:54:59+00:00","description":"Profitez de la situation exceptionnelle du camping au coeurs des Gorges de l'Ard\u00e8che \u00e0 Sampzon entre Ruoms et le Vallon Pont d'Arc en bord de rivi\u00e8re.","breadcrumb":{"@id":"https:\/\/www.suncamping.com\/de\/activites-aux-alentours\/#breadcrumb"},"inLanguage":"de","potentialAction":[{"@type":"ReadAction","target":["https:\/\/www.suncamping.com\/de\/activites-aux-alentours\/"]}]},{"@type":"ImageObject","inLanguage":"de","@id":"https:\/\/www.suncamping.com\/de\/activites-aux-alentours\/#primaryimage","url":"https:\/\/www.suncamping.com\/wp-content\/uploads\/2016\/12\/pont-d-arc-ardeche.jpg","contentUrl":"https:\/\/www.suncamping.com\/wp-content\/uploads\/2016\/12\/pont-d-arc-ardeche.jpg"},{"@type":"BreadcrumbList","@id":"https:\/\/www.suncamping.com\/de\/activites-aux-alentours\/#breadcrumb","itemListElement":[{"@type":"ListItem","position":1,"name":"Accueil","item":"https:\/\/www.suncamping.com\/de\/"},{"@type":"ListItem","position":2,"name":"Um"}]},{"@type":"WebSite","@id":"https:\/\/www.suncamping.com\/#website","url":"https:\/\/www.suncamping.com\/","name":"Sun Camping","description":"","potentialAction":[{"@type":"SearchAction","target":{"@type":"EntryPoint","urlTemplate":"https:\/\/www.suncamping.com\/?s={search_term_string}"},"query-input":{"@type":"PropertyValueSpecification","valueRequired":true,"valueName":"search_term_string"}}],"inLanguage":"de"}]}},"_links":{"self":[{"href":"https:\/\/www.suncamping.com\/de\/wp-json\/wp\/v2\/pages\/2192","targetHints":{"allow":["GET"]}}],"collection":[{"href":"https:\/\/www.suncamping.com\/de\/wp-json\/wp\/v2\/pages"}],"about":[{"href":"https:\/\/www.suncamping.com\/de\/wp-json\/wp\/v2\/types\/page"}],"author":[{"embeddable":true,"href":"https:\/\/www.suncamping.com\/de\/wp-json\/wp\/v2\/users\/3"}],"replies":[{"embeddable":true,"href":"https:\/\/www.suncamping.com\/de\/wp-json\/wp\/v2\/comments?post=2192"}],"version-history":[{"count":0,"href":"https:\/\/www.suncamping.com\/de\/wp-json\/wp\/v2\/pages\/2192\/revisions"}],"wp:attachment":[{"href":"https:\/\/www.suncamping.com\/de\/wp-json\/wp\/v2\/media?parent=2192"}],"curies":[{"name":"wp","href":"https:\/\/api.w.org\/{rel}","templated":true}]}}