{"id":2189,"date":"2017-10-30T07:15:16","date_gmt":"2017-10-30T06:15:16","guid":{"rendered":"https:\/\/www.suncamping.com\/assurance-annulation\/"},"modified":"2023-02-20T16:14:33","modified_gmt":"2023-02-20T15:14:33","slug":"assurance-annulation","status":"publish","type":"page","link":"https:\/\/www.suncamping.com\/de\/assurance-annulation\/","title":{"rendered":"Reiser\u00fccktrittsversiherung"},"content":{"rendered":"<h1>Camping r\u00fccktrittsversicherung : wie funktioniert sie ?<\/h1>\n<p>Wenn sie einen campingurlaub mehrere mobate im voraus buchen, ist es ratsam, eine reiser\u00fccktrittsversicherung abzuschielieben. In der tat k\u00f6nnen dutzende von unvorhergesehenen faktoren auftreten, die ihren aufenthalt bei Sun Camping gef\u00e4hrden k\u00f6nnten. Um 100 bis 800 \u20ac verlust zu vermeiden, k\u00f6nnen sie mit einer versicherung, die nur einen kleinen prozentsatz des aufenthalts ausmacht, ihren aufenthalt ohne risiko weit im voraus buchen.<\/p>\n<h2>Buchen sie ihren aufenthalt auf dem campingplatz in aller ruhe<\/h2>\n<p>Um den st\u00f6rungen des lebens vorzubeugen, bieten wir ihnen zusammen mit unserem partener Gritchen Affinity, die Campez Couvert-formel, und die optionale versicherung &#8222;storno und aufenthaltsunterbrechung&#8220;an. F\u00fcr ein paar euro mehr k\u00f6nnen sie diese garantie bei der online-buchung ihres aufenthaltes abonnieren. Unser versicherungspartner verpflichtet sich, den gesamten oder einen teil des aufenthaltes nur an kunden zu erstatten, die eine Campez Couvert-Versicherung im falle eines gedeckten schadens (25 garantien) abgeschlossen haben. Konsultieren sie die garantiebestimmugen, indem sie die folgende brosch\u00fcre herunterladen.<\/p>\n<div id=\"tw-target-text-container\" class=\"tw-ta-container F0azHf tw-nfl\" tabindex=\"0\">\n<pre id=\"tw-target-text\" class=\"tw-data-text tw-text-large tw-ta\" dir=\"ltr\" data-placeholder=\"Traduction\"><img decoding=\"async\" id=\"dimg_3\" class=\"YQ4gaf zr758c wA1Bge\" style=\"color: initial; font-family: -apple-system, BlinkMacSystemFont, 'Segoe UI', Roboto, Oxygen-Sans, Ubuntu, Cantarell, 'Helvetica Neue', sans-serif; font-size: 18px;\" src=\"data:image\/png;base64,iVBORw0KGgoAAAANSUhEUgAAABQAAAAUCAQAAAAngNWGAAAA\/0lEQVR4AYXNMSiEcRyA4cfmGHQbCZIipkuxnJgMStlMNmeyD2dwmc8+sZgxYJd9ErIZFHUyYYD7fkr6l4\/rnvmtl7+KitrqV\/fq2Y5eLY3Z9S48eRLe7BmVZ9qhTLhQ0algzZWQOVKSsCF8OjAnwbxDTWFDUhPK\/jMr1H6HE\/IqRky2DyvCefuwItwZzodVoYRiLqMkVCXrwpJ9twZ+sgfDYEFYl8wIWxZ9uFf7zkallxlJh4YrLGsKjZRx7VGHhLqwgFUN45DGdb8MeXGpgB4ABZdeDcpZEY51A+hyLKz4S1W4MQWm3AibWtgWmk6dyISa1pSdyWTOlLXVp0+eL9D\/ZPfBTNanAAAAAElFTkSuQmCC\" alt=\"Ic\u00f4ne de validation par la communaut\u00e9\" width=\"16\" height=\"16\" data-atf=\"0\" data-frt=\"0\"><a class=\"btn btn-primary\" style=\"font-size: revert; text-align: center; font-family: -apple-system, BlinkMacSystemFont, 'Segoe UI', Roboto, Oxygen-Sans, Ubuntu, Cantarell, 'Helvetica Neue', sans-serif;\" href=\"\/wp-content\/uploads\/2017\/10\/CampezCouvertFlyer.pdf\" target=\"_blank\" rel=\"noopener\">Brosch\u00fcre herunterladen Campez Couvert<\/a><\/pre>\n<\/div>\n<p>Die allgemeinen gesch\u00e4ftsbedingung en sind auf der website verf\u00fcgag&nbsp; <a href=\"http:\/\/www.campez-couvert.com\">&nbsp;www.campez-couvert.com<\/a><\/p>\n<h3>Was tun im falle einer stornierung oder verz\u00f6gerung des aufenthalts ?<\/h3>\n<p>1\/ Benachrichtigen sie uns per post oder E-mail.<\/p>\n<p>2\/ Erkl\u00e4ren sie die katastrophe auf der website von Campez Couvert<\/p>\n<p>indem si hier klicken : en cliquant ici<\/p>\n<p><strong>Wir empfehlen dringend den abschluss einer reiser\u00fccktrittsversicherung.<\/strong><\/p>\n<p>Die versicherungspr\u00e4mie muss bei der buchung aufenthalts vollst\u00e4nding bezalht werden und ist nicht<\/p>\n<p>Die vollst\u00e4ndigen allgemeinen stornierungsbedingungen und das verfahren im falle einer stornierung finden sie auf der website : <a href=\"http:\/\/www.campez-couvert.com\">https:\/\/www.campez-couvert.com<\/a><\/p>\n<p>Die reiser\u00fccktrittsversicherung erstattet bei versp\u00e4teter anreise oder vorzeitiger r\u00fcckkehr zeintanteilig alle vor der anreise gezahlten betr\u00e4ge und deb betrag des nicht in anspruch genommenen aufenthalts.<\/p>\n<p>Sie k\u00f6nnen den schaden melden entweder :<\/p>\n<p>\u2013 Par internet <a href=\"https:\/\/www.declare.fr\/\">https:\/\/www.campez-couvert.com<\/a><\/p>\n<p>\u2013 Per email <a href=\"mailto:sinistres@campez-couvert.com\">sinistres@campez-couvert.com<\/a><\/p>\n<p>\u2013 Per fax : 09 72 28 76 92<\/p>\n<p>\u2013 Per mail : Gritchen Affinity<\/p>\n<p>Finsterer dienst<\/p>\n<p>Gritchen Affinity<br \/>\n27, rue Charles Durand<br \/>\nCS70139 &#8211; 18021 Bourges Cedex<\/p>\n<p><a href=\"\/wp-content\/uploads\/2017\/10\/CampezCouvertFlyer.pdf\"><img decoding=\"async\" class=\"aligncenter wp-image-538 size-full\" src=\"https:\/\/www.suncamping.com\/wp-content\/uploads\/2017\/10\/assurance-annulation-camping.jpg\" alt=\"annulation camping\" width=\"200\" height=\"40\"><\/a><\/p>\n<p>Buchen sie ganz beruhigt ihren stellplatz oder ihr mobilheim auf dem campingplatz le Sun in der Ard\u00e8che<\/p>\n","protected":false},"excerpt":{"rendered":"<p>Camping r\u00fccktrittsversicherung : wie funktioniert sie ? Wenn sie einen campingurlaub mehrere mobate im voraus buchen, ist es ratsam, eine reiser\u00fccktrittsversicherung abzuschielieben. In der tat k\u00f6nnen dutzende von unvorhergesehenen faktoren auftreten, die ihren aufenthalt bei Sun Camping gef\u00e4hrden k\u00f6nnten. Um 100 bis 800 \u20ac verlust zu vermeiden, k\u00f6nnen sie mit einer versicherung, die nur einen kleinen prozentsatz des aufenthalts ausmacht, ihren aufenthalt ohne risiko weit im voraus buchen. Buchen sie ihren aufenthalt auf dem campingplatz in aller ruhe Um den st\u00f6rungen des lebens vorzubeugen, bieten wir ihnen zusammen mit unserem partener Gritchen Affinity, die Campez Couvert-formel, und die optionale versicherung &#8222;storno und aufenthaltsunterbrechung&#8220;an. F\u00fcr ein paar euro mehr k\u00f6nnen sie diese garantie bei der online-buchung ihres aufenthaltes abonnieren. Unser versicherungspartner verpflichtet sich, den gesamten oder einen teil des aufenthaltes nur an kunden zu erstatten, die eine Campez Couvert-Versicherung im falle eines gedeckten schadens (25 garantien) abgeschlossen haben. Konsultieren sie die garantiebestimmugen, indem sie die folgende brosch\u00fcre herunterladen. Brosch\u00fcre herunterladen Campez Couvert Die allgemeinen gesch\u00e4ftsbedingung en sind auf der website verf\u00fcgag&nbsp; &nbsp;www.campez-couvert.com Was tun im falle einer stornierung oder verz\u00f6gerung des aufenthalts ? 1\/ Benachrichtigen sie uns per post oder E-mail. 2\/ Erkl\u00e4ren sie die katastrophe auf der website von Campez Couvert indem si hier klicken : en cliquant ici Wir empfehlen dringend den abschluss einer reiser\u00fccktrittsversicherung. Die versicherungspr\u00e4mie muss bei der buchung aufenthalts vollst\u00e4nding bezalht werden und ist nicht Die vollst\u00e4ndigen allgemeinen stornierungsbedingungen und das verfahren im falle einer stornierung finden sie auf der website : https:\/\/www.campez-couvert.com Die reiser\u00fccktrittsversicherung erstattet bei versp\u00e4teter anreise oder vorzeitiger r\u00fcckkehr zeintanteilig alle vor der anreise gezahlten betr\u00e4ge und deb betrag des nicht in anspruch genommenen aufenthalts. Sie k\u00f6nnen den schaden melden entweder : \u2013 Par internet https:\/\/www.campez-couvert.com \u2013 Per email sinistres@campez-couvert.com \u2013 Per fax : 09 72 28 76 92 \u2013 Per mail : Gritchen Affinity Finsterer dienst Gritchen Affinity 27, rue Charles Durand CS70139 &#8211; 18021 Bourges Cedex Buchen sie ganz beruhigt ihren stellplatz oder ihr mobilheim auf dem campingplatz le Sun in der Ard\u00e8che<\/p>\n","protected":false},"author":2,"featured_media":0,"parent":0,"menu_order":0,"comment_status":"closed","ping_status":"closed","template":"","meta":{"footnotes":""},"class_list":["post-2189","page","type-page","status-publish","hentry"],"yoast_head":"<!-- This site is optimized with the Yoast SEO plugin v27.4 - https:\/\/yoast.com\/product\/yoast-seo-wordpress\/ -->\n<title>Assurance annulation camping comment ca marche ?<\/title>\n<meta name=\"description\" content=\"Si vous r\u00e9servez un s\u00e9jour en camping plusieurs mois \u00e0 l&#039;avance, il est prudent de souscrire \u00e0 une assurance annulation. l&#039;assurance en d\u00e9tail\" \/>\n<meta name=\"robots\" content=\"index, follow, max-snippet:-1, max-image-preview:large, max-video-preview:-1\" \/>\n<link rel=\"canonical\" href=\"https:\/\/www.suncamping.com\/de\/assurance-annulation\/\" \/>\n<meta property=\"og:locale\" content=\"de_DE\" \/>\n<meta property=\"og:type\" content=\"article\" \/>\n<meta property=\"og:title\" content=\"Assurance annulation camping comment ca marche ?\" \/>\n<meta property=\"og:description\" content=\"Si vous r\u00e9servez un s\u00e9jour en camping plusieurs mois \u00e0 l&#039;avance, il est prudent de souscrire \u00e0 une assurance annulation. l&#039;assurance en d\u00e9tail\" \/>\n<meta property=\"og:url\" content=\"https:\/\/www.suncamping.com\/de\/assurance-annulation\/\" \/>\n<meta property=\"og:site_name\" content=\"Sun Camping\" \/>\n<meta property=\"article:modified_time\" content=\"2023-02-20T15:14:33+00:00\" \/>\n<meta property=\"og:image\" content=\"https:\/\/www.suncamping.com\/wp-content\/uploads\/2017\/10\/assurance-annulation-camping.jpg\" \/>\n<meta name=\"twitter:card\" content=\"summary_large_image\" \/>\n<meta name=\"twitter:label1\" content=\"Gesch\u00e4tzte Lesezeit\" \/>\n\t<meta name=\"twitter:data1\" content=\"3\u00a0Minuten\" \/>\n<script type=\"application\/ld+json\" class=\"yoast-schema-graph\">{\"@context\":\"https:\\\/\\\/schema.org\",\"@graph\":[{\"@type\":\"WebPage\",\"@id\":\"https:\\\/\\\/www.suncamping.com\\\/de\\\/assurance-annulation\\\/\",\"url\":\"https:\\\/\\\/www.suncamping.com\\\/de\\\/assurance-annulation\\\/\",\"name\":\"Assurance annulation camping comment ca marche ?\",\"isPartOf\":{\"@id\":\"https:\\\/\\\/www.suncamping.com\\\/#website\"},\"primaryImageOfPage\":{\"@id\":\"https:\\\/\\\/www.suncamping.com\\\/de\\\/assurance-annulation\\\/#primaryimage\"},\"image\":{\"@id\":\"https:\\\/\\\/www.suncamping.com\\\/de\\\/assurance-annulation\\\/#primaryimage\"},\"thumbnailUrl\":\"https:\\\/\\\/www.suncamping.com\\\/wp-content\\\/uploads\\\/2017\\\/10\\\/assurance-annulation-camping.jpg\",\"datePublished\":\"2017-10-30T06:15:16+00:00\",\"dateModified\":\"2023-02-20T15:14:33+00:00\",\"description\":\"Si vous r\u00e9servez un s\u00e9jour en camping plusieurs mois \u00e0 l'avance, il est prudent de souscrire \u00e0 une assurance annulation. l'assurance en d\u00e9tail\",\"breadcrumb\":{\"@id\":\"https:\\\/\\\/www.suncamping.com\\\/de\\\/assurance-annulation\\\/#breadcrumb\"},\"inLanguage\":\"de\",\"potentialAction\":[{\"@type\":\"ReadAction\",\"target\":[\"https:\\\/\\\/www.suncamping.com\\\/de\\\/assurance-annulation\\\/\"]}]},{\"@type\":\"ImageObject\",\"inLanguage\":\"de\",\"@id\":\"https:\\\/\\\/www.suncamping.com\\\/de\\\/assurance-annulation\\\/#primaryimage\",\"url\":\"https:\\\/\\\/www.suncamping.com\\\/wp-content\\\/uploads\\\/2017\\\/10\\\/assurance-annulation-camping.jpg\",\"contentUrl\":\"https:\\\/\\\/www.suncamping.com\\\/wp-content\\\/uploads\\\/2017\\\/10\\\/assurance-annulation-camping.jpg\"},{\"@type\":\"BreadcrumbList\",\"@id\":\"https:\\\/\\\/www.suncamping.com\\\/de\\\/assurance-annulation\\\/#breadcrumb\",\"itemListElement\":[{\"@type\":\"ListItem\",\"position\":1,\"name\":\"Accueil\",\"item\":\"https:\\\/\\\/www.suncamping.com\\\/de\\\/\"},{\"@type\":\"ListItem\",\"position\":2,\"name\":\"Reiser\u00fccktrittsversiherung\"}]},{\"@type\":\"WebSite\",\"@id\":\"https:\\\/\\\/www.suncamping.com\\\/#website\",\"url\":\"https:\\\/\\\/www.suncamping.com\\\/\",\"name\":\"Sun Camping\",\"description\":\"\",\"potentialAction\":[{\"@type\":\"SearchAction\",\"target\":{\"@type\":\"EntryPoint\",\"urlTemplate\":\"https:\\\/\\\/www.suncamping.com\\\/?s={search_term_string}\"},\"query-input\":{\"@type\":\"PropertyValueSpecification\",\"valueRequired\":true,\"valueName\":\"search_term_string\"}}],\"inLanguage\":\"de\"}]}<\/script>\n<!-- \/ Yoast SEO plugin. -->","yoast_head_json":{"title":"Assurance annulation camping comment ca marche ?","description":"Si vous r\u00e9servez un s\u00e9jour en camping plusieurs mois \u00e0 l'avance, il est prudent de souscrire \u00e0 une assurance annulation. l'assurance en d\u00e9tail","robots":{"index":"index","follow":"follow","max-snippet":"max-snippet:-1","max-image-preview":"max-image-preview:large","max-video-preview":"max-video-preview:-1"},"canonical":"https:\/\/www.suncamping.com\/de\/assurance-annulation\/","og_locale":"de_DE","og_type":"article","og_title":"Assurance annulation camping comment ca marche ?","og_description":"Si vous r\u00e9servez un s\u00e9jour en camping plusieurs mois \u00e0 l'avance, il est prudent de souscrire \u00e0 une assurance annulation. l'assurance en d\u00e9tail","og_url":"https:\/\/www.suncamping.com\/de\/assurance-annulation\/","og_site_name":"Sun Camping","article_modified_time":"2023-02-20T15:14:33+00:00","og_image":[{"url":"https:\/\/www.suncamping.com\/wp-content\/uploads\/2017\/10\/assurance-annulation-camping.jpg","type":"","width":"","height":""}],"twitter_card":"summary_large_image","twitter_misc":{"Gesch\u00e4tzte Lesezeit":"3\u00a0Minuten"},"schema":{"@context":"https:\/\/schema.org","@graph":[{"@type":"WebPage","@id":"https:\/\/www.suncamping.com\/de\/assurance-annulation\/","url":"https:\/\/www.suncamping.com\/de\/assurance-annulation\/","name":"Assurance annulation camping comment ca marche ?","isPartOf":{"@id":"https:\/\/www.suncamping.com\/#website"},"primaryImageOfPage":{"@id":"https:\/\/www.suncamping.com\/de\/assurance-annulation\/#primaryimage"},"image":{"@id":"https:\/\/www.suncamping.com\/de\/assurance-annulation\/#primaryimage"},"thumbnailUrl":"https:\/\/www.suncamping.com\/wp-content\/uploads\/2017\/10\/assurance-annulation-camping.jpg","datePublished":"2017-10-30T06:15:16+00:00","dateModified":"2023-02-20T15:14:33+00:00","description":"Si vous r\u00e9servez un s\u00e9jour en camping plusieurs mois \u00e0 l'avance, il est prudent de souscrire \u00e0 une assurance annulation. l'assurance en d\u00e9tail","breadcrumb":{"@id":"https:\/\/www.suncamping.com\/de\/assurance-annulation\/#breadcrumb"},"inLanguage":"de","potentialAction":[{"@type":"ReadAction","target":["https:\/\/www.suncamping.com\/de\/assurance-annulation\/"]}]},{"@type":"ImageObject","inLanguage":"de","@id":"https:\/\/www.suncamping.com\/de\/assurance-annulation\/#primaryimage","url":"https:\/\/www.suncamping.com\/wp-content\/uploads\/2017\/10\/assurance-annulation-camping.jpg","contentUrl":"https:\/\/www.suncamping.com\/wp-content\/uploads\/2017\/10\/assurance-annulation-camping.jpg"},{"@type":"BreadcrumbList","@id":"https:\/\/www.suncamping.com\/de\/assurance-annulation\/#breadcrumb","itemListElement":[{"@type":"ListItem","position":1,"name":"Accueil","item":"https:\/\/www.suncamping.com\/de\/"},{"@type":"ListItem","position":2,"name":"Reiser\u00fccktrittsversiherung"}]},{"@type":"WebSite","@id":"https:\/\/www.suncamping.com\/#website","url":"https:\/\/www.suncamping.com\/","name":"Sun Camping","description":"","potentialAction":[{"@type":"SearchAction","target":{"@type":"EntryPoint","urlTemplate":"https:\/\/www.suncamping.com\/?s={search_term_string}"},"query-input":{"@type":"PropertyValueSpecification","valueRequired":true,"valueName":"search_term_string"}}],"inLanguage":"de"}]}},"_links":{"self":[{"href":"https:\/\/www.suncamping.com\/de\/wp-json\/wp\/v2\/pages\/2189","targetHints":{"allow":["GET"]}}],"collection":[{"href":"https:\/\/www.suncamping.com\/de\/wp-json\/wp\/v2\/pages"}],"about":[{"href":"https:\/\/www.suncamping.com\/de\/wp-json\/wp\/v2\/types\/page"}],"author":[{"embeddable":true,"href":"https:\/\/www.suncamping.com\/de\/wp-json\/wp\/v2\/users\/2"}],"replies":[{"embeddable":true,"href":"https:\/\/www.suncamping.com\/de\/wp-json\/wp\/v2\/comments?post=2189"}],"version-history":[{"count":0,"href":"https:\/\/www.suncamping.com\/de\/wp-json\/wp\/v2\/pages\/2189\/revisions"}],"wp:attachment":[{"href":"https:\/\/www.suncamping.com\/de\/wp-json\/wp\/v2\/media?parent=2189"}],"curies":[{"name":"wp","href":"https:\/\/api.w.org\/{rel}","templated":true}]}}