{"id":2186,"date":"2016-12-22T17:52:06","date_gmt":"2016-12-22T16:52:06","guid":{"rendered":"https:\/\/www.suncamping.com\/activites-nature-ardeche\/"},"modified":"2023-02-20T12:16:18","modified_gmt":"2023-02-20T11:16:18","slug":"activites-nature-ardeche","status":"publish","type":"page","link":"https:\/\/www.suncamping.com\/de\/activites-nature-ardeche\/","title":{"rendered":"Aktivit\u00e4ten in der natur"},"content":{"rendered":"<h1>Ard\u00e8che sud : les activit\u00e9s nature<\/h1>\n<p>W\u00e4hrend ihres urlaubs in der Ard\u00e8che, um <a href=\"\/\">camping le SUN<\/a>, sie haben das gl\u00fcck, vor den toren der Gorges de l&#8217;Ard\u00e8che, zu sein, eine grobartige gelegenheit, verschiedene aktivit\u00e4ten im herzen des natur auszu\u00fcben.<\/p>\n<p><a href=\"https:\/\/www.suncamping.com\/wp-content\/uploads\/2016\/12\/canoe-ardeche.jpg\"><img fetchpriority=\"high\" decoding=\"async\" class=\"aligncenter wp-image-216 size-full\" src=\"https:\/\/www.suncamping.com\/wp-content\/uploads\/2016\/12\/canoe-ardeche.jpg\" alt=\"canoe en ard\u00e8che\" width=\"800\" height=\"327\" srcset=\"https:\/\/www.suncamping.com\/wp-content\/uploads\/2016\/12\/canoe-ardeche.jpg 800w, https:\/\/www.suncamping.com\/wp-content\/uploads\/2016\/12\/canoe-ardeche-300x123.jpg 300w, https:\/\/www.suncamping.com\/wp-content\/uploads\/2016\/12\/canoe-ardeche-768x314.jpg 768w\" sizes=\"(max-width: 800px) 100vw, 800px\" \/><\/a><\/p>\n<h2 class=\"start\">VIELE AKTIVIT\u00c4TEN IN DER UMGEBUNG<\/h2>\n<p>Die abfahrtn der Gorges de l&#8217;Ard\u00e8che mit dem Kanu-Kayak, mit dem boot mit den bootsf\u00fchrern<\/p>\n<p>Wandern sie zu fub auf den wanderwegen.<\/p>\n<p>Die praxis moutainbikens.<\/p>\n<p>Klettern.<\/p>\n<p>Das reiten.<\/p>\n<p>Buchen sie ihre <a href=\"https:\/\/www.suncamping.com\/locations\/\">vermietung in der Ard\u00e8che<\/a> ou <a href=\"https:\/\/www.suncamping.com\/camping\/\">stellplatz in sampzon<\/a><br \/>\n<div class=\"pt-cv-wrapper\"><div class=\"pt-cv-view pt-cv-grid pt-cv-colsys\" id=\"pt-cv-view-d95a3e9ila\"><div data-id=\"pt-cv-page-1\" class=\"pt-cv-page\" data-cvc=\"3\"><div class=\"col-md-4 col-sm-6 col-xs-12 pt-cv-content-item pt-cv-1-col\" ><div class='pt-cv-ifield'><a href=\"https:\/\/www.suncamping.com\/de\/baignade-vallon-pont-d-arc\/\" class=\"_self pt-cv-href-thumbnail pt-cv-thumb-default\" target=\"_self\" ><img decoding=\"async\" width=\"300\" height=\"200\" src=\"https:\/\/www.suncamping.com\/wp-content\/uploads\/2016\/12\/baignade-ardeche-sud-gorges-min-300x200.jpg\" class=\"pt-cv-thumbnail\" alt=\"\" srcset=\"https:\/\/www.suncamping.com\/wp-content\/uploads\/2016\/12\/baignade-ardeche-sud-gorges-min-300x200.jpg 300w, https:\/\/www.suncamping.com\/wp-content\/uploads\/2016\/12\/baignade-ardeche-sud-gorges-min-768x512.jpg 768w, https:\/\/www.suncamping.com\/wp-content\/uploads\/2016\/12\/baignade-ardeche-sud-gorges-min.jpg 800w\" sizes=\"(max-width: 300px) 100vw, 300px\" \/><\/a>\n<h4 class=\"pt-cv-title\"><a href=\"https:\/\/www.suncamping.com\/de\/baignade-vallon-pont-d-arc\/\" class=\"_self\" target=\"_self\" >Baden<\/a><\/h4>\n<div class=\"pt-cv-content\">Wo kann man in der s\u00fcdlichen Ard\u00e8che schwimmen ? Die besten badepl\u00e4tze in den schluchten der s\u00fcdlichen l'Ard\u00e8che Lust auf ...<br \/><div class=\"pt-cv-rmwrap\"><a href=\"https:\/\/www.suncamping.com\/de\/baignade-vallon-pont-d-arc\/\" class=\"_self pt-cv-readmore btn btn-success\" target=\"_self\">En savoir plus<\/a><\/div><\/div><\/div><\/div>\n<div class=\"col-md-4 col-sm-6 col-xs-12 pt-cv-content-item pt-cv-1-col\" ><div class='pt-cv-ifield'><a href=\"https:\/\/www.suncamping.com\/de\/randonnee-en-ardeche\/\" class=\"_self pt-cv-href-thumbnail pt-cv-thumb-default\" target=\"_self\" ><img decoding=\"async\" width=\"300\" height=\"150\" src=\"https:\/\/www.suncamping.com\/wp-content\/uploads\/2016\/12\/randonne-ardeche-gorges-min-300x150.jpg\" class=\"pt-cv-thumbnail\" alt=\"\" srcset=\"https:\/\/www.suncamping.com\/wp-content\/uploads\/2016\/12\/randonne-ardeche-gorges-min-300x150.jpg 300w, https:\/\/www.suncamping.com\/wp-content\/uploads\/2016\/12\/randonne-ardeche-gorges-min-768x384.jpg 768w, https:\/\/www.suncamping.com\/wp-content\/uploads\/2016\/12\/randonne-ardeche-gorges-min.jpg 777w\" sizes=\"(max-width: 300px) 100vw, 300px\" \/><\/a>\n<h4 class=\"pt-cv-title\"><a href=\"https:\/\/www.suncamping.com\/de\/randonnee-en-ardeche\/\" class=\"_self\" target=\"_self\" >Wandern in der Ard\u00e8che<\/a><\/h4>\n<div class=\"pt-cv-content\">Wo kann man in der Ard\u00e8che wandern ? Die s\u00fcdliche Ard\u00e8che ist ein wanderparadies. Die gorges de l'Ard\u00e8che, eine 24 ...<br \/><div class=\"pt-cv-rmwrap\"><a href=\"https:\/\/www.suncamping.com\/de\/randonnee-en-ardeche\/\" class=\"_self pt-cv-readmore btn btn-success\" target=\"_self\">En savoir plus<\/a><\/div><\/div><\/div><\/div>\n<div class=\"col-md-4 col-sm-6 col-xs-12 pt-cv-content-item pt-cv-1-col\" ><div class='pt-cv-ifield'><a href=\"https:\/\/www.suncamping.com\/de\/canoe-en-ardeche\/\" class=\"_self pt-cv-href-thumbnail pt-cv-thumb-default\" target=\"_self\" ><img loading=\"lazy\" decoding=\"async\" width=\"300\" height=\"225\" src=\"https:\/\/www.suncamping.com\/wp-content\/uploads\/2016\/12\/location-canoe-ardeche-300x225.jpg\" class=\"pt-cv-thumbnail\" alt=\"\" srcset=\"https:\/\/www.suncamping.com\/wp-content\/uploads\/2016\/12\/location-canoe-ardeche-300x225.jpg 300w, https:\/\/www.suncamping.com\/wp-content\/uploads\/2016\/12\/location-canoe-ardeche-768x575.jpg 768w, https:\/\/www.suncamping.com\/wp-content\/uploads\/2016\/12\/location-canoe-ardeche.jpg 800w\" sizes=\"(max-width: 300px) 100vw, 300px\" \/><\/a>\n<h4 class=\"pt-cv-title\"><a href=\"https:\/\/www.suncamping.com\/de\/canoe-en-ardeche\/\" class=\"_self\" target=\"_self\" >Kanufahren in der Ard\u00e8che<\/a><\/h4>\n<div class=\"pt-cv-content\">Kanufahren in der s\u00fcdlichen Ard\u00e8che Kanufahren, kanusensation, die Ard\u00e8che bietet ihnen eine vielzahl von facetten, die sie mit familie oder ...<br \/><div class=\"pt-cv-rmwrap\"><a href=\"https:\/\/www.suncamping.com\/de\/canoe-en-ardeche\/\" class=\"_self pt-cv-readmore btn btn-success\" target=\"_self\">En savoir plus<\/a><\/div><\/div><\/div><\/div><\/div><\/div><\/div><\/p>\n","protected":false},"excerpt":{"rendered":"<p>Ard\u00e8che sud : les activit\u00e9s nature W\u00e4hrend ihres urlaubs in der Ard\u00e8che, um camping le SUN, sie haben das gl\u00fcck, vor den toren der Gorges de l&#8217;Ard\u00e8che, zu sein, eine grobartige gelegenheit, verschiedene aktivit\u00e4ten im herzen des natur auszu\u00fcben. VIELE AKTIVIT\u00c4TEN IN DER UMGEBUNG Die abfahrtn der Gorges de l&#8217;Ard\u00e8che mit dem Kanu-Kayak, mit dem boot mit den bootsf\u00fchrern Wandern sie zu fub auf den wanderwegen. Die praxis moutainbikens. Klettern. Das reiten. Buchen sie ihre vermietung in der Ard\u00e8che ou stellplatz in sampzon<\/p>\n","protected":false},"author":2,"featured_media":0,"parent":0,"menu_order":0,"comment_status":"closed","ping_status":"closed","template":"","meta":{"footnotes":""},"class_list":["post-2186","page","type-page","status-publish","hentry"],"yoast_head":"<!-- This site is optimized with the Yoast SEO plugin v27.4 - https:\/\/yoast.com\/product\/yoast-seo-wordpress\/ -->\n<title>Aktivit\u00e4ten in der natur - Sun Camping<\/title>\n<meta name=\"robots\" content=\"index, follow, max-snippet:-1, max-image-preview:large, max-video-preview:-1\" \/>\n<link rel=\"canonical\" href=\"https:\/\/www.suncamping.com\/de\/activites-nature-ardeche\/\" \/>\n<meta property=\"og:locale\" content=\"de_DE\" \/>\n<meta property=\"og:type\" content=\"article\" \/>\n<meta property=\"og:title\" content=\"Aktivit\u00e4ten in der natur - Sun Camping\" \/>\n<meta property=\"og:description\" content=\"Ard\u00e8che sud : les activit\u00e9s nature W\u00e4hrend ihres urlaubs in der Ard\u00e8che, um camping le SUN, sie haben das gl\u00fcck, vor den toren der Gorges de l&#8217;Ard\u00e8che, zu sein, eine grobartige gelegenheit, verschiedene aktivit\u00e4ten im herzen des natur auszu\u00fcben. VIELE AKTIVIT\u00c4TEN IN DER UMGEBUNG Die abfahrtn der Gorges de l&#8217;Ard\u00e8che mit dem Kanu-Kayak, mit dem boot mit den bootsf\u00fchrern Wandern sie zu fub auf den wanderwegen. Die praxis moutainbikens. Klettern. Das reiten. Buchen sie ihre vermietung in der Ard\u00e8che ou stellplatz in sampzon\" \/>\n<meta property=\"og:url\" content=\"https:\/\/www.suncamping.com\/de\/activites-nature-ardeche\/\" \/>\n<meta property=\"og:site_name\" content=\"Sun Camping\" \/>\n<meta property=\"article:modified_time\" content=\"2023-02-20T11:16:18+00:00\" \/>\n<meta property=\"og:image\" content=\"https:\/\/www.suncamping.com\/wp-content\/uploads\/2016\/12\/canoe-ardeche.jpg\" \/>\n<meta name=\"twitter:card\" content=\"summary_large_image\" \/>\n<meta name=\"twitter:label1\" content=\"Gesch\u00e4tzte Lesezeit\" \/>\n\t<meta name=\"twitter:data1\" content=\"1\u00a0Minute\" \/>\n<script type=\"application\/ld+json\" class=\"yoast-schema-graph\">{\"@context\":\"https:\\\/\\\/schema.org\",\"@graph\":[{\"@type\":\"WebPage\",\"@id\":\"https:\\\/\\\/www.suncamping.com\\\/de\\\/activites-nature-ardeche\\\/\",\"url\":\"https:\\\/\\\/www.suncamping.com\\\/de\\\/activites-nature-ardeche\\\/\",\"name\":\"Aktivit\u00e4ten in der natur - Sun Camping\",\"isPartOf\":{\"@id\":\"https:\\\/\\\/www.suncamping.com\\\/#website\"},\"primaryImageOfPage\":{\"@id\":\"https:\\\/\\\/www.suncamping.com\\\/de\\\/activites-nature-ardeche\\\/#primaryimage\"},\"image\":{\"@id\":\"https:\\\/\\\/www.suncamping.com\\\/de\\\/activites-nature-ardeche\\\/#primaryimage\"},\"thumbnailUrl\":\"https:\\\/\\\/www.suncamping.com\\\/wp-content\\\/uploads\\\/2016\\\/12\\\/canoe-ardeche.jpg\",\"datePublished\":\"2016-12-22T16:52:06+00:00\",\"dateModified\":\"2023-02-20T11:16:18+00:00\",\"breadcrumb\":{\"@id\":\"https:\\\/\\\/www.suncamping.com\\\/de\\\/activites-nature-ardeche\\\/#breadcrumb\"},\"inLanguage\":\"de\",\"potentialAction\":[{\"@type\":\"ReadAction\",\"target\":[\"https:\\\/\\\/www.suncamping.com\\\/de\\\/activites-nature-ardeche\\\/\"]}]},{\"@type\":\"ImageObject\",\"inLanguage\":\"de\",\"@id\":\"https:\\\/\\\/www.suncamping.com\\\/de\\\/activites-nature-ardeche\\\/#primaryimage\",\"url\":\"https:\\\/\\\/www.suncamping.com\\\/wp-content\\\/uploads\\\/2016\\\/12\\\/canoe-ardeche.jpg\",\"contentUrl\":\"https:\\\/\\\/www.suncamping.com\\\/wp-content\\\/uploads\\\/2016\\\/12\\\/canoe-ardeche.jpg\"},{\"@type\":\"BreadcrumbList\",\"@id\":\"https:\\\/\\\/www.suncamping.com\\\/de\\\/activites-nature-ardeche\\\/#breadcrumb\",\"itemListElement\":[{\"@type\":\"ListItem\",\"position\":1,\"name\":\"Accueil\",\"item\":\"https:\\\/\\\/www.suncamping.com\\\/de\\\/\"},{\"@type\":\"ListItem\",\"position\":2,\"name\":\"Aktivit\u00e4ten in der natur\"}]},{\"@type\":\"WebSite\",\"@id\":\"https:\\\/\\\/www.suncamping.com\\\/#website\",\"url\":\"https:\\\/\\\/www.suncamping.com\\\/\",\"name\":\"Sun Camping\",\"description\":\"\",\"potentialAction\":[{\"@type\":\"SearchAction\",\"target\":{\"@type\":\"EntryPoint\",\"urlTemplate\":\"https:\\\/\\\/www.suncamping.com\\\/?s={search_term_string}\"},\"query-input\":{\"@type\":\"PropertyValueSpecification\",\"valueRequired\":true,\"valueName\":\"search_term_string\"}}],\"inLanguage\":\"de\"}]}<\/script>\n<!-- \/ Yoast SEO plugin. -->","yoast_head_json":{"title":"Aktivit\u00e4ten in der natur - Sun Camping","robots":{"index":"index","follow":"follow","max-snippet":"max-snippet:-1","max-image-preview":"max-image-preview:large","max-video-preview":"max-video-preview:-1"},"canonical":"https:\/\/www.suncamping.com\/de\/activites-nature-ardeche\/","og_locale":"de_DE","og_type":"article","og_title":"Aktivit\u00e4ten in der natur - Sun Camping","og_description":"Ard\u00e8che sud : les activit\u00e9s nature W\u00e4hrend ihres urlaubs in der Ard\u00e8che, um camping le SUN, sie haben das gl\u00fcck, vor den toren der Gorges de l&#8217;Ard\u00e8che, zu sein, eine grobartige gelegenheit, verschiedene aktivit\u00e4ten im herzen des natur auszu\u00fcben. VIELE AKTIVIT\u00c4TEN IN DER UMGEBUNG Die abfahrtn der Gorges de l&#8217;Ard\u00e8che mit dem Kanu-Kayak, mit dem boot mit den bootsf\u00fchrern Wandern sie zu fub auf den wanderwegen. Die praxis moutainbikens. Klettern. Das reiten. Buchen sie ihre vermietung in der Ard\u00e8che ou stellplatz in sampzon","og_url":"https:\/\/www.suncamping.com\/de\/activites-nature-ardeche\/","og_site_name":"Sun Camping","article_modified_time":"2023-02-20T11:16:18+00:00","og_image":[{"url":"https:\/\/www.suncamping.com\/wp-content\/uploads\/2016\/12\/canoe-ardeche.jpg","type":"","width":"","height":""}],"twitter_card":"summary_large_image","twitter_misc":{"Gesch\u00e4tzte Lesezeit":"1\u00a0Minute"},"schema":{"@context":"https:\/\/schema.org","@graph":[{"@type":"WebPage","@id":"https:\/\/www.suncamping.com\/de\/activites-nature-ardeche\/","url":"https:\/\/www.suncamping.com\/de\/activites-nature-ardeche\/","name":"Aktivit\u00e4ten in der natur - Sun Camping","isPartOf":{"@id":"https:\/\/www.suncamping.com\/#website"},"primaryImageOfPage":{"@id":"https:\/\/www.suncamping.com\/de\/activites-nature-ardeche\/#primaryimage"},"image":{"@id":"https:\/\/www.suncamping.com\/de\/activites-nature-ardeche\/#primaryimage"},"thumbnailUrl":"https:\/\/www.suncamping.com\/wp-content\/uploads\/2016\/12\/canoe-ardeche.jpg","datePublished":"2016-12-22T16:52:06+00:00","dateModified":"2023-02-20T11:16:18+00:00","breadcrumb":{"@id":"https:\/\/www.suncamping.com\/de\/activites-nature-ardeche\/#breadcrumb"},"inLanguage":"de","potentialAction":[{"@type":"ReadAction","target":["https:\/\/www.suncamping.com\/de\/activites-nature-ardeche\/"]}]},{"@type":"ImageObject","inLanguage":"de","@id":"https:\/\/www.suncamping.com\/de\/activites-nature-ardeche\/#primaryimage","url":"https:\/\/www.suncamping.com\/wp-content\/uploads\/2016\/12\/canoe-ardeche.jpg","contentUrl":"https:\/\/www.suncamping.com\/wp-content\/uploads\/2016\/12\/canoe-ardeche.jpg"},{"@type":"BreadcrumbList","@id":"https:\/\/www.suncamping.com\/de\/activites-nature-ardeche\/#breadcrumb","itemListElement":[{"@type":"ListItem","position":1,"name":"Accueil","item":"https:\/\/www.suncamping.com\/de\/"},{"@type":"ListItem","position":2,"name":"Aktivit\u00e4ten in der natur"}]},{"@type":"WebSite","@id":"https:\/\/www.suncamping.com\/#website","url":"https:\/\/www.suncamping.com\/","name":"Sun Camping","description":"","potentialAction":[{"@type":"SearchAction","target":{"@type":"EntryPoint","urlTemplate":"https:\/\/www.suncamping.com\/?s={search_term_string}"},"query-input":{"@type":"PropertyValueSpecification","valueRequired":true,"valueName":"search_term_string"}}],"inLanguage":"de"}]}},"_links":{"self":[{"href":"https:\/\/www.suncamping.com\/de\/wp-json\/wp\/v2\/pages\/2186","targetHints":{"allow":["GET"]}}],"collection":[{"href":"https:\/\/www.suncamping.com\/de\/wp-json\/wp\/v2\/pages"}],"about":[{"href":"https:\/\/www.suncamping.com\/de\/wp-json\/wp\/v2\/types\/page"}],"author":[{"embeddable":true,"href":"https:\/\/www.suncamping.com\/de\/wp-json\/wp\/v2\/users\/2"}],"replies":[{"embeddable":true,"href":"https:\/\/www.suncamping.com\/de\/wp-json\/wp\/v2\/comments?post=2186"}],"version-history":[{"count":0,"href":"https:\/\/www.suncamping.com\/de\/wp-json\/wp\/v2\/pages\/2186\/revisions"}],"wp:attachment":[{"href":"https:\/\/www.suncamping.com\/de\/wp-json\/wp\/v2\/media?parent=2186"}],"curies":[{"name":"wp","href":"https:\/\/api.w.org\/{rel}","templated":true}]}}