{"id":2183,"date":"2016-12-10T10:33:24","date_gmt":"2016-12-10T09:33:24","guid":{"rendered":"https:\/\/www.suncamping.com\/acces-contact\/"},"modified":"2023-02-20T16:00:24","modified_gmt":"2023-02-20T15:00:24","slug":"acces-contact","status":"publish","type":"page","link":"https:\/\/www.suncamping.com\/de\/acces-contact\/","title":{"rendered":"Zugang \/ Kontakt"},"content":{"rendered":"<h1>Zugang \/ Kontakt<\/h1>\n<p><div class='content-column one_half'>\n<div class=\"wpcf7 no-js\" id=\"wpcf7-f2257-o1\" lang=\"fr-FR\" dir=\"ltr\" data-wpcf7-id=\"2257\">\n<div class=\"screen-reader-response\"><p role=\"status\" aria-live=\"polite\" aria-atomic=\"true\"><\/p> <ul><\/ul><\/div>\n<form action=\"\/de\/wp-json\/wp\/v2\/pages\/2183#wpcf7-f2257-o1\" method=\"post\" class=\"wpcf7-form init\" aria-label=\"Formulaire de contact\" novalidate=\"novalidate\" data-status=\"init\">\n<fieldset class=\"hidden-fields-container\"><input type=\"hidden\" name=\"_wpcf7\" value=\"2257\" \/><input type=\"hidden\" name=\"_wpcf7_version\" value=\"6.1.5\" \/><input type=\"hidden\" name=\"_wpcf7_locale\" value=\"fr_FR\" \/><input type=\"hidden\" name=\"_wpcf7_unit_tag\" value=\"wpcf7-f2257-o1\" \/><input type=\"hidden\" name=\"_wpcf7_container_post\" value=\"0\" \/><input type=\"hidden\" name=\"_wpcf7_posted_data_hash\" value=\"\" \/><input type=\"hidden\" name=\"_wpcf7_recaptcha_response\" value=\"\" \/>\n<\/fieldset>\n<div class=\"form-group\">\n\t<p><label for=\"contact_name\">Name<\/label><br \/>\n<span class=\"wpcf7-form-control-wrap\" data-name=\"contact_name\"><input size=\"40\" maxlength=\"400\" class=\"wpcf7-form-control wpcf7-text wpcf7-validates-as-required form-control\" id=\"contact_name\" aria-required=\"true\" aria-invalid=\"false\" value=\"\" type=\"text\" name=\"contact_name\" \/><\/span>\n\t<\/p>\n<\/div>\n<div class=\"form-group\">\n\t<p><label for=\"contact_email\">E-mail<\/label><br \/>\n<span class=\"wpcf7-form-control-wrap\" data-name=\"email\"><input size=\"40\" maxlength=\"400\" class=\"wpcf7-form-control wpcf7-email wpcf7-validates-as-required wpcf7-text wpcf7-validates-as-email form-control\" id=\"contact_email\" aria-required=\"true\" aria-invalid=\"false\" value=\"\" type=\"email\" name=\"email\" \/><\/span>\n\t<\/p>\n<\/div>\n<div class=\"form-group\">\n\t<p><label for=\"contact_subject\">Thema<\/label><br \/>\n<span class=\"wpcf7-form-control-wrap\" data-name=\"subject\"><input size=\"40\" maxlength=\"400\" class=\"wpcf7-form-control wpcf7-text form-control\" id=\"contact_subject\" aria-invalid=\"false\" value=\"\" type=\"text\" name=\"subject\" \/><\/span>\n\t<\/p>\n<\/div>\n<div class=\"form-group\">\n\t<p><label for=\"contact_message\">Nachricht<\/label><br \/>\n<span class=\"wpcf7-form-control-wrap\" data-name=\"message\"><textarea cols=\"40\" rows=\"10\" maxlength=\"2000\" class=\"wpcf7-form-control wpcf7-textarea form-control\" id=\"contact_message\" aria-invalid=\"false\" name=\"message\"><\/textarea><\/span>\n\t<\/p>\n<\/div>\n<div class=\"form-group\">\n\t<p><input class=\"wpcf7-form-control wpcf7-submit has-spinner btn btn-primary\" type=\"submit\" value=\"Schicken\" \/>\n\t<\/p>\n<\/div><p style=\"display: none !important;\" class=\"akismet-fields-container\" data-prefix=\"_wpcf7_ak_\"><label>&#916;<textarea name=\"_wpcf7_ak_hp_textarea\" cols=\"45\" rows=\"8\" maxlength=\"100\"><\/textarea><\/label><input type=\"hidden\" id=\"ak_js_1\" name=\"_wpcf7_ak_js\" value=\"98\"\/><script type=\"text\/javascript\">\n\/* <![CDATA[ *\/\ndocument.getElementById( \"ak_js_1\" ).setAttribute( \"value\", ( new Date() ).getTime() );\n\/* ]]> *\/\n<\/script>\n<\/p><div class=\"wpcf7-response-output\" aria-hidden=\"true\"><\/div>\n<\/form>\n<\/div>\n<\/div><br \/>\n<div class='content-column one_half last_column'><iframe class=\"access-map\" style=\"width: 100%; border: 0;\" src=\"https:\/\/www.google.com\/maps\/embed?pb=!1m14!1m8!1m3!1d11396.803611156902!2d4.353513!3d44.429041!3m2!1i1024!2i768!4f13.1!3m3!1m2!1s0x0%3A0xb000364bde4fb80c!2sSun+Camping!5e0!3m2!1sfr!2sfr!4v1486384860816\" width=\"800\" height=\"500\" frameborder=\"0\" allowfullscreen=\"allowfullscreen\"><\/iframe><\/p>\n<p style=\"text-align: center;\">Adresse Ihres Campingplatzes in der S\u00fcd-Ard\u00e8che<\/p>\n<p style=\"text-align: center;\"><span style=\"font-size: 18pt;\">Sun Camping\u00a0<\/span><br \/>\n<span style=\"font-size: 18pt;\">10 chemin de Pibous<\/span><br \/>\n<span style=\"font-size: 18pt;\">07120 Sampzon<\/span><\/p>\n<p style=\"text-align: center;\"><span style=\"font-size: 14pt;\">Telephone<\/span><\/p>\n<p style=\"text-align: center;\"><span style=\"font-size: 14pt;\"><strong> 00 33 (0)4 75 39 76 12<\/strong><\/span><\/p>\n<p style=\"text-align: center;\">Mail<\/p>\n<p style=\"text-align: center;\"><a href=\"mailto:sun-camping@orange.fr\"><span style=\"font-size: 14pt;\"><strong>sun-camping@orange.fr<\/strong><\/span><\/a><\/p><\/div><div class='clear_column'><\/div><\/p>\n<p>Um Ihre Rechte zu kennen und auszu\u00fcben, insbesondere um Ihre Zustimmung zur Verwendung der mit diesem Formular gesammelten Daten zu widerrufen, konsultieren Sie bitte unsere Datenschutzrichtlinie.<\/p>\n<p>Zahlungsmittel<\/p>\n<p>Bargeld, Bank\u00fcberweisung, Bankkarte, Scheck, Connect-Urlaubsgutschei<\/p>\n<p>Moyens de paiement<\/p>\n<p>Esp\u00e8ces, virement, carte bancaire, ch\u00e8que, ch\u00e8que vacances connect<\/p>\n","protected":false},"excerpt":{"rendered":"<p>Zugang \/ Kontakt Um Ihre Rechte zu kennen und auszu\u00fcben, insbesondere um Ihre Zustimmung zur Verwendung der mit diesem Formular gesammelten Daten zu widerrufen, konsultieren Sie bitte unsere Datenschutzrichtlinie. Zahlungsmittel Bargeld, Bank\u00fcberweisung, Bankkarte, Scheck, Connect-Urlaubsgutschei Moyens de paiement Esp\u00e8ces, virement, carte bancaire, ch\u00e8que, ch\u00e8que vacances connect<\/p>\n","protected":false},"author":2,"featured_media":0,"parent":0,"menu_order":0,"comment_status":"closed","ping_status":"closed","template":"","meta":{"footnotes":""},"class_list":["post-2183","page","type-page","status-publish","hentry"],"yoast_head":"<!-- This site is optimized with the Yoast SEO plugin v27.5 - https:\/\/yoast.com\/product\/yoast-seo-wordpress\/ -->\n<title>R\u00e9servez en camping en ard\u00e8che - Sun Camping<\/title>\n<meta name=\"description\" content=\"R\u00e9servez votre emplacement ou mobil-home dans un joli camping pr\u00e8s de la rivi\u00e8re en Ard\u00e8che. Eau-vives et belles balades en perspective !\" \/>\n<meta name=\"robots\" content=\"index, follow, max-snippet:-1, max-image-preview:large, max-video-preview:-1\" \/>\n<link rel=\"canonical\" href=\"https:\/\/www.suncamping.com\/de\/acces-contact\/\" \/>\n<meta property=\"og:locale\" content=\"de_DE\" \/>\n<meta property=\"og:type\" content=\"article\" \/>\n<meta property=\"og:title\" content=\"R\u00e9servez en camping en ard\u00e8che - Sun Camping\" \/>\n<meta property=\"og:description\" content=\"R\u00e9servez votre emplacement ou mobil-home dans un joli camping pr\u00e8s de la rivi\u00e8re en Ard\u00e8che. Eau-vives et belles balades en perspective !\" \/>\n<meta property=\"og:url\" content=\"https:\/\/www.suncamping.com\/de\/acces-contact\/\" \/>\n<meta property=\"og:site_name\" content=\"Sun Camping\" \/>\n<meta property=\"article:modified_time\" content=\"2023-02-20T15:00:24+00:00\" \/>\n<meta name=\"twitter:card\" content=\"summary_large_image\" \/>\n<meta name=\"twitter:label1\" content=\"Gesch\u00e4tzte Lesezeit\" \/>\n\t<meta name=\"twitter:data1\" content=\"1\u00a0Minute\" \/>\n<script type=\"application\/ld+json\" class=\"yoast-schema-graph\">{\"@context\":\"https:\\\/\\\/schema.org\",\"@graph\":[{\"@type\":\"WebPage\",\"@id\":\"https:\\\/\\\/www.suncamping.com\\\/de\\\/acces-contact\\\/\",\"url\":\"https:\\\/\\\/www.suncamping.com\\\/de\\\/acces-contact\\\/\",\"name\":\"R\u00e9servez en camping en ard\u00e8che - Sun Camping\",\"isPartOf\":{\"@id\":\"https:\\\/\\\/www.suncamping.com\\\/#website\"},\"datePublished\":\"2016-12-10T09:33:24+00:00\",\"dateModified\":\"2023-02-20T15:00:24+00:00\",\"description\":\"R\u00e9servez votre emplacement ou mobil-home dans un joli camping pr\u00e8s de la rivi\u00e8re en Ard\u00e8che. Eau-vives et belles balades en perspective !\",\"breadcrumb\":{\"@id\":\"https:\\\/\\\/www.suncamping.com\\\/de\\\/acces-contact\\\/#breadcrumb\"},\"inLanguage\":\"de\",\"potentialAction\":[{\"@type\":\"ReadAction\",\"target\":[\"https:\\\/\\\/www.suncamping.com\\\/de\\\/acces-contact\\\/\"]}]},{\"@type\":\"BreadcrumbList\",\"@id\":\"https:\\\/\\\/www.suncamping.com\\\/de\\\/acces-contact\\\/#breadcrumb\",\"itemListElement\":[{\"@type\":\"ListItem\",\"position\":1,\"name\":\"Accueil\",\"item\":\"https:\\\/\\\/www.suncamping.com\\\/de\\\/\"},{\"@type\":\"ListItem\",\"position\":2,\"name\":\"Zugang \\\/ Kontakt\"}]},{\"@type\":\"WebSite\",\"@id\":\"https:\\\/\\\/www.suncamping.com\\\/#website\",\"url\":\"https:\\\/\\\/www.suncamping.com\\\/\",\"name\":\"Sun Camping\",\"description\":\"\",\"potentialAction\":[{\"@type\":\"SearchAction\",\"target\":{\"@type\":\"EntryPoint\",\"urlTemplate\":\"https:\\\/\\\/www.suncamping.com\\\/?s={search_term_string}\"},\"query-input\":{\"@type\":\"PropertyValueSpecification\",\"valueRequired\":true,\"valueName\":\"search_term_string\"}}],\"inLanguage\":\"de\"}]}<\/script>\n<!-- \/ Yoast SEO plugin. -->","yoast_head_json":{"title":"R\u00e9servez en camping en ard\u00e8che - Sun Camping","description":"R\u00e9servez votre emplacement ou mobil-home dans un joli camping pr\u00e8s de la rivi\u00e8re en Ard\u00e8che. Eau-vives et belles balades en perspective !","robots":{"index":"index","follow":"follow","max-snippet":"max-snippet:-1","max-image-preview":"max-image-preview:large","max-video-preview":"max-video-preview:-1"},"canonical":"https:\/\/www.suncamping.com\/de\/acces-contact\/","og_locale":"de_DE","og_type":"article","og_title":"R\u00e9servez en camping en ard\u00e8che - Sun Camping","og_description":"R\u00e9servez votre emplacement ou mobil-home dans un joli camping pr\u00e8s de la rivi\u00e8re en Ard\u00e8che. Eau-vives et belles balades en perspective !","og_url":"https:\/\/www.suncamping.com\/de\/acces-contact\/","og_site_name":"Sun Camping","article_modified_time":"2023-02-20T15:00:24+00:00","twitter_card":"summary_large_image","twitter_misc":{"Gesch\u00e4tzte Lesezeit":"1\u00a0Minute"},"schema":{"@context":"https:\/\/schema.org","@graph":[{"@type":"WebPage","@id":"https:\/\/www.suncamping.com\/de\/acces-contact\/","url":"https:\/\/www.suncamping.com\/de\/acces-contact\/","name":"R\u00e9servez en camping en ard\u00e8che - Sun Camping","isPartOf":{"@id":"https:\/\/www.suncamping.com\/#website"},"datePublished":"2016-12-10T09:33:24+00:00","dateModified":"2023-02-20T15:00:24+00:00","description":"R\u00e9servez votre emplacement ou mobil-home dans un joli camping pr\u00e8s de la rivi\u00e8re en Ard\u00e8che. Eau-vives et belles balades en perspective !","breadcrumb":{"@id":"https:\/\/www.suncamping.com\/de\/acces-contact\/#breadcrumb"},"inLanguage":"de","potentialAction":[{"@type":"ReadAction","target":["https:\/\/www.suncamping.com\/de\/acces-contact\/"]}]},{"@type":"BreadcrumbList","@id":"https:\/\/www.suncamping.com\/de\/acces-contact\/#breadcrumb","itemListElement":[{"@type":"ListItem","position":1,"name":"Accueil","item":"https:\/\/www.suncamping.com\/de\/"},{"@type":"ListItem","position":2,"name":"Zugang \/ Kontakt"}]},{"@type":"WebSite","@id":"https:\/\/www.suncamping.com\/#website","url":"https:\/\/www.suncamping.com\/","name":"Sun Camping","description":"","potentialAction":[{"@type":"SearchAction","target":{"@type":"EntryPoint","urlTemplate":"https:\/\/www.suncamping.com\/?s={search_term_string}"},"query-input":{"@type":"PropertyValueSpecification","valueRequired":true,"valueName":"search_term_string"}}],"inLanguage":"de"}]}},"_links":{"self":[{"href":"https:\/\/www.suncamping.com\/de\/wp-json\/wp\/v2\/pages\/2183","targetHints":{"allow":["GET"]}}],"collection":[{"href":"https:\/\/www.suncamping.com\/de\/wp-json\/wp\/v2\/pages"}],"about":[{"href":"https:\/\/www.suncamping.com\/de\/wp-json\/wp\/v2\/types\/page"}],"author":[{"embeddable":true,"href":"https:\/\/www.suncamping.com\/de\/wp-json\/wp\/v2\/users\/2"}],"replies":[{"embeddable":true,"href":"https:\/\/www.suncamping.com\/de\/wp-json\/wp\/v2\/comments?post=2183"}],"version-history":[{"count":0,"href":"https:\/\/www.suncamping.com\/de\/wp-json\/wp\/v2\/pages\/2183\/revisions"}],"wp:attachment":[{"href":"https:\/\/www.suncamping.com\/de\/wp-json\/wp\/v2\/media?parent=2183"}],"curies":[{"name":"wp","href":"https:\/\/api.w.org\/{rel}","templated":true}]}}