{"id":2064,"date":"2016-12-21T18:36:56","date_gmt":"2016-12-21T17:36:56","guid":{"rendered":"https:\/\/www.suncamping.com\/camping-ardeche-piscine\/"},"modified":"2023-01-19T08:22:14","modified_gmt":"2023-01-19T07:22:14","slug":"camping-ardeche-piscine","status":"publish","type":"page","link":"https:\/\/www.suncamping.com\/de\/camping-ardeche-piscine\/","title":{"rendered":"Das Schwimmbecken"},"content":{"rendered":"\n<h1 class=\"wp-block-heading\" id=\"tw-target-text\">Das Schwimmbecken<\/h1>\n\n\n\n<p id=\"tw-target-text\"><span class=\"Y2IQFc\" lang=\"de\">Campingplatz Ard\u00e8che mit Schwimmbad<\/span><\/p>\n\n\n\n<h2 class=\"wp-block-heading\" id=\"tw-target-text\"><span class=\"Y2IQFc\" lang=\"de\">W\u00e4hrend Ihres Urlaubs in der Ard\u00e8che bei Sun Camping *** genie\u00dfen Sie eine au\u00dfergew\u00f6hnliche Lage des Campingplatzes, 150 Meter vom Fluss und seinen feinen Sand- oder Kiesstr\u00e4nden entfernt. Aber das ist noch nicht alles, Sie genie\u00dfen auch einen Campingplatz mit gro\u00dfartigen Einrichtungen f\u00fcr die Familie und insbesondere das beheizte Schwimmbad mit Planschbecken.<\/span><\/h2>\n\n\n<div id=\"carousel-slider-piscine\" class=\"carousel slide slider carousel-slider-piscine\" data-ride=\"carousel\"><ol class=\"carousel-indicators\"><li data-target=\"#carousel-slider-piscine\" data-slide-to=\"0\" class=\"active\"><\/li><li data-target=\"#carousel-slider-piscine\" data-slide-to=\"1\"><\/li><li data-target=\"#carousel-slider-piscine\" data-slide-to=\"2\"><\/li><li data-target=\"#carousel-slider-piscine\" data-slide-to=\"3\"><\/li><\/ol><div class=\"carousel-inner\" role=\"listbox\"><div class=\"item active\"><img decoding=\"async\" src=\"https:\/\/www.suncamping.com\/wp-content\/themes\/sun\/assets\/photos\/slider-piscine\/camping-ardeche-piscine.jpg\" alt=\"Slide #1 alt-text\"><div class=\"carousel-caption\">Piscine chauff\u00e9e<\/div><\/div><div class=\"item\"><img decoding=\"async\" src=\"https:\/\/www.suncamping.com\/wp-content\/themes\/sun\/assets\/photos\/slider-piscine\/camping-ardeche-piscine-chauffee.jpg\" alt=\"Slide #2 alt-text\"><div class=\"carousel-caption\">Ouverture avril \u00e0 septembre<\/div><\/div><div class=\"item\"><img decoding=\"async\" src=\"https:\/\/www.suncamping.com\/wp-content\/themes\/sun\/assets\/photos\/slider-piscine\/camping-ardeche-sud-piscine.jpg\" alt=\"Slide #3 alt-text\"><div class=\"carousel-caption\">Pataugeoire<\/div><\/div><div class=\"item\"><img decoding=\"async\" src=\"https:\/\/www.suncamping.com\/wp-content\/themes\/sun\/assets\/photos\/slider-piscine\/camping-vallon-pont-d-arc-piscine.jpg\" alt=\"Slide #4 alt-text\"><\/div><\/div><a class=\"left carousel-control\" href=\"#carousel-slider-piscine\" role=\"button\" data-slide=\"prev\"><span class=\"glyphicon glyphicon-chevron-left\" aria-hidden=\"true\"><\/span><span class=\"sr-only\">Pr\u00e9c\u00e9dent<\/span><\/a><a class=\"right carousel-control\" href=\"#carousel-slider-piscine\" role=\"button\" data-slide=\"next\"><span class=\"glyphicon glyphicon-chevron-right\" aria-hidden=\"true\"><\/span><span class=\"sr-only\">Suivant<\/span><\/a><\/div>\n\n\n\n<p id=\"tw-target-text\"><span class=\"Y2IQFc\" lang=\"de\">Das beheizte Schwimmbad ist ab Mitte April ge\u00f6ffnet. \u00d6ffnungszeiten: 10 bis 20 Uhr\nIm Sommer: Samstagabend<\/span><\/p>\n\n\n\n<p id=\"tw-target-text\"><span class=\"Y2IQFc\" lang=\"de\">Vergessen Sie nach Ihren Ausfl\u00fcgen und Spazierg\u00e4ngen in den Gorges de l&#8217;Ard\u00e8che nicht, sich auf eine der vielen Sonnenliegen rund um das Becken zu setzen. Nehmen Sie sich die Zeit, unter einem Sonnenschirm zu faulenzen und ein Bad im Pool zu nehmen, w\u00e4hrend Sie den Kindern beim Spielen im Planschbecken zusehen.\n\nEingebettet in sattes Gr\u00fcn ist das Schwimmbad f\u00fcr alle Camper mit B\u00e4ndchen frei zug\u00e4nglich. Nach dem Schwimmen k\u00f6nnen Sie zum Toilettengeb\u00e4ude gehen, um zu duschen.<\/span><\/p>\n\n\n<div class=\"wp-block-image\">\n<figure class=\"alignleft\"><img fetchpriority=\"high\" decoding=\"async\" width=\"300\" height=\"200\" src=\"https:\/\/www.suncamping.com\/wp-content\/uploads\/2016\/12\/camping-vallon-pont-d-arc-piscine-300x200.jpg\" alt=\"camping vallon pont d'arc avec piscine\" class=\"wp-image-175\" srcset=\"https:\/\/www.suncamping.com\/wp-content\/uploads\/2016\/12\/camping-vallon-pont-d-arc-piscine-300x200.jpg 300w, https:\/\/www.suncamping.com\/wp-content\/uploads\/2016\/12\/camping-vallon-pont-d-arc-piscine-768x512.jpg 768w, https:\/\/www.suncamping.com\/wp-content\/uploads\/2016\/12\/camping-vallon-pont-d-arc-piscine.jpg 800w\" sizes=\"(max-width: 300px) 100vw, 300px\" \/><\/figure>\n<\/div>\n\n<div class=\"wp-block-image\">\n<figure class=\"alignleft\"><img decoding=\"async\" width=\"300\" height=\"200\" src=\"https:\/\/www.suncamping.com\/wp-content\/uploads\/2016\/12\/camping-ardeche-sud-piscine-300x200.jpg\" alt=\"camping ardeche sud piscine\" class=\"wp-image-174\" srcset=\"https:\/\/www.suncamping.com\/wp-content\/uploads\/2016\/12\/camping-ardeche-sud-piscine-300x200.jpg 300w, https:\/\/www.suncamping.com\/wp-content\/uploads\/2016\/12\/camping-ardeche-sud-piscine-768x512.jpg 768w, https:\/\/www.suncamping.com\/wp-content\/uploads\/2016\/12\/camping-ardeche-sud-piscine.jpg 800w\" sizes=\"(max-width: 300px) 100vw, 300px\" \/><\/figure>\n<\/div>\n\n<div class=\"wp-block-image\">\n<figure class=\"alignleft\"><img decoding=\"async\" width=\"300\" height=\"200\" src=\"https:\/\/www.suncamping.com\/wp-content\/uploads\/2016\/12\/camping-ardeche-piscine-chauffee-300x200.jpg\" alt=\"camping ardeche piscine chauff\u00e9e\" class=\"wp-image-173\" srcset=\"https:\/\/www.suncamping.com\/wp-content\/uploads\/2016\/12\/camping-ardeche-piscine-chauffee-300x200.jpg 300w, https:\/\/www.suncamping.com\/wp-content\/uploads\/2016\/12\/camping-ardeche-piscine-chauffee-768x512.jpg 768w, https:\/\/www.suncamping.com\/wp-content\/uploads\/2016\/12\/camping-ardeche-piscine-chauffee.jpg 800w\" sizes=\"(max-width: 300px) 100vw, 300px\" \/><\/figure>\n<\/div>\n\n<div class=\"wp-block-image\">\n<figure class=\"alignleft\"><img loading=\"lazy\" decoding=\"async\" width=\"300\" height=\"200\" src=\"https:\/\/www.suncamping.com\/wp-content\/uploads\/2016\/12\/campinf-ardeche-piscine-300x200.jpg\" alt=\"camping ardeche piscine\" class=\"wp-image-172\" srcset=\"https:\/\/www.suncamping.com\/wp-content\/uploads\/2016\/12\/campinf-ardeche-piscine-300x200.jpg 300w, https:\/\/www.suncamping.com\/wp-content\/uploads\/2016\/12\/campinf-ardeche-piscine-768x512.jpg 768w, https:\/\/www.suncamping.com\/wp-content\/uploads\/2016\/12\/campinf-ardeche-piscine.jpg 800w\" sizes=\"(max-width: 300px) 100vw, 300px\" \/><\/figure>\n<\/div>\n\n\n<p id=\"tw-target-text\"><span class=\"Y2IQFc\" lang=\"de\">Buchen Sie jetzt Ihren Aufenthalt auf dem Campingplatz in einem Mobilheim oder auf einem Stellplatz f\u00fcr Zelt, Wohnwagen oder Wohnmobil<\/span><\/p>\n","protected":false},"excerpt":{"rendered":"<p>Das Schwimmbecken Campingplatz Ard\u00e8che mit Schwimmbad W\u00e4hrend Ihres Urlaubs in der Ard\u00e8che bei Sun Camping *** genie\u00dfen Sie eine au\u00dfergew\u00f6hnliche Lage des Campingplatzes, 150 Meter vom Fluss und seinen feinen Sand- oder Kiesstr\u00e4nden entfernt. Aber das ist noch nicht alles, Sie genie\u00dfen auch einen Campingplatz mit gro\u00dfartigen Einrichtungen f\u00fcr die Familie und insbesondere das beheizte Schwimmbad mit Planschbecken. Das beheizte Schwimmbad ist ab Mitte April ge\u00f6ffnet. \u00d6ffnungszeiten: 10 bis 20 Uhr Im Sommer: Samstagabend Vergessen Sie nach Ihren Ausfl\u00fcgen und Spazierg\u00e4ngen in den Gorges de l&#8217;Ard\u00e8che nicht, sich auf eine der vielen Sonnenliegen rund um das Becken zu setzen. Nehmen Sie sich die Zeit, unter einem Sonnenschirm zu faulenzen und ein Bad im Pool zu nehmen, w\u00e4hrend Sie den Kindern beim Spielen im Planschbecken zusehen. Eingebettet in sattes Gr\u00fcn ist das Schwimmbad f\u00fcr alle Camper mit B\u00e4ndchen frei zug\u00e4nglich. Nach dem Schwimmen k\u00f6nnen Sie zum Toilettengeb\u00e4ude gehen, um zu duschen. Buchen Sie jetzt Ihren Aufenthalt auf dem Campingplatz in einem Mobilheim oder auf einem Stellplatz f\u00fcr Zelt, Wohnwagen oder Wohnmobil<\/p>\n","protected":false},"author":2,"featured_media":0,"parent":0,"menu_order":0,"comment_status":"closed","ping_status":"closed","template":"","meta":{"footnotes":""},"class_list":["post-2064","page","type-page","status-publish","hentry"],"yoast_head":"<!-- This site is optimized with the Yoast SEO plugin v27.5 - https:\/\/yoast.com\/product\/yoast-seo-wordpress\/ -->\n<title>Camping Ard\u00e8che avec piscine chauff\u00e9e | Le Sun \u00e0 Sampzon - Pont d&#039;Arc<\/title>\n<meta name=\"description\" content=\"Votre camping en Ard\u00e8che avec piscine chauff\u00e9e, un camping 3 \u00e9toiles \u00e0 Sampzon pr\u00e8s du vallon Pont d&#039;Arc. Activit\u00e9s aquatiques r\u00e9guli\u00e8res en saison.\" \/>\n<meta name=\"robots\" content=\"index, follow, max-snippet:-1, max-image-preview:large, max-video-preview:-1\" \/>\n<link rel=\"canonical\" href=\"https:\/\/www.suncamping.com\/de\/camping-ardeche-piscine\/\" \/>\n<meta property=\"og:locale\" content=\"de_DE\" \/>\n<meta property=\"og:type\" content=\"article\" \/>\n<meta property=\"og:title\" content=\"Camping Ard\u00e8che avec piscine chauff\u00e9e | Le Sun \u00e0 Sampzon - Pont d&#039;Arc\" \/>\n<meta property=\"og:description\" content=\"Votre camping en Ard\u00e8che avec piscine chauff\u00e9e, un camping 3 \u00e9toiles \u00e0 Sampzon pr\u00e8s du vallon Pont d&#039;Arc. Activit\u00e9s aquatiques r\u00e9guli\u00e8res en saison.\" \/>\n<meta property=\"og:url\" content=\"https:\/\/www.suncamping.com\/de\/camping-ardeche-piscine\/\" \/>\n<meta property=\"og:site_name\" content=\"Sun Camping\" \/>\n<meta property=\"article:modified_time\" content=\"2023-01-19T07:22:14+00:00\" \/>\n<meta property=\"og:image\" content=\"https:\/\/www.suncamping.com\/wp-content\/uploads\/2016\/12\/camping-vallon-pont-d-arc-piscine-300x200.jpg\" \/>\n<meta name=\"twitter:card\" content=\"summary_large_image\" \/>\n<meta name=\"twitter:label1\" content=\"Gesch\u00e4tzte Lesezeit\" \/>\n\t<meta name=\"twitter:data1\" content=\"2\u00a0Minuten\" \/>\n<script type=\"application\/ld+json\" class=\"yoast-schema-graph\">{\"@context\":\"https:\\\/\\\/schema.org\",\"@graph\":[{\"@type\":\"WebPage\",\"@id\":\"https:\\\/\\\/www.suncamping.com\\\/de\\\/camping-ardeche-piscine\\\/\",\"url\":\"https:\\\/\\\/www.suncamping.com\\\/de\\\/camping-ardeche-piscine\\\/\",\"name\":\"Camping Ard\u00e8che avec piscine chauff\u00e9e | Le Sun \u00e0 Sampzon - Pont d'Arc\",\"isPartOf\":{\"@id\":\"https:\\\/\\\/www.suncamping.com\\\/#website\"},\"primaryImageOfPage\":{\"@id\":\"https:\\\/\\\/www.suncamping.com\\\/de\\\/camping-ardeche-piscine\\\/#primaryimage\"},\"image\":{\"@id\":\"https:\\\/\\\/www.suncamping.com\\\/de\\\/camping-ardeche-piscine\\\/#primaryimage\"},\"thumbnailUrl\":\"https:\\\/\\\/www.suncamping.com\\\/wp-content\\\/uploads\\\/2016\\\/12\\\/camping-vallon-pont-d-arc-piscine-300x200.jpg\",\"datePublished\":\"2016-12-21T17:36:56+00:00\",\"dateModified\":\"2023-01-19T07:22:14+00:00\",\"description\":\"Votre camping en Ard\u00e8che avec piscine chauff\u00e9e, un camping 3 \u00e9toiles \u00e0 Sampzon pr\u00e8s du vallon Pont d'Arc. Activit\u00e9s aquatiques r\u00e9guli\u00e8res en saison.\",\"breadcrumb\":{\"@id\":\"https:\\\/\\\/www.suncamping.com\\\/de\\\/camping-ardeche-piscine\\\/#breadcrumb\"},\"inLanguage\":\"de\",\"potentialAction\":[{\"@type\":\"ReadAction\",\"target\":[\"https:\\\/\\\/www.suncamping.com\\\/de\\\/camping-ardeche-piscine\\\/\"]}]},{\"@type\":\"ImageObject\",\"inLanguage\":\"de\",\"@id\":\"https:\\\/\\\/www.suncamping.com\\\/de\\\/camping-ardeche-piscine\\\/#primaryimage\",\"url\":\"https:\\\/\\\/www.suncamping.com\\\/wp-content\\\/uploads\\\/2016\\\/12\\\/camping-vallon-pont-d-arc-piscine-300x200.jpg\",\"contentUrl\":\"https:\\\/\\\/www.suncamping.com\\\/wp-content\\\/uploads\\\/2016\\\/12\\\/camping-vallon-pont-d-arc-piscine-300x200.jpg\"},{\"@type\":\"BreadcrumbList\",\"@id\":\"https:\\\/\\\/www.suncamping.com\\\/de\\\/camping-ardeche-piscine\\\/#breadcrumb\",\"itemListElement\":[{\"@type\":\"ListItem\",\"position\":1,\"name\":\"Accueil\",\"item\":\"https:\\\/\\\/www.suncamping.com\\\/de\\\/\"},{\"@type\":\"ListItem\",\"position\":2,\"name\":\"Das Schwimmbecken\"}]},{\"@type\":\"WebSite\",\"@id\":\"https:\\\/\\\/www.suncamping.com\\\/#website\",\"url\":\"https:\\\/\\\/www.suncamping.com\\\/\",\"name\":\"Sun Camping\",\"description\":\"\",\"potentialAction\":[{\"@type\":\"SearchAction\",\"target\":{\"@type\":\"EntryPoint\",\"urlTemplate\":\"https:\\\/\\\/www.suncamping.com\\\/?s={search_term_string}\"},\"query-input\":{\"@type\":\"PropertyValueSpecification\",\"valueRequired\":true,\"valueName\":\"search_term_string\"}}],\"inLanguage\":\"de\"}]}<\/script>\n<!-- \/ Yoast SEO plugin. -->","yoast_head_json":{"title":"Camping Ard\u00e8che avec piscine chauff\u00e9e | Le Sun \u00e0 Sampzon - Pont d'Arc","description":"Votre camping en Ard\u00e8che avec piscine chauff\u00e9e, un camping 3 \u00e9toiles \u00e0 Sampzon pr\u00e8s du vallon Pont d'Arc. Activit\u00e9s aquatiques r\u00e9guli\u00e8res en saison.","robots":{"index":"index","follow":"follow","max-snippet":"max-snippet:-1","max-image-preview":"max-image-preview:large","max-video-preview":"max-video-preview:-1"},"canonical":"https:\/\/www.suncamping.com\/de\/camping-ardeche-piscine\/","og_locale":"de_DE","og_type":"article","og_title":"Camping Ard\u00e8che avec piscine chauff\u00e9e | Le Sun \u00e0 Sampzon - Pont d'Arc","og_description":"Votre camping en Ard\u00e8che avec piscine chauff\u00e9e, un camping 3 \u00e9toiles \u00e0 Sampzon pr\u00e8s du vallon Pont d'Arc. Activit\u00e9s aquatiques r\u00e9guli\u00e8res en saison.","og_url":"https:\/\/www.suncamping.com\/de\/camping-ardeche-piscine\/","og_site_name":"Sun Camping","article_modified_time":"2023-01-19T07:22:14+00:00","og_image":[{"url":"https:\/\/www.suncamping.com\/wp-content\/uploads\/2016\/12\/camping-vallon-pont-d-arc-piscine-300x200.jpg","type":"","width":"","height":""}],"twitter_card":"summary_large_image","twitter_misc":{"Gesch\u00e4tzte Lesezeit":"2\u00a0Minuten"},"schema":{"@context":"https:\/\/schema.org","@graph":[{"@type":"WebPage","@id":"https:\/\/www.suncamping.com\/de\/camping-ardeche-piscine\/","url":"https:\/\/www.suncamping.com\/de\/camping-ardeche-piscine\/","name":"Camping Ard\u00e8che avec piscine chauff\u00e9e | Le Sun \u00e0 Sampzon - Pont d'Arc","isPartOf":{"@id":"https:\/\/www.suncamping.com\/#website"},"primaryImageOfPage":{"@id":"https:\/\/www.suncamping.com\/de\/camping-ardeche-piscine\/#primaryimage"},"image":{"@id":"https:\/\/www.suncamping.com\/de\/camping-ardeche-piscine\/#primaryimage"},"thumbnailUrl":"https:\/\/www.suncamping.com\/wp-content\/uploads\/2016\/12\/camping-vallon-pont-d-arc-piscine-300x200.jpg","datePublished":"2016-12-21T17:36:56+00:00","dateModified":"2023-01-19T07:22:14+00:00","description":"Votre camping en Ard\u00e8che avec piscine chauff\u00e9e, un camping 3 \u00e9toiles \u00e0 Sampzon pr\u00e8s du vallon Pont d'Arc. Activit\u00e9s aquatiques r\u00e9guli\u00e8res en saison.","breadcrumb":{"@id":"https:\/\/www.suncamping.com\/de\/camping-ardeche-piscine\/#breadcrumb"},"inLanguage":"de","potentialAction":[{"@type":"ReadAction","target":["https:\/\/www.suncamping.com\/de\/camping-ardeche-piscine\/"]}]},{"@type":"ImageObject","inLanguage":"de","@id":"https:\/\/www.suncamping.com\/de\/camping-ardeche-piscine\/#primaryimage","url":"https:\/\/www.suncamping.com\/wp-content\/uploads\/2016\/12\/camping-vallon-pont-d-arc-piscine-300x200.jpg","contentUrl":"https:\/\/www.suncamping.com\/wp-content\/uploads\/2016\/12\/camping-vallon-pont-d-arc-piscine-300x200.jpg"},{"@type":"BreadcrumbList","@id":"https:\/\/www.suncamping.com\/de\/camping-ardeche-piscine\/#breadcrumb","itemListElement":[{"@type":"ListItem","position":1,"name":"Accueil","item":"https:\/\/www.suncamping.com\/de\/"},{"@type":"ListItem","position":2,"name":"Das Schwimmbecken"}]},{"@type":"WebSite","@id":"https:\/\/www.suncamping.com\/#website","url":"https:\/\/www.suncamping.com\/","name":"Sun Camping","description":"","potentialAction":[{"@type":"SearchAction","target":{"@type":"EntryPoint","urlTemplate":"https:\/\/www.suncamping.com\/?s={search_term_string}"},"query-input":{"@type":"PropertyValueSpecification","valueRequired":true,"valueName":"search_term_string"}}],"inLanguage":"de"}]}},"_links":{"self":[{"href":"https:\/\/www.suncamping.com\/de\/wp-json\/wp\/v2\/pages\/2064","targetHints":{"allow":["GET"]}}],"collection":[{"href":"https:\/\/www.suncamping.com\/de\/wp-json\/wp\/v2\/pages"}],"about":[{"href":"https:\/\/www.suncamping.com\/de\/wp-json\/wp\/v2\/types\/page"}],"author":[{"embeddable":true,"href":"https:\/\/www.suncamping.com\/de\/wp-json\/wp\/v2\/users\/2"}],"replies":[{"embeddable":true,"href":"https:\/\/www.suncamping.com\/de\/wp-json\/wp\/v2\/comments?post=2064"}],"version-history":[{"count":0,"href":"https:\/\/www.suncamping.com\/de\/wp-json\/wp\/v2\/pages\/2064\/revisions"}],"wp:attachment":[{"href":"https:\/\/www.suncamping.com\/de\/wp-json\/wp\/v2\/media?parent=2064"}],"curies":[{"name":"wp","href":"https:\/\/api.w.org\/{rel}","templated":true}]}}