{"id":2061,"date":"2016-12-10T10:33:24","date_gmt":"2016-12-10T09:33:24","guid":{"rendered":"https:\/\/www.suncamping.com\/locations\/"},"modified":"2023-02-20T15:45:27","modified_gmt":"2023-02-20T14:45:27","slug":"locations","status":"publish","type":"page","link":"https:\/\/www.suncamping.com\/de\/locations\/","title":{"rendered":"Mieten"},"content":{"rendered":"\n<p id=\"tw-target-text\"><span class=\"Y2IQFc\" lang=\"de\">Vermietung von Mobilheimen im S\u00fcden der Ard\u00e8che<\/span><\/p>\n\n\n\n<p id=\"tw-target-text\"><span class=\"Y2IQFc\" lang=\"de\">Ihre Mobilheimvermietung in der Ard\u00e8che in der N\u00e4he von Vallon Pont d&#8217;Arc auf einem 3-Sterne-Campingplatz in Sampzon in der N\u00e4he des Flusses zu Fu\u00df. Eine gro\u00dfe Auswahl an Mobilheimen f\u00fcr jedes Budget. Vergleichen Sie Mietangebote, wir stehen Ihnen auf unserer Kontaktseite zur Verf\u00fcgung, wenn Sie Fragen haben.\n\nAlle Preise<\/span><\/p>\n\n\n<div class=\"hebergement-list\">\n\n\n\n<p><div class=\"col-xs-12 col-sm-6 col-md-4 \">\r\n\r\n<a href=\"https:\/\/www.suncamping.com\/de\/hebergement\/mobil-home-trigano-2021-4-personnes\/\" class=\"thumbnail thumbnail-hebergement\">\r\n<article class=\"text-center\">\r\n\r\n\t\r\n\t<div class=\"caption thumbnail-hebergement-caption\">\r\n\t\t<h3>PREMIUM Mobilheim<\/h3>\r\n\t\t<div class=\"thumbnail-hebergement-metas clearfix\">\r\n\t\t\t<span class=\"thumbnail-hebergement-nbpers pull-left\">4 Menschen<\/span>\r\n\t\t\t<span class=\"thumbnail-hebergement-surface pull-right\">29 m\u00b2<\/span>\r\n\t\t<\/div>\r\n\t<\/div>\r\n\t\r\n\t<img decoding=\"async\" class=\"img-responsive thumbnail-hebergement-photo\" src=\"\/wp-content\/uploads\/2021\/06\/location-mobilhome-trigano.jpeg\r\" alt=\"PREMIUM Mobilheim\">\r\n\r\n<\/article>\r\n<\/a>\r\n\r\n<\/div><br><div class=\"col-xs-12 col-sm-6 col-md-4 \">\r\n\r\n<a href=\"https:\/\/www.suncamping.com\/de\/hebergement\/mobil-home-sampzon-trigano\/\" class=\"thumbnail thumbnail-hebergement\">\r\n<article class=\"text-center\">\r\n\r\n\t\r\n\t<div class=\"caption thumbnail-hebergement-caption\">\r\n\t\t<h3>PREMIUM Mobilheim<\/h3>\r\n\t\t<div class=\"thumbnail-hebergement-metas clearfix\">\r\n\t\t\t<span class=\"thumbnail-hebergement-nbpers pull-left\">4 Menschen<\/span>\r\n\t\t\t<span class=\"thumbnail-hebergement-surface pull-right\">24 m\u00b2<\/span>\r\n\t\t<\/div>\r\n\t<\/div>\r\n\t\r\n\t<img decoding=\"async\" class=\"img-responsive thumbnail-hebergement-photo\" src=\"\/wp-content\/uploads\/2017\/12\/mobil-home-ardeche-sud.jpg\r\" alt=\"PREMIUM Mobilheim\">\r\n\r\n<\/article>\r\n<\/a>\r\n\r\n<\/div><br><div class=\"col-xs-12 col-sm-6 col-md-4 \">\r\n\r\n<a href=\"https:\/\/www.suncamping.com\/de\/hebergement\/mobil-home-vallon-pont-d-arc-6-7-personnes\/\" class=\"thumbnail thumbnail-hebergement\">\r\n<article class=\"text-center\">\r\n\r\n\t\r\n\t<div class=\"caption thumbnail-hebergement-caption\">\r\n\t\t<h3>PREMIUM Mobilheim<\/h3>\r\n\t\t<div class=\"thumbnail-hebergement-metas clearfix\">\r\n\t\t\t<span class=\"thumbnail-hebergement-nbpers pull-left\">6 Menschen<\/span>\r\n\t\t\t<span class=\"thumbnail-hebergement-surface pull-right\">30 m\u00b2<\/span>\r\n\t\t<\/div>\r\n\t<\/div>\r\n\t\r\n\t<img decoding=\"async\" class=\"img-responsive thumbnail-hebergement-photo\" src=\"\/wp-content\/uploads\/2016\/12\/location-camping-vallon-pont-arc-ruoms.jpg\r\" alt=\"PREMIUM Mobilheim\">\r\n\r\n<\/article>\r\n<\/a>\r\n\r\n<\/div><br><div class=\"col-xs-12 col-sm-6 col-md-4 \">\r\n\r\n<a href=\"https:\/\/www.suncamping.com\/de\/hebergement\/ohara-4-6-personnes\/\" class=\"thumbnail thumbnail-hebergement\">\r\n<article class=\"text-center\">\r\n\r\n\t\r\n\t<div class=\"caption thumbnail-hebergement-caption\">\r\n\t\t<h3>CONFORT Mobilheim<\/h3>\r\n\t\t<div class=\"thumbnail-hebergement-metas clearfix\">\r\n\t\t\t<span class=\"thumbnail-hebergement-nbpers pull-left\">4 Menschen<\/span>\r\n\t\t\t<span class=\"thumbnail-hebergement-surface pull-right\">27 m\u00b2<\/span>\r\n\t\t<\/div>\r\n\t<\/div>\r\n\t\r\n\t<img decoding=\"async\" class=\"img-responsive thumbnail-hebergement-photo\" src=\"\/wp-content\/uploads\/2016\/12\/ohara4-6personnes-ardeche.jpg\r\" alt=\"CONFORT Mobilheim\">\r\n\r\n<\/article>\r\n<\/a>\r\n\r\n<\/div><br><div class=\"col-xs-12 col-sm-6 col-md-4 \">\r\n\r\n<a href=\"https:\/\/www.suncamping.com\/de\/hebergement\/o-hara-4-personnes\/\" class=\"thumbnail thumbnail-hebergement\">\r\n<article class=\"text-center\">\r\n\r\n\t\r\n\t<div class=\"caption thumbnail-hebergement-caption\">\r\n\t\t<h3>CONFORT Mobilheim<\/h3>\r\n\t\t<div class=\"thumbnail-hebergement-metas clearfix\">\r\n\t\t\t<span class=\"thumbnail-hebergement-nbpers pull-left\">4 Menschen<\/span>\r\n\t\t\t<span class=\"thumbnail-hebergement-surface pull-right\">25 m\u00b2<\/span>\r\n\t\t<\/div>\r\n\t<\/div>\r\n\t\r\n\t<img decoding=\"async\" class=\"img-responsive thumbnail-hebergement-photo\" src=\"\/wp-content\/uploads\/2020\/11\/location-irm-ophea-camping.jpg\r\" alt=\"CONFORT Mobilheim\">\r\n\r\n<\/article>\r\n<\/a>\r\n\r\n<\/div><br><div class=\"col-xs-12 col-sm-6 col-md-4 \">\r\n\r\n<a href=\"https:\/\/www.suncamping.com\/de\/hebergement\/location-ardeche-sud\/\" class=\"thumbnail thumbnail-hebergement\">\r\n<article class=\"text-center\">\r\n\r\n\t\r\n\t<div class=\"caption thumbnail-hebergement-caption\">\r\n\t\t<h3>CONFORT + TV Mobilheim<\/h3>\r\n\t\t<div class=\"thumbnail-hebergement-metas clearfix\">\r\n\t\t\t<span class=\"thumbnail-hebergement-nbpers pull-left\">4 Menschen<\/span>\r\n\t\t\t<span class=\"thumbnail-hebergement-surface pull-right\">25 m\u00b2<\/span>\r\n\t\t<\/div>\r\n\t<\/div>\r\n\t\r\n\t<img decoding=\"async\" class=\"img-responsive thumbnail-hebergement-photo\" src=\"\/wp-content\/uploads\/2018\/01\/location-mobilhome-sampzon-4-pers.jpg\r\" alt=\"CONFORT + TV Mobilheim\">\r\n\r\n<\/article>\r\n<\/a>\r\n\r\n<\/div><br><div class=\"col-xs-12 col-sm-6 col-md-4 \">\r\n\r\n<a href=\"https:\/\/www.suncamping.com\/de\/hebergement\/mobil-home-ardeche-4-6-personnes\/\" class=\"thumbnail thumbnail-hebergement\">\r\n<article class=\"text-center\">\r\n\r\n\t\r\n\t<div class=\"caption thumbnail-hebergement-caption\">\r\n\t\t<h3>ECO Mobilheim<\/h3>\r\n\t\t<div class=\"thumbnail-hebergement-metas clearfix\">\r\n\t\t\t<span class=\"thumbnail-hebergement-nbpers pull-left\">4 Menschen<\/span>\r\n\t\t\t<span class=\"thumbnail-hebergement-surface pull-right\">24 m\u00b2<\/span>\r\n\t\t<\/div>\r\n\t<\/div>\r\n\t\r\n\t<img decoding=\"async\" class=\"img-responsive thumbnail-hebergement-photo\" src=\"\/wp-content\/uploads\/2020\/11\/SUN-ROLLER-location-camping.jpg\r\" alt=\"ECO Mobilheim\">\r\n\r\n<\/article>\r\n<\/a>\r\n\r\n<\/div><br><div class=\"col-xs-12 col-sm-6 col-md-4 \">\r\n\r\n<a href=\"https:\/\/www.suncamping.com\/de\/hebergement\/bungalow-trigano-5-personnes\/\" class=\"thumbnail thumbnail-hebergement\">\r\n<article class=\"text-center\">\r\n\r\n\t\r\n\t<div class=\"caption thumbnail-hebergement-caption\">\r\n\t\t<h3>Canvas-Bungalow<\/h3>\r\n\t\t<div class=\"thumbnail-hebergement-metas clearfix\">\r\n\t\t\t<span class=\"thumbnail-hebergement-nbpers pull-left\">5 Menschen<\/span>\r\n\t\t\t<span class=\"thumbnail-hebergement-surface pull-right\">25 m\u00b2<\/span>\r\n\t\t<\/div>\r\n\t<\/div>\r\n\t\r\n\t<img decoding=\"async\" class=\"img-responsive thumbnail-hebergement-photo\" src=\"\/wp-content\/uploads\/2016\/12\/bungalow-pont-darc.jpg\r\" alt=\"Canvas-Bungalow\">\r\n\r\n<\/article>\r\n<\/a>\r\n\r\n<\/div><br><div class=\"col-xs-12 col-sm-6 col-md-4 \">\r\n\r\n<a href=\"https:\/\/www.suncamping.com\/de\/hebergement\/willerby-4-6-personnes\/\" class=\"thumbnail thumbnail-hebergement\">\r\n<article class=\"text-center\">\r\n\r\n\t\r\n\t<div class=\"caption thumbnail-hebergement-caption\">\r\n\t\t<h3>ECO Mobilheim<\/h3>\r\n\t\t<div class=\"thumbnail-hebergement-metas clearfix\">\r\n\t\t\t<span class=\"thumbnail-hebergement-nbpers pull-left\">4 Menschen<\/span>\r\n\t\t\t<span class=\"thumbnail-hebergement-surface pull-right\">23 m\u00b2<\/span>\r\n\t\t<\/div>\r\n\t<\/div>\r\n\t\r\n\t<img decoding=\"async\" class=\"img-responsive thumbnail-hebergement-photo\" src=\"\/wp-content\/uploads\/2020\/11\/willerby-vacances-ruoms.jpg\r\" alt=\"ECO Mobilheim\">\r\n\r\n<\/article>\r\n<\/a>\r\n\r\n<\/div><br><\/div><\/p>\n\n\n\n<p class=\"has-text-align-center\"><a href=\"https:\/\/thelisresa.webcamp.fr\/?camping=sun07\" target=\"_blank\" rel=\"noreferrer noopener\">Alle Preise<\/a><\/p>\n\n\n\n<p><div class=\"hebergement-list\"><br><div class=\"col-xs-12 col-sm-6 col-md-4 \">\r\n\r\n<a href=\"https:\/\/www.suncamping.com\/de\/hebergement\/mobil-home-pmr\/\" class=\"thumbnail thumbnail-hebergement\">\r\n<article class=\"text-center\">\r\n\r\n\t\r\n\t<div class=\"caption thumbnail-hebergement-caption\">\r\n\t\t<h3>PMR Mobilheim vermietung<\/h3>\r\n\t\t<div class=\"thumbnail-hebergement-metas clearfix\">\r\n\t\t\t<span class=\"thumbnail-hebergement-nbpers pull-left\">4 Menschen<\/span>\r\n\t\t\t<span class=\"thumbnail-hebergement-surface pull-right\">35 m\u00b2<\/span>\r\n\t\t<\/div>\r\n\t<\/div>\r\n\t\r\n\t<img decoding=\"async\" class=\"img-responsive thumbnail-hebergement-photo\" src=\"\/wp-content\/uploads\/2021\/06\/location-pmr-ardeche.jpeg\r\" alt=\"PMR Mobilheim vermietung\">\r\n\r\n<\/article>\r\n<\/a>\r\n\r\n<\/div><br><\/div><\/p>\n\n\n\n<p>Vermietung Mobilheim Ardeche Sud, Vermietung Ardeche 2,3,4,5 oder 6 Personen Wenn Sie einen Standort bevorzugen, ist er hier<\/p>\n","protected":false},"excerpt":{"rendered":"<p>Vermietung von Mobilheimen im S\u00fcden der Ard\u00e8che Ihre Mobilheimvermietung in der Ard\u00e8che in der N\u00e4he von Vallon Pont d&#8217;Arc auf einem 3-Sterne-Campingplatz in Sampzon in der N\u00e4he des Flusses zu Fu\u00df. Eine gro\u00dfe Auswahl an Mobilheimen f\u00fcr jedes Budget. Vergleichen Sie Mietangebote, wir stehen Ihnen auf unserer Kontaktseite zur Verf\u00fcgung, wenn Sie Fragen haben. Alle Preise Alle Preise Vermietung Mobilheim Ardeche Sud, Vermietung Ardeche 2,3,4,5 oder 6 Personen Wenn Sie einen Standort bevorzugen, ist er hier<\/p>\n","protected":false},"author":2,"featured_media":0,"parent":0,"menu_order":0,"comment_status":"closed","ping_status":"closed","template":"","meta":{"footnotes":""},"class_list":["post-2061","page","type-page","status-publish","hentry"],"yoast_head":"<!-- This site is optimized with the Yoast SEO plugin v27.5 - https:\/\/yoast.com\/product\/yoast-seo-wordpress\/ -->\n<title>Location Mobil home Ardeche bord de rivi\u00e8re Pont d&#039;Arc<\/title>\n<meta name=\"description\" content=\"Votre location de mobil home en bord de rivi\u00e8re, \u00e0 Sampzon pr\u00e8s du Pont d&#039;Arc, pour pratiquer le canoe sur l&#039;Ard\u00e8che. R\u00e9servez, les meilleurs tarifs !\" \/>\n<meta name=\"robots\" content=\"index, follow, max-snippet:-1, max-image-preview:large, max-video-preview:-1\" \/>\n<link rel=\"canonical\" href=\"https:\/\/www.suncamping.com\/de\/locations\/\" \/>\n<meta property=\"og:locale\" content=\"de_DE\" \/>\n<meta property=\"og:type\" content=\"article\" \/>\n<meta property=\"og:title\" content=\"Location Mobil home Ardeche bord de rivi\u00e8re Pont d&#039;Arc\" \/>\n<meta property=\"og:description\" content=\"Votre location de mobil home en bord de rivi\u00e8re, \u00e0 Sampzon pr\u00e8s du Pont d&#039;Arc, pour pratiquer le canoe sur l&#039;Ard\u00e8che. R\u00e9servez, les meilleurs tarifs !\" \/>\n<meta property=\"og:url\" content=\"https:\/\/www.suncamping.com\/de\/locations\/\" \/>\n<meta property=\"og:site_name\" content=\"Sun Camping\" \/>\n<meta property=\"article:modified_time\" content=\"2023-02-20T14:45:27+00:00\" \/>\n<meta name=\"twitter:card\" content=\"summary_large_image\" \/>\n<meta name=\"twitter:label1\" content=\"Gesch\u00e4tzte Lesezeit\" \/>\n\t<meta name=\"twitter:data1\" content=\"1\u00a0Minute\" \/>\n<script type=\"application\/ld+json\" class=\"yoast-schema-graph\">{\"@context\":\"https:\\\/\\\/schema.org\",\"@graph\":[{\"@type\":\"WebPage\",\"@id\":\"https:\\\/\\\/www.suncamping.com\\\/de\\\/locations\\\/\",\"url\":\"https:\\\/\\\/www.suncamping.com\\\/de\\\/locations\\\/\",\"name\":\"Location Mobil home Ardeche bord de rivi\u00e8re Pont d'Arc\",\"isPartOf\":{\"@id\":\"https:\\\/\\\/www.suncamping.com\\\/#website\"},\"datePublished\":\"2016-12-10T09:33:24+00:00\",\"dateModified\":\"2023-02-20T14:45:27+00:00\",\"description\":\"Votre location de mobil home en bord de rivi\u00e8re, \u00e0 Sampzon pr\u00e8s du Pont d'Arc, pour pratiquer le canoe sur l'Ard\u00e8che. R\u00e9servez, les meilleurs tarifs !\",\"breadcrumb\":{\"@id\":\"https:\\\/\\\/www.suncamping.com\\\/de\\\/locations\\\/#breadcrumb\"},\"inLanguage\":\"de\",\"potentialAction\":[{\"@type\":\"ReadAction\",\"target\":[\"https:\\\/\\\/www.suncamping.com\\\/de\\\/locations\\\/\"]}]},{\"@type\":\"BreadcrumbList\",\"@id\":\"https:\\\/\\\/www.suncamping.com\\\/de\\\/locations\\\/#breadcrumb\",\"itemListElement\":[{\"@type\":\"ListItem\",\"position\":1,\"name\":\"Accueil\",\"item\":\"https:\\\/\\\/www.suncamping.com\\\/de\\\/\"},{\"@type\":\"ListItem\",\"position\":2,\"name\":\"Mieten\"}]},{\"@type\":\"WebSite\",\"@id\":\"https:\\\/\\\/www.suncamping.com\\\/#website\",\"url\":\"https:\\\/\\\/www.suncamping.com\\\/\",\"name\":\"Sun Camping\",\"description\":\"\",\"potentialAction\":[{\"@type\":\"SearchAction\",\"target\":{\"@type\":\"EntryPoint\",\"urlTemplate\":\"https:\\\/\\\/www.suncamping.com\\\/?s={search_term_string}\"},\"query-input\":{\"@type\":\"PropertyValueSpecification\",\"valueRequired\":true,\"valueName\":\"search_term_string\"}}],\"inLanguage\":\"de\"}]}<\/script>\n<!-- \/ Yoast SEO plugin. -->","yoast_head_json":{"title":"Location Mobil home Ardeche bord de rivi\u00e8re Pont d'Arc","description":"Votre location de mobil home en bord de rivi\u00e8re, \u00e0 Sampzon pr\u00e8s du Pont d'Arc, pour pratiquer le canoe sur l'Ard\u00e8che. R\u00e9servez, les meilleurs tarifs !","robots":{"index":"index","follow":"follow","max-snippet":"max-snippet:-1","max-image-preview":"max-image-preview:large","max-video-preview":"max-video-preview:-1"},"canonical":"https:\/\/www.suncamping.com\/de\/locations\/","og_locale":"de_DE","og_type":"article","og_title":"Location Mobil home Ardeche bord de rivi\u00e8re Pont d'Arc","og_description":"Votre location de mobil home en bord de rivi\u00e8re, \u00e0 Sampzon pr\u00e8s du Pont d'Arc, pour pratiquer le canoe sur l'Ard\u00e8che. R\u00e9servez, les meilleurs tarifs !","og_url":"https:\/\/www.suncamping.com\/de\/locations\/","og_site_name":"Sun Camping","article_modified_time":"2023-02-20T14:45:27+00:00","twitter_card":"summary_large_image","twitter_misc":{"Gesch\u00e4tzte Lesezeit":"1\u00a0Minute"},"schema":{"@context":"https:\/\/schema.org","@graph":[{"@type":"WebPage","@id":"https:\/\/www.suncamping.com\/de\/locations\/","url":"https:\/\/www.suncamping.com\/de\/locations\/","name":"Location Mobil home Ardeche bord de rivi\u00e8re Pont d'Arc","isPartOf":{"@id":"https:\/\/www.suncamping.com\/#website"},"datePublished":"2016-12-10T09:33:24+00:00","dateModified":"2023-02-20T14:45:27+00:00","description":"Votre location de mobil home en bord de rivi\u00e8re, \u00e0 Sampzon pr\u00e8s du Pont d'Arc, pour pratiquer le canoe sur l'Ard\u00e8che. R\u00e9servez, les meilleurs tarifs !","breadcrumb":{"@id":"https:\/\/www.suncamping.com\/de\/locations\/#breadcrumb"},"inLanguage":"de","potentialAction":[{"@type":"ReadAction","target":["https:\/\/www.suncamping.com\/de\/locations\/"]}]},{"@type":"BreadcrumbList","@id":"https:\/\/www.suncamping.com\/de\/locations\/#breadcrumb","itemListElement":[{"@type":"ListItem","position":1,"name":"Accueil","item":"https:\/\/www.suncamping.com\/de\/"},{"@type":"ListItem","position":2,"name":"Mieten"}]},{"@type":"WebSite","@id":"https:\/\/www.suncamping.com\/#website","url":"https:\/\/www.suncamping.com\/","name":"Sun Camping","description":"","potentialAction":[{"@type":"SearchAction","target":{"@type":"EntryPoint","urlTemplate":"https:\/\/www.suncamping.com\/?s={search_term_string}"},"query-input":{"@type":"PropertyValueSpecification","valueRequired":true,"valueName":"search_term_string"}}],"inLanguage":"de"}]}},"_links":{"self":[{"href":"https:\/\/www.suncamping.com\/de\/wp-json\/wp\/v2\/pages\/2061","targetHints":{"allow":["GET"]}}],"collection":[{"href":"https:\/\/www.suncamping.com\/de\/wp-json\/wp\/v2\/pages"}],"about":[{"href":"https:\/\/www.suncamping.com\/de\/wp-json\/wp\/v2\/types\/page"}],"author":[{"embeddable":true,"href":"https:\/\/www.suncamping.com\/de\/wp-json\/wp\/v2\/users\/2"}],"replies":[{"embeddable":true,"href":"https:\/\/www.suncamping.com\/de\/wp-json\/wp\/v2\/comments?post=2061"}],"version-history":[{"count":0,"href":"https:\/\/www.suncamping.com\/de\/wp-json\/wp\/v2\/pages\/2061\/revisions"}],"wp:attachment":[{"href":"https:\/\/www.suncamping.com\/de\/wp-json\/wp\/v2\/media?parent=2061"}],"curies":[{"name":"wp","href":"https:\/\/api.w.org\/{rel}","templated":true}]}}