{"id":2058,"date":"2016-12-10T10:33:24","date_gmt":"2016-12-10T09:33:24","guid":{"rendered":"https:\/\/www.suncamping.com\/camping\/"},"modified":"2023-02-20T15:42:04","modified_gmt":"2023-02-20T14:42:04","slug":"camping","status":"publish","type":"page","link":"https:\/\/www.suncamping.com\/de\/camping\/","title":{"rendered":"Campinplatz"},"content":{"rendered":"\n<h1 class=\"wp-block-heading\">Campingplatz Ard\u00e8che 3 Sterne<\/h1>\n\n\n\n<h2 class=\"wp-block-heading\">Ihr Stellplatz in der Ard\u00e8che auf einem 3-Sterne-Campingplatz mit beheiztem Schwimmbad am 150 Meter entfernten Fluss. Buchen Sie einen schattigen Stellplatz f\u00fcr Zelt, Wohnwagen oder Wohnmobil. Ihr Campingplatz liegt vor den Toren der Gorges de l&#8217;Ard\u00e8che.<\/h2>\n\n\n\n<figure class=\"wp-block-gallery has-nested-images columns-3 is-cropped wp-block-gallery-1 is-layout-flex wp-block-gallery-is-layout-flex\">\n<figure class=\"wp-block-image\"><a href=\"https:\/\/www.suncamping.com\/wp-content\/uploads\/2017\/12\/emplacement-camping-ardeche.jpg\"><img fetchpriority=\"high\" decoding=\"async\" width=\"800\" height=\"600\" data-id=\"562\" src=\"https:\/\/www.suncamping.com\/wp-content\/uploads\/2017\/12\/emplacement-camping-ardeche.jpg\" alt=\"emplacement camping ardeche pour 6 personnes\" class=\"wp-image-562\" srcset=\"https:\/\/www.suncamping.com\/wp-content\/uploads\/2017\/12\/emplacement-camping-ardeche.jpg 800w, https:\/\/www.suncamping.com\/wp-content\/uploads\/2017\/12\/emplacement-camping-ardeche-300x225.jpg 300w, https:\/\/www.suncamping.com\/wp-content\/uploads\/2017\/12\/emplacement-camping-ardeche-768x576.jpg 768w\" sizes=\"(max-width: 800px) 100vw, 800px\" \/><\/a><\/figure>\n\n\n\n<figure class=\"wp-block-image\"><a href=\"https:\/\/www.suncamping.com\/wp-content\/uploads\/2017\/12\/emplacement-sampzon.jpg\"><img decoding=\"async\" width=\"800\" height=\"600\" data-id=\"563\" src=\"https:\/\/www.suncamping.com\/wp-content\/uploads\/2017\/12\/emplacement-sampzon.jpg\" alt=\"emplacement de camping \u00e0 Sampzon\" class=\"wp-image-563\" srcset=\"https:\/\/www.suncamping.com\/wp-content\/uploads\/2017\/12\/emplacement-sampzon.jpg 800w, https:\/\/www.suncamping.com\/wp-content\/uploads\/2017\/12\/emplacement-sampzon-300x225.jpg 300w, https:\/\/www.suncamping.com\/wp-content\/uploads\/2017\/12\/emplacement-sampzon-768x576.jpg 768w\" sizes=\"(max-width: 800px) 100vw, 800px\" \/><\/a><\/figure>\n\n\n\n<figure class=\"wp-block-image\"><a href=\"https:\/\/www.suncamping.com\/wp-content\/uploads\/2017\/12\/sun-camping-sampzon.jpg\"><img decoding=\"async\" width=\"800\" height=\"600\" data-id=\"564\" src=\"https:\/\/www.suncamping.com\/wp-content\/uploads\/2017\/12\/sun-camping-sampzon.jpg\" alt=\"camping tente sampzon\" class=\"wp-image-564\" srcset=\"https:\/\/www.suncamping.com\/wp-content\/uploads\/2017\/12\/sun-camping-sampzon.jpg 800w, https:\/\/www.suncamping.com\/wp-content\/uploads\/2017\/12\/sun-camping-sampzon-300x225.jpg 300w, https:\/\/www.suncamping.com\/wp-content\/uploads\/2017\/12\/sun-camping-sampzon-768x576.jpg 768w\" sizes=\"(max-width: 800px) 100vw, 800px\" \/><\/a><\/figure>\n\n\n\n<figure class=\"wp-block-image\"><a href=\"https:\/\/www.suncamping.com\/wp-content\/uploads\/2017\/12\/sun-camping-ardeche.jpg\"><img loading=\"lazy\" decoding=\"async\" width=\"800\" height=\"600\" data-id=\"565\" src=\"https:\/\/www.suncamping.com\/wp-content\/uploads\/2017\/12\/sun-camping-ardeche.jpg\" alt=\"camping tente caravane sampzon\" class=\"wp-image-565\" srcset=\"https:\/\/www.suncamping.com\/wp-content\/uploads\/2017\/12\/sun-camping-ardeche.jpg 800w, https:\/\/www.suncamping.com\/wp-content\/uploads\/2017\/12\/sun-camping-ardeche-300x225.jpg 300w, https:\/\/www.suncamping.com\/wp-content\/uploads\/2017\/12\/sun-camping-ardeche-768x576.jpg 768w\" sizes=\"(max-width: 800px) 100vw, 800px\" \/><\/a><\/figure>\n\n\n\n<figure class=\"wp-block-image\"><a href=\"https:\/\/www.suncamping.com\/wp-content\/uploads\/2016\/12\/emplacement-camping-ardeche.jpg\"><img loading=\"lazy\" decoding=\"async\" width=\"711\" height=\"533\" data-id=\"162\" src=\"https:\/\/www.suncamping.com\/wp-content\/uploads\/2016\/12\/emplacement-camping-ardeche.jpg\" alt=\"emplacement camping ard\u00e8che\" class=\"wp-image-162\" srcset=\"https:\/\/www.suncamping.com\/wp-content\/uploads\/2016\/12\/emplacement-camping-ardeche.jpg 711w, https:\/\/www.suncamping.com\/wp-content\/uploads\/2016\/12\/emplacement-camping-ardeche-300x225.jpg 300w\" sizes=\"(max-width: 711px) 100vw, 711px\" \/><\/a><\/figure>\n\n\n\n<figure class=\"wp-block-image\"><a href=\"https:\/\/www.suncamping.com\/wp-content\/uploads\/2016\/12\/camping-ruoms.jpg\"><img loading=\"lazy\" decoding=\"async\" width=\"683\" height=\"533\" data-id=\"161\" src=\"https:\/\/www.suncamping.com\/wp-content\/uploads\/2016\/12\/camping-ruoms.jpg\" alt=\"camping proche ruoms\" class=\"wp-image-161\" srcset=\"https:\/\/www.suncamping.com\/wp-content\/uploads\/2016\/12\/camping-ruoms.jpg 683w, https:\/\/www.suncamping.com\/wp-content\/uploads\/2016\/12\/camping-ruoms-300x234.jpg 300w\" sizes=\"(max-width: 683px) 100vw, 683px\" \/><\/a><\/figure>\n\n\n\n<figure class=\"wp-block-image\"><a href=\"https:\/\/www.suncamping.com\/wp-content\/uploads\/2016\/12\/camping-ardeche-ruoms.jpg\"><img loading=\"lazy\" decoding=\"async\" width=\"711\" height=\"533\" data-id=\"160\" src=\"https:\/\/www.suncamping.com\/wp-content\/uploads\/2016\/12\/camping-ardeche-ruoms.jpg\" alt=\"camping ardeche sud ruoms\" class=\"wp-image-160\" srcset=\"https:\/\/www.suncamping.com\/wp-content\/uploads\/2016\/12\/camping-ardeche-ruoms.jpg 711w, https:\/\/www.suncamping.com\/wp-content\/uploads\/2016\/12\/camping-ardeche-ruoms-300x225.jpg 300w\" sizes=\"(max-width: 711px) 100vw, 711px\" \/><\/a><\/figure>\n\n\n\n<figure class=\"wp-block-image\"><a href=\"https:\/\/www.suncamping.com\/wp-content\/uploads\/2016\/12\/camping-ardeche-bord-riviere.jpg\"><img loading=\"lazy\" decoding=\"async\" width=\"800\" height=\"533\" data-id=\"159\" src=\"https:\/\/www.suncamping.com\/wp-content\/uploads\/2016\/12\/camping-ardeche-bord-riviere.jpg\" alt=\"camping adeche\" class=\"wp-image-159\" srcset=\"https:\/\/www.suncamping.com\/wp-content\/uploads\/2016\/12\/camping-ardeche-bord-riviere.jpg 800w, https:\/\/www.suncamping.com\/wp-content\/uploads\/2016\/12\/camping-ardeche-bord-riviere-300x200.jpg 300w, https:\/\/www.suncamping.com\/wp-content\/uploads\/2016\/12\/camping-ardeche-bord-riviere-768x512.jpg 768w\" sizes=\"(max-width: 800px) 100vw, 800px\" \/><\/a><\/figure>\n\n\n\n<figure class=\"wp-block-image\"><a href=\"https:\/\/www.suncamping.com\/wp-content\/uploads\/2016\/12\/camping-ardeche-3-etoiles.jpg\"><img loading=\"lazy\" decoding=\"async\" width=\"711\" height=\"533\" data-id=\"158\" src=\"https:\/\/www.suncamping.com\/wp-content\/uploads\/2016\/12\/camping-ardeche-3-etoiles.jpg\" alt=\"camping ardeche sud 3 \u00e9toiles\" class=\"wp-image-158\" srcset=\"https:\/\/www.suncamping.com\/wp-content\/uploads\/2016\/12\/camping-ardeche-3-etoiles.jpg 711w, https:\/\/www.suncamping.com\/wp-content\/uploads\/2016\/12\/camping-ardeche-3-etoiles-300x225.jpg 300w\" sizes=\"(max-width: 711px) 100vw, 711px\" \/><\/a><\/figure>\n<\/figure>\n\n\n\n<h2 class=\"wp-block-heading\">Ihr Stellplatz in der N\u00e4he von Vallon Pont d&#8217;Arc<\/h2>\n\n\n\n<p>Buchen Sie einen Stellplatz im Herzen der s\u00fcdlichen Ard\u00e8che und erleben Sie das Abenteuer zu zweit, mit der Familie oder mit Freunden. Vom Campingplatz aus haben Sie Zugang zu vielen Wildwasseraktivit\u00e4ten, Spazierg\u00e4ngen oder Wanderungen auf den markierten Wegen der Ard\u00e8che-Schlucht in der N\u00e4he von Vallon Pont d\u2019Arc und Ruoms.<\/p>\n\n\n\n<p>Ihr Stellplatz gibt Ihnen Zugriff auf die gesamte Campingausr\u00fcstung. Nutzen Sie das Schwimmbad mit Planschbecken, entspannen Sie sich auf einem Liegestuhl unter einem Sonnenschirm, nutzen Sie die verschiedenen Freizeiteinrichtungen des Campingplatzes und entdecken Sie den Zauber der Ard\u00e8che.<\/p>\n\n\n\n<p><strong>Stellpl\u00e4tze: Ankunft 14:00 Uhr, Abreise vor 11:00 Uhr<\/strong><\/p>\n\n\n\n<p>AKZEPTIERTE ZAHLUNGEN: Barzahlung, Zahlungsanweisung, Bank- oder Postscheck, Kreditkarte, Visa, Eurocard, Urlaubsschecks, Urlaubsschecks, Bank\u00fcberweisung.<\/p>\n\n\n\n<h3 class=\"wp-block-heading\">Sanit\u00e4rblock<\/h3>\n\n\n\n<figure class=\"wp-block-image\"><img loading=\"lazy\" decoding=\"async\" width=\"1000\" height=\"750\" src=\"https:\/\/www.suncamping.com\/wp-content\/uploads\/2019\/02\/camping-beaux-sanitaires-ardeche.jpg\" alt=\"camping ardeche sanitaires recents\" class=\"wp-image-725\" srcset=\"https:\/\/www.suncamping.com\/wp-content\/uploads\/2019\/02\/camping-beaux-sanitaires-ardeche.jpg 1000w, https:\/\/www.suncamping.com\/wp-content\/uploads\/2019\/02\/camping-beaux-sanitaires-ardeche-300x225.jpg 300w, https:\/\/www.suncamping.com\/wp-content\/uploads\/2019\/02\/camping-beaux-sanitaires-ardeche-768x576.jpg 768w\" sizes=\"(max-width: 1000px) 100vw, 1000px\" \/><\/figure>\n\n\n\n<p><em>Wenn Sie den Komfort einer Freizeitunterkunft im Mobilheim- oder Bungalow-Stil bevorzugen: klicken Sie hier<\/em><\/p>\n","protected":false},"excerpt":{"rendered":"<p>Campingplatz Ard\u00e8che 3 Sterne Ihr Stellplatz in der Ard\u00e8che auf einem 3-Sterne-Campingplatz mit beheiztem Schwimmbad am 150 Meter entfernten Fluss. Buchen Sie einen schattigen Stellplatz f\u00fcr Zelt, Wohnwagen oder Wohnmobil. Ihr Campingplatz liegt vor den Toren der Gorges de l&#8217;Ard\u00e8che. Ihr Stellplatz in der N\u00e4he von Vallon Pont d&#8217;Arc Buchen Sie einen Stellplatz im Herzen der s\u00fcdlichen Ard\u00e8che und erleben Sie das Abenteuer zu zweit, mit der Familie oder mit Freunden. Vom Campingplatz aus haben Sie Zugang zu vielen Wildwasseraktivit\u00e4ten, Spazierg\u00e4ngen oder Wanderungen auf den markierten Wegen der Ard\u00e8che-Schlucht in der N\u00e4he von Vallon Pont d\u2019Arc und Ruoms. Ihr Stellplatz gibt Ihnen Zugriff auf die gesamte Campingausr\u00fcstung. Nutzen Sie das Schwimmbad mit Planschbecken, entspannen Sie sich auf einem Liegestuhl unter einem Sonnenschirm, nutzen Sie die verschiedenen Freizeiteinrichtungen des Campingplatzes und entdecken Sie den Zauber der Ard\u00e8che. Stellpl\u00e4tze: Ankunft 14:00 Uhr, Abreise vor 11:00 Uhr AKZEPTIERTE ZAHLUNGEN: Barzahlung, Zahlungsanweisung, Bank- oder Postscheck, Kreditkarte, Visa, Eurocard, Urlaubsschecks, Urlaubsschecks, Bank\u00fcberweisung. Sanit\u00e4rblock Wenn Sie den Komfort einer Freizeitunterkunft im Mobilheim- oder Bungalow-Stil bevorzugen: klicken Sie hier<\/p>\n","protected":false},"author":2,"featured_media":0,"parent":0,"menu_order":0,"comment_status":"closed","ping_status":"closed","template":"custom-index-sidebar.php","meta":{"footnotes":""},"class_list":["post-2058","page","type-page","status-publish","hentry"],"yoast_head":"<!-- This site is optimized with the Yoast SEO plugin v27.5 - https:\/\/yoast.com\/product\/yoast-seo-wordpress\/ -->\n<title>Emplacement de camping en Ard\u00e8che Sud - Vallon Pont d&#039;Arc Ruoms | Le SUN<\/title>\n<meta name=\"description\" content=\"Votre emplacement de camping en Ard\u00e8che pour visiter les gorges \u00e0 partir de Ruoms et du vallon Pont d&#039;Arc. Camping 3 \u00e9toiles avec piscine en Ard\u00e8che.\" \/>\n<meta name=\"robots\" content=\"index, follow, max-snippet:-1, max-image-preview:large, max-video-preview:-1\" \/>\n<link rel=\"canonical\" href=\"https:\/\/www.suncamping.com\/de\/camping\/\" \/>\n<meta property=\"og:locale\" content=\"de_DE\" \/>\n<meta property=\"og:type\" content=\"article\" \/>\n<meta property=\"og:title\" content=\"Emplacement de camping en Ard\u00e8che Sud - Vallon Pont d&#039;Arc Ruoms | Le SUN\" \/>\n<meta property=\"og:description\" content=\"Votre emplacement de camping en Ard\u00e8che pour visiter les gorges \u00e0 partir de Ruoms et du vallon Pont d&#039;Arc. Camping 3 \u00e9toiles avec piscine en Ard\u00e8che.\" \/>\n<meta property=\"og:url\" content=\"https:\/\/www.suncamping.com\/de\/camping\/\" \/>\n<meta property=\"og:site_name\" content=\"Sun Camping\" \/>\n<meta property=\"article:modified_time\" content=\"2023-02-20T14:42:04+00:00\" \/>\n<meta property=\"og:image\" content=\"https:\/\/www.suncamping.com\/wp-content\/uploads\/2017\/12\/emplacement-camping-ardeche.jpg\" \/>\n<meta name=\"twitter:card\" content=\"summary_large_image\" \/>\n<meta name=\"twitter:label1\" content=\"Gesch\u00e4tzte Lesezeit\" \/>\n\t<meta name=\"twitter:data1\" content=\"3\u00a0Minuten\" \/>\n<script type=\"application\/ld+json\" class=\"yoast-schema-graph\">{\"@context\":\"https:\\\/\\\/schema.org\",\"@graph\":[{\"@type\":\"WebPage\",\"@id\":\"https:\\\/\\\/www.suncamping.com\\\/de\\\/camping\\\/\",\"url\":\"https:\\\/\\\/www.suncamping.com\\\/de\\\/camping\\\/\",\"name\":\"Emplacement de camping en Ard\u00e8che Sud - Vallon Pont d'Arc Ruoms | Le SUN\",\"isPartOf\":{\"@id\":\"https:\\\/\\\/www.suncamping.com\\\/#website\"},\"primaryImageOfPage\":{\"@id\":\"https:\\\/\\\/www.suncamping.com\\\/de\\\/camping\\\/#primaryimage\"},\"image\":{\"@id\":\"https:\\\/\\\/www.suncamping.com\\\/de\\\/camping\\\/#primaryimage\"},\"thumbnailUrl\":\"https:\\\/\\\/www.suncamping.com\\\/wp-content\\\/uploads\\\/2017\\\/12\\\/emplacement-camping-ardeche.jpg\",\"datePublished\":\"2016-12-10T09:33:24+00:00\",\"dateModified\":\"2023-02-20T14:42:04+00:00\",\"description\":\"Votre emplacement de camping en Ard\u00e8che pour visiter les gorges \u00e0 partir de Ruoms et du vallon Pont d'Arc. Camping 3 \u00e9toiles avec piscine en Ard\u00e8che.\",\"breadcrumb\":{\"@id\":\"https:\\\/\\\/www.suncamping.com\\\/de\\\/camping\\\/#breadcrumb\"},\"inLanguage\":\"de\",\"potentialAction\":[{\"@type\":\"ReadAction\",\"target\":[\"https:\\\/\\\/www.suncamping.com\\\/de\\\/camping\\\/\"]}]},{\"@type\":\"ImageObject\",\"inLanguage\":\"de\",\"@id\":\"https:\\\/\\\/www.suncamping.com\\\/de\\\/camping\\\/#primaryimage\",\"url\":\"https:\\\/\\\/www.suncamping.com\\\/wp-content\\\/uploads\\\/2017\\\/12\\\/emplacement-camping-ardeche.jpg\",\"contentUrl\":\"https:\\\/\\\/www.suncamping.com\\\/wp-content\\\/uploads\\\/2017\\\/12\\\/emplacement-camping-ardeche.jpg\"},{\"@type\":\"BreadcrumbList\",\"@id\":\"https:\\\/\\\/www.suncamping.com\\\/de\\\/camping\\\/#breadcrumb\",\"itemListElement\":[{\"@type\":\"ListItem\",\"position\":1,\"name\":\"Accueil\",\"item\":\"https:\\\/\\\/www.suncamping.com\\\/de\\\/\"},{\"@type\":\"ListItem\",\"position\":2,\"name\":\"Campinplatz\"}]},{\"@type\":\"WebSite\",\"@id\":\"https:\\\/\\\/www.suncamping.com\\\/#website\",\"url\":\"https:\\\/\\\/www.suncamping.com\\\/\",\"name\":\"Sun Camping\",\"description\":\"\",\"potentialAction\":[{\"@type\":\"SearchAction\",\"target\":{\"@type\":\"EntryPoint\",\"urlTemplate\":\"https:\\\/\\\/www.suncamping.com\\\/?s={search_term_string}\"},\"query-input\":{\"@type\":\"PropertyValueSpecification\",\"valueRequired\":true,\"valueName\":\"search_term_string\"}}],\"inLanguage\":\"de\"}]}<\/script>\n<!-- \/ Yoast SEO plugin. -->","yoast_head_json":{"title":"Emplacement de camping en Ard\u00e8che Sud - Vallon Pont d'Arc Ruoms | Le SUN","description":"Votre emplacement de camping en Ard\u00e8che pour visiter les gorges \u00e0 partir de Ruoms et du vallon Pont d'Arc. Camping 3 \u00e9toiles avec piscine en Ard\u00e8che.","robots":{"index":"index","follow":"follow","max-snippet":"max-snippet:-1","max-image-preview":"max-image-preview:large","max-video-preview":"max-video-preview:-1"},"canonical":"https:\/\/www.suncamping.com\/de\/camping\/","og_locale":"de_DE","og_type":"article","og_title":"Emplacement de camping en Ard\u00e8che Sud - Vallon Pont d'Arc Ruoms | Le SUN","og_description":"Votre emplacement de camping en Ard\u00e8che pour visiter les gorges \u00e0 partir de Ruoms et du vallon Pont d'Arc. Camping 3 \u00e9toiles avec piscine en Ard\u00e8che.","og_url":"https:\/\/www.suncamping.com\/de\/camping\/","og_site_name":"Sun Camping","article_modified_time":"2023-02-20T14:42:04+00:00","og_image":[{"url":"https:\/\/www.suncamping.com\/wp-content\/uploads\/2017\/12\/emplacement-camping-ardeche.jpg","type":"","width":"","height":""}],"twitter_card":"summary_large_image","twitter_misc":{"Gesch\u00e4tzte Lesezeit":"3\u00a0Minuten"},"schema":{"@context":"https:\/\/schema.org","@graph":[{"@type":"WebPage","@id":"https:\/\/www.suncamping.com\/de\/camping\/","url":"https:\/\/www.suncamping.com\/de\/camping\/","name":"Emplacement de camping en Ard\u00e8che Sud - Vallon Pont d'Arc Ruoms | Le SUN","isPartOf":{"@id":"https:\/\/www.suncamping.com\/#website"},"primaryImageOfPage":{"@id":"https:\/\/www.suncamping.com\/de\/camping\/#primaryimage"},"image":{"@id":"https:\/\/www.suncamping.com\/de\/camping\/#primaryimage"},"thumbnailUrl":"https:\/\/www.suncamping.com\/wp-content\/uploads\/2017\/12\/emplacement-camping-ardeche.jpg","datePublished":"2016-12-10T09:33:24+00:00","dateModified":"2023-02-20T14:42:04+00:00","description":"Votre emplacement de camping en Ard\u00e8che pour visiter les gorges \u00e0 partir de Ruoms et du vallon Pont d'Arc. Camping 3 \u00e9toiles avec piscine en Ard\u00e8che.","breadcrumb":{"@id":"https:\/\/www.suncamping.com\/de\/camping\/#breadcrumb"},"inLanguage":"de","potentialAction":[{"@type":"ReadAction","target":["https:\/\/www.suncamping.com\/de\/camping\/"]}]},{"@type":"ImageObject","inLanguage":"de","@id":"https:\/\/www.suncamping.com\/de\/camping\/#primaryimage","url":"https:\/\/www.suncamping.com\/wp-content\/uploads\/2017\/12\/emplacement-camping-ardeche.jpg","contentUrl":"https:\/\/www.suncamping.com\/wp-content\/uploads\/2017\/12\/emplacement-camping-ardeche.jpg"},{"@type":"BreadcrumbList","@id":"https:\/\/www.suncamping.com\/de\/camping\/#breadcrumb","itemListElement":[{"@type":"ListItem","position":1,"name":"Accueil","item":"https:\/\/www.suncamping.com\/de\/"},{"@type":"ListItem","position":2,"name":"Campinplatz"}]},{"@type":"WebSite","@id":"https:\/\/www.suncamping.com\/#website","url":"https:\/\/www.suncamping.com\/","name":"Sun Camping","description":"","potentialAction":[{"@type":"SearchAction","target":{"@type":"EntryPoint","urlTemplate":"https:\/\/www.suncamping.com\/?s={search_term_string}"},"query-input":{"@type":"PropertyValueSpecification","valueRequired":true,"valueName":"search_term_string"}}],"inLanguage":"de"}]}},"_links":{"self":[{"href":"https:\/\/www.suncamping.com\/de\/wp-json\/wp\/v2\/pages\/2058","targetHints":{"allow":["GET"]}}],"collection":[{"href":"https:\/\/www.suncamping.com\/de\/wp-json\/wp\/v2\/pages"}],"about":[{"href":"https:\/\/www.suncamping.com\/de\/wp-json\/wp\/v2\/types\/page"}],"author":[{"embeddable":true,"href":"https:\/\/www.suncamping.com\/de\/wp-json\/wp\/v2\/users\/2"}],"replies":[{"embeddable":true,"href":"https:\/\/www.suncamping.com\/de\/wp-json\/wp\/v2\/comments?post=2058"}],"version-history":[{"count":0,"href":"https:\/\/www.suncamping.com\/de\/wp-json\/wp\/v2\/pages\/2058\/revisions"}],"wp:attachment":[{"href":"https:\/\/www.suncamping.com\/de\/wp-json\/wp\/v2\/media?parent=2058"}],"curies":[{"name":"wp","href":"https:\/\/api.w.org\/{rel}","templated":true}]}}